{"id":1243,"date":"2021-09-20T10:31:08","date_gmt":"2021-09-20T07:31:08","guid":{"rendered":"http:\/\/doktorsiteleri.com\/doktorsiteleridemolari\/?page_id=1243"},"modified":"2021-09-20T10:48:37","modified_gmt":"2021-09-20T07:48:37","slug":"iletisim-2-in-dr-2","status":"publish","type":"page","link":"https:\/\/doktorsiteleri.com\/doktorsiteleridemolari\/iletisim-2-in-dr-2\/","title":{"rendered":"\u0130leti\u015fim 2 &#8211; IN-DR-2"},"content":{"rendered":"<section class=\"vc_section vc_custom_1632123479179\"><div class=\"vc_row wpb_row vc_row-fluid\"><div class=\"wpb_column vc_column_container vc_col-sm-6\"><div class=\"vc_column-inner\"><div class=\"wpb_wrapper\">\n\t<div class=\"wpb_text_column wpb_content_element\" >\n\t\t<div class=\"wpb_wrapper\">\n\t\t\t<h3 style=\"text-align: left;\">\u0130leti\u015fim<\/h3>\n<hr class=\"iletisim-2-cizik\" \/>\n<p>T\u00fcm istek, \u00f6neri ve \u015fikayetleriniz i\u00e7in bizimle ileti\u015fime ge\u00e7ebilirsiniz.<\/p>\n\n\t\t<\/div>\n\t<\/div>\n<\/div><\/div><\/div><div class=\"wpb_column vc_column_container vc_col-sm-6\"><div class=\"vc_column-inner\"><div class=\"wpb_wrapper\"><\/div><\/div><\/div><\/div><div class=\"vc_row wpb_row vc_row-fluid\"><div class=\"wpb_column vc_column_container vc_col-sm-4\"><div class=\"vc_column-inner\"><div class=\"wpb_wrapper\"><div id=\"ts-vcsc-box-icon-4923741\" class=\"ts-vcsc-box-icon icon_top-style ts-box-icon \"  style=\"margin-bottom:0px; margin-top:0px;\"><div class=\"ts-css-shadow  \" style=\"background-color: #ffffff;\"><div class=\"ts-icon-box-inner top-side   \" style=\" padding: 10px 10px 10px 10px; \"><i style=\"margin: 0 auto 10px auto; float: none;; color:#c14d6e;padding: 5px 5px; background-color:; width: 36px; height: 36px; font-size: 36px; line-height: 36px; \" class=\"ts-box-icon-title-icon fas fa-map-marked-alt ts-main-ico ts-font-icon  \"><\/i><div class=\"box-detail-wrapper\" style=\"clear: both;\"><h3 class=\"ts-box-icon-title\" style=\"width: auto !important; color:#000000; font-size:20px; font-weight:inherit; margin-bottom: 10px; text-align:center; \">Adres<\/h3><div class=\"ts-icon-box-content\" style=\"margin-top: 10px; font-size: 14px; line-height: 14px; \"><p style=\"text-align: center;\">Katip Salih Sokak, No : 9 Ko\u015fuyolu Mahallesi<br \/>\nKad\u0131k\u00f6y \/ \u0130stanbul<\/p>\n<\/div><\/div><\/div><div class=\"clearboth\"><\/div><\/div><\/div><\/div><\/div><\/div><div class=\"wpb_column vc_column_container vc_col-sm-4\"><div class=\"vc_column-inner\"><div class=\"wpb_wrapper\"><div id=\"ts-vcsc-box-icon-1173481\" class=\"ts-vcsc-box-icon icon_top-style ts-box-icon \"  style=\"margin-bottom:0px; margin-top:0px;\"><div class=\"ts-css-shadow  \" style=\"background-color: #ffffff;\"><div class=\"ts-icon-box-inner top-side   \" style=\" padding: 10px 10px 10px 10px; \"><i style=\"margin: 0 auto 10px auto; float: none;; color:#c14d6e;padding: 5px 5px; background-color:; width: 36px; height: 36px; font-size: 36px; line-height: 36px; \" class=\"ts-box-icon-title-icon fas fa-phone-volume ts-main-ico ts-font-icon  \"><\/i><div class=\"box-detail-wrapper\" style=\"clear: both;\"><h3 class=\"ts-box-icon-title\" style=\"width: auto !important; color:#000000; font-size:20px; font-weight:inherit; margin-bottom: 10px; text-align:center; \">Telefon<\/h3><div class=\"ts-icon-box-content\" style=\"margin-top: 10px; font-size: 14px; line-height: 14px; \"><p style=\"text-align: center;\">(+9)000 000 00 00<\/p>\n<\/div><\/div><\/div><div class=\"clearboth\"><\/div><\/div><\/div><\/div><\/div><\/div><div class=\"wpb_column vc_column_container vc_col-sm-4\"><div class=\"vc_column-inner\"><div class=\"wpb_wrapper\"><div id=\"ts-vcsc-box-icon-6480815\" class=\"ts-vcsc-box-icon icon_top-style ts-box-icon \"  style=\"margin-bottom:0px; margin-top:0px;\"><div class=\"ts-css-shadow  \" style=\"background-color: #ffffff;\"><div class=\"ts-icon-box-inner top-side   \" style=\" padding: 10px 10px 10px 10px; \"><i style=\"margin: 0 auto 10px auto; float: none;; color:#c14d6e;padding: 5px 5px; background-color:; width: 36px; height: 36px; font-size: 36px; line-height: 36px; \" class=\"ts-box-icon-title-icon fas fa-envelope ts-main-ico ts-font-icon  \"><\/i><div class=\"box-detail-wrapper\" style=\"clear: both;\"><h3 class=\"ts-box-icon-title\" style=\"width: auto !important; color:#000000; font-size:20px; font-weight:inherit; margin-bottom: 10px; text-align:center; \">Mail<\/h3><div class=\"ts-icon-box-content\" style=\"margin-top: 10px; font-size: 14px; line-height: 14px; \"><p style=\"text-align: center;\">info@inolyzer.com<\/p>\n<\/div><\/div><\/div><div class=\"clearboth\"><\/div><\/div><\/div><\/div><\/div><\/div><\/div><div class=\"vc_row wpb_row vc_row-fluid\"><div class=\"wpb_column vc_column_container vc_col-sm-6\"><div class=\"vc_column-inner\"><div class=\"wpb_wrapper\">\n\t<div  class=\"wpb_single_image wpb_content_element vc_align_left\">\n\t\t\n\t\t<figure class=\"wpb_wrapper vc_figure\">\n\t\t\t<div class=\"vc_single_image-wrapper   vc_box_border_grey\"><img loading=\"lazy\" decoding=\"async\" width=\"700\" height=\"560\" src=\"https:\/\/doktorsiteleri.com\/doktorsiteleridemolari\/wp-content\/uploads\/2021\/09\/iletisim-2-in-dr-1-1.jpg\" class=\"vc_single_image-img attachment-full\" alt=\"\" srcset=\"https:\/\/doktorsiteleri.com\/doktorsiteleridemolari\/wp-content\/uploads\/2021\/09\/iletisim-2-in-dr-1-1.jpg 700w, https:\/\/doktorsiteleri.com\/doktorsiteleridemolari\/wp-content\/uploads\/2021\/09\/iletisim-2-in-dr-1-1-300x240.jpg 300w\" sizes=\"auto, (max-width: 700px) 100vw, 700px\" \/><\/div>\n\t\t<\/figure>\n\t<\/div>\n<\/div><\/div><\/div><div class=\"wpb_column vc_column_container vc_col-sm-6\"><div class=\"vc_column-inner\"><div class=\"wpb_wrapper\"><div role=\"form\" class=\"wpcf7\" id=\"wpcf7-f1254-o1\" lang=\"tr-TR\" dir=\"ltr\">\n<div class=\"screen-reader-response\"><p role=\"status\" aria-live=\"polite\" aria-atomic=\"true\"><\/p> <ul><\/ul><\/div>\n<form action=\"\/doktorsiteleridemolari\/wp-json\/wp\/v2\/pages\/1243#wpcf7-f1254-o1\" method=\"post\" class=\"wpcf7-form init\" novalidate=\"novalidate\" data-status=\"init\">\n<div style=\"display: none;\">\n<input type=\"hidden\" name=\"_wpcf7\" value=\"1254\" \/>\n<input type=\"hidden\" name=\"_wpcf7_version\" value=\"5.5.6\" \/>\n<input type=\"hidden\" name=\"_wpcf7_locale\" value=\"tr_TR\" \/>\n<input type=\"hidden\" name=\"_wpcf7_unit_tag\" value=\"wpcf7-f1254-o1\" \/>\n<input type=\"hidden\" name=\"_wpcf7_container_post\" value=\"0\" \/>\n<input type=\"hidden\" name=\"_wpcf7_posted_data_hash\" value=\"\" \/>\n<\/div>\n<div class=\"iletisim2-iletisimform\"><label><br \/>\n    <span class=\"wpcf7-form-control-wrap your-name\"><input type=\"text\" name=\"your-name\" value=\"\" size=\"40\" class=\"wpcf7-form-control wpcf7-text wpcf7-validates-as-required\" aria-required=\"true\" aria-invalid=\"false\" placeholder=\"Ad - Soyad\" \/><\/span> <\/label><\/div>\n<div class=\"iletisim2-iletisimform\"><label><br \/>\n    <span class=\"wpcf7-form-control-wrap your-email\"><input type=\"email\" name=\"your-email\" value=\"\" size=\"40\" class=\"wpcf7-form-control wpcf7-text wpcf7-email wpcf7-validates-as-required wpcf7-validates-as-email\" aria-required=\"true\" aria-invalid=\"false\" placeholder=\"E-Mail\" \/><\/span> <\/label><\/div>\n<div class=\"iletisim2-iletisimform\"><label><br \/>\n    <span class=\"wpcf7-form-control-wrap konu\"><select name=\"konu\" class=\"wpcf7-form-control wpcf7-select\" aria-invalid=\"false\"><option value=\"\u0130stek\">\u0130stek<\/option><option value=\"\u00d6neri\">\u00d6neri<\/option><option value=\"\u015eikayet\">\u015eikayet<\/option><\/select><\/span><\/label><\/div>\n<div class=\"iletisim2-iletisimform\"><label><br \/>\n    <span class=\"wpcf7-form-control-wrap your-message\"><textarea name=\"your-message\" cols=\"40\" rows=\"10\" class=\"wpcf7-form-control wpcf7-textarea\" aria-invalid=\"false\" placeholder=\"Mesaj\u0131n\u0131z\"><\/textarea><\/span> <\/label>\n<\/div>\n<p><input type=\"submit\" value=\"G\u00f6nder\" class=\"wpcf7-form-control has-spinner wpcf7-submit iletisim2-btn-form\" \/><\/p>\n<div class=\"wpcf7-response-output\" aria-hidden=\"true\"><\/div><\/form><\/div><\/div><\/div><\/div><\/div><\/section>\n","protected":false},"excerpt":{"rendered":"\u0130leti\u015fim T\u00fcm istek, \u00f6neri ve \u015fikayetleriniz i\u00e7in bizimle ileti\u015fime ge\u00e7ebilirsiniz. AdresKatip Salih Sokak, No : 9 Ko\u015fuyolu Mahallesi Kad\u0131k\u00f6y \/","protected":false},"author":1,"featured_media":0,"parent":0,"menu_order":0,"comment_status":"closed","ping_status":"closed","template":"","meta":{"footnotes":""},"class_list":["post-1243","page","type-page","status-publish","hentry"],"_links":{"self":[{"href":"https:\/\/doktorsiteleri.com\/doktorsiteleridemolari\/wp-json\/wp\/v2\/pages\/1243","targetHints":{"allow":["GET"]}}],"collection":[{"href":"https:\/\/doktorsiteleri.com\/doktorsiteleridemolari\/wp-json\/wp\/v2\/pages"}],"about":[{"href":"https:\/\/doktorsiteleri.com\/doktorsiteleridemolari\/wp-json\/wp\/v2\/types\/page"}],"author":[{"embeddable":true,"href":"https:\/\/doktorsiteleri.com\/doktorsiteleridemolari\/wp-json\/wp\/v2\/users\/1"}],"replies":[{"embeddable":true,"href":"https:\/\/doktorsiteleri.com\/doktorsiteleridemolari\/wp-json\/wp\/v2\/comments?post=1243"}],"version-history":[{"count":0,"href":"https:\/\/doktorsiteleri.com\/doktorsiteleridemolari\/wp-json\/wp\/v2\/pages\/1243\/revisions"}],"wp:attachment":[{"href":"https:\/\/doktorsiteleri.com\/doktorsiteleridemolari\/wp-json\/wp\/v2\/media?parent=1243"}],"curies":[{"name":"wp","href":"https:\/\/api.w.org\/{rel}","templated":true}]}}