{"id":1260,"date":"2021-09-20T10:55:46","date_gmt":"2021-09-20T07:55:46","guid":{"rendered":"http:\/\/doktorsiteleri.com\/doktorsiteleridemolari\/?page_id=1260"},"modified":"2021-09-20T11:38:01","modified_gmt":"2021-09-20T08:38:01","slug":"iletisim-3-in-dr-3","status":"publish","type":"page","link":"https:\/\/doktorsiteleri.com\/doktorsiteleridemolari\/iletisim-3-in-dr-3\/","title":{"rendered":"\u0130leti\u015fim 3 &#8211; IN-DR-3"},"content":{"rendered":"<section class=\"vc_section vc_custom_1632125087192\"><div class=\"vc_row wpb_row vc_row-fluid\"><div class=\"wpb_column vc_column_container vc_col-sm-12\"><div class=\"vc_column-inner\"><div class=\"wpb_wrapper\">\n\t<div class=\"wpb_text_column wpb_content_element\" >\n\t\t<div class=\"wpb_wrapper\">\n\t\t\t<h1 style=\"text-align: center;\">Bize Ula\u015f\u0131n<\/h1>\n<p style=\"text-align: center;\">T\u00fcm istek, \u00f6neri ve \u015fikayetleriniz i\u00e7in bizimle ileti\u015fime ge\u00e7ebilirsiniz.<\/p>\n\n\t\t<\/div>\n\t<\/div>\n<\/div><\/div><\/div><\/div><\/section><section data-vc-full-width=\"true\" data-vc-full-width-init=\"false\" data-vc-parallax=\"1.5\" data-vc-parallax-image=\"https:\/\/doktorsiteleri.com\/doktorsiteleridemolari\/wp-content\/uploads\/2021\/09\/iletisim-3-hospita-bg-1.jpg\" class=\"vc_section vc_section-has-fill vc_row-o-full-height vc_general vc_parallax vc_parallax-content-moving\"><div class=\"vc_row wpb_row vc_row-fluid\"><div class=\"wpb_column vc_column_container vc_col-sm-12\"><div class=\"vc_column-inner\"><div class=\"wpb_wrapper\"><div class=\"vc_empty_space\"   style=\"height: 60px\"><span class=\"vc_empty_space_inner\"><\/span><\/div><\/div><\/div><\/div><\/div><div class=\"vc_row wpb_row vc_row-fluid\"><div class=\"wpb_column vc_column_container vc_col-sm-6\"><div class=\"vc_column-inner\"><div class=\"wpb_wrapper\"><div class=\"vc_row wpb_row vc_inner vc_row-fluid vc_custom_1632125486145\"><div class=\"wpb_column vc_column_container vc_col-sm-6\"><div class=\"vc_column-inner\"><div class=\"wpb_wrapper\"><div id=\"ts-vcsc-box-icon-3707151\" class=\"ts-vcsc-box-icon iletisim3-ikonlar icon_top-style ts-box-icon \"  style=\"margin-bottom:0px; margin-top:0px;\"><div class=\"ts-css-shadow  \" style=\"background-color: #ffffff;\"><div class=\"ts-icon-box-inner top-side   \" style=\" padding: 10px 10px 10px 10px; \"><i style=\"margin: 0 auto 10px auto; float: none;; color:#27abb7;padding: 5px 5px; background-color:; width: 36px; height: 36px; font-size: 36px; line-height: 36px; \" class=\"ts-box-icon-title-icon fas fa-map-marked-alt ts-main-ico ts-font-icon  \"><\/i><div class=\"box-detail-wrapper\" style=\"clear: both;\"><h3 class=\"ts-box-icon-title\" style=\"width: auto !important; color:#000000; font-size:20px; font-weight:inherit; margin-bottom: 10px; text-align:center; \">Adres<\/h3><div class=\"ts-icon-box-content\" style=\"margin-top: 10px; font-size: 14px; line-height: 14px; \"><p style=\"text-align: center;\">Katip Salih Sokak, No : 9 Ko\u015fuyolu Mahallesi<br \/>\nKad\u0131k\u00f6y \/ \u0130stanbul<\/p>\n<\/div><\/div><\/div><div class=\"clearboth\"><\/div><\/div><\/div><\/div><\/div><\/div><div class=\"wpb_column vc_column_container vc_col-sm-6\"><div class=\"vc_column-inner\"><div class=\"wpb_wrapper\"><div id=\"ts-vcsc-box-icon-6454628\" class=\"ts-vcsc-box-icon iletisim3-ikonlar icon_top-style ts-box-icon \"  style=\"margin-bottom:0px; margin-top:0px;\"><div class=\"ts-css-shadow  \" style=\"background-color: #ffffff;\"><div class=\"ts-icon-box-inner top-side   \" style=\" padding: 10px 10px 10px 10px; \"><i style=\"margin: 0 auto 10px auto; float: none;; color:#27abb7;padding: 5px 5px; background-color:; width: 36px; height: 36px; font-size: 36px; line-height: 36px; \" class=\"ts-box-icon-title-icon fas fa-phone-volume ts-main-ico ts-font-icon  \"><\/i><div class=\"box-detail-wrapper\" style=\"clear: both;\"><h3 class=\"ts-box-icon-title\" style=\"width: auto !important; color:#000000; font-size:20px; font-weight:inherit; margin-bottom: 10px; text-align:center; \">Telefon<\/h3><div class=\"ts-icon-box-content\" style=\"margin-top: 10px; font-size: 14px; line-height: 14px; \"><p style=\"text-align: center;\">(+9)000 000 00 00<\/p>\n<\/div><\/div><\/div><div class=\"clearboth\"><\/div><\/div><\/div><\/div><\/div><\/div><\/div><div class=\"vc_row wpb_row vc_inner vc_row-fluid\"><div class=\"wpb_column vc_column_container vc_col-sm-6\"><div class=\"vc_column-inner\"><div class=\"wpb_wrapper\"><div id=\"ts-vcsc-box-icon-2706177\" class=\"ts-vcsc-box-icon iletisim3-ikonlar icon_top-style ts-box-icon \"  style=\"margin-bottom:0px; margin-top:0px;\"><div class=\"ts-css-shadow  \" style=\"background-color: #ffffff;\"><div class=\"ts-icon-box-inner top-side   \" style=\" padding: 10px 10px 10px 10px; \"><i style=\"margin: 0 auto 10px auto; float: none;; color:#27abb7;padding: 5px 5px; background-color:; width: 36px; height: 36px; font-size: 36px; line-height: 36px; \" class=\"ts-box-icon-title-icon fas fa-envelope ts-main-ico ts-font-icon  \"><\/i><div class=\"box-detail-wrapper\" style=\"clear: both;\"><h3 class=\"ts-box-icon-title\" style=\"width: auto !important; color:#000000; font-size:20px; font-weight:inherit; margin-bottom: 10px; text-align:center; \">Mail<\/h3><div class=\"ts-icon-box-content\" style=\"margin-top: 10px; font-size: 14px; line-height: 14px; \"><p style=\"text-align: center;\">info@inolyzer.com<\/p>\n<\/div><\/div><\/div><div class=\"clearboth\"><\/div><\/div><\/div><\/div><\/div><\/div><div class=\"wpb_column vc_column_container vc_col-sm-6\"><div class=\"vc_column-inner\"><div class=\"wpb_wrapper\"><div id=\"ts-vcsc-box-icon-3054634\" class=\"ts-vcsc-box-icon iletisim3-ikonlar icon_top-style ts-box-icon \"  style=\"margin-bottom:0px; margin-top:0px;\"><div class=\"ts-css-shadow  \" style=\"background-color: #ffffff;\"><div class=\"ts-icon-box-inner top-side   \" style=\" padding: 10px 10px 10px 10px; \"><i style=\"margin: 0 auto 10px auto; float: none;; color:#27abb7;padding: 5px 5px; background-color:; width: 36px; height: 36px; font-size: 36px; line-height: 36px; \" class=\"ts-box-icon-title-icon fas fa-hdd ts-main-ico ts-font-icon  \"><\/i><div class=\"box-detail-wrapper\" style=\"clear: both;\"><h3 class=\"ts-box-icon-title\" style=\"width: auto !important; color:#000000; font-size:20px; font-weight:inherit; margin-bottom: 10px; text-align:center; \">Fax<\/h3><div class=\"ts-icon-box-content\" style=\"margin-top: 10px; font-size: 14px; line-height: 14px; \"><p style=\"text-align: center;\">0000 000 00 00<\/p>\n<\/div><\/div><\/div><div class=\"clearboth\"><\/div><\/div><\/div><\/div><\/div><\/div><\/div><div class=\"vc_row wpb_row vc_inner vc_row-fluid vc_custom_1632126826227\"><div class=\"wpb_column vc_column_container vc_col-sm-12\"><div class=\"vc_column-inner\"><div class=\"wpb_wrapper\">\t\t\t<link rel=\"stylesheet\" id=\"wd-mfp-popup-css\" href=\"https:\/\/doktorsiteleri.com\/doktorsiteleridemolari\/wp-content\/themes\/Woodmart\/css\/parts\/lib-magnific-popup.min.css?ver=6.1.4\" type=\"text\/css\" media=\"all\" \/> \t\t\t<div id=\"wd-6148480c67890\" class=\"wd-button-wrapper woodmart-button-wrapper text-center\"><a href=\"#my_popup\" title=\"\" class=\"btn btn-scheme-dark btn-scheme-hover-light btn-style-default btn-shape-rectangle btn-size-default wd-open-popup iletisim-3-popup btn-icon-pos-left\">Mesaj G\u00f6nder<span class=\"wd-btn-icon\"><span class=\"wd-icon far fa-paper-plane\"><\/span><\/span><\/a><\/div><div id=\"my_popup\" class=\"mfp-with-anim wd-popup mfp-hide woodmart-content-popup\" style=\"max-width:480px;\"><div class=\"wd-popup-inner\"><div role=\"form\" class=\"wpcf7\" id=\"wpcf7-f1254-o1\" lang=\"tr-TR\" dir=\"ltr\">\n<div class=\"screen-reader-response\"><p role=\"status\" aria-live=\"polite\" aria-atomic=\"true\"><\/p> <ul><\/ul><\/div>\n<form action=\"\/doktorsiteleridemolari\/wp-json\/wp\/v2\/pages\/1260#wpcf7-f1254-o1\" method=\"post\" class=\"wpcf7-form init\" novalidate=\"novalidate\" data-status=\"init\">\n<div style=\"display: none;\">\n<input type=\"hidden\" name=\"_wpcf7\" value=\"1254\" \/>\n<input type=\"hidden\" name=\"_wpcf7_version\" value=\"5.5.6\" \/>\n<input type=\"hidden\" name=\"_wpcf7_locale\" value=\"tr_TR\" \/>\n<input type=\"hidden\" name=\"_wpcf7_unit_tag\" value=\"wpcf7-f1254-o1\" \/>\n<input type=\"hidden\" name=\"_wpcf7_container_post\" value=\"0\" \/>\n<input type=\"hidden\" name=\"_wpcf7_posted_data_hash\" value=\"\" \/>\n<\/div>\n<div class=\"iletisim2-iletisimform\"><label><br \/>\n    <span class=\"wpcf7-form-control-wrap your-name\"><input type=\"text\" name=\"your-name\" value=\"\" size=\"40\" class=\"wpcf7-form-control wpcf7-text wpcf7-validates-as-required\" aria-required=\"true\" aria-invalid=\"false\" placeholder=\"Ad - Soyad\" \/><\/span> <\/label><\/div>\n<div class=\"iletisim2-iletisimform\"><label><br \/>\n    <span class=\"wpcf7-form-control-wrap your-email\"><input type=\"email\" name=\"your-email\" value=\"\" size=\"40\" class=\"wpcf7-form-control wpcf7-text wpcf7-email wpcf7-validates-as-required wpcf7-validates-as-email\" aria-required=\"true\" aria-invalid=\"false\" placeholder=\"E-Mail\" \/><\/span> <\/label><\/div>\n<div class=\"iletisim2-iletisimform\"><label><br \/>\n    <span class=\"wpcf7-form-control-wrap konu\"><select name=\"konu\" class=\"wpcf7-form-control wpcf7-select\" aria-invalid=\"false\"><option value=\"\u0130stek\">\u0130stek<\/option><option value=\"\u00d6neri\">\u00d6neri<\/option><option value=\"\u015eikayet\">\u015eikayet<\/option><\/select><\/span><\/label><\/div>\n<div class=\"iletisim2-iletisimform\"><label><br \/>\n    <span class=\"wpcf7-form-control-wrap your-message\"><textarea name=\"your-message\" cols=\"40\" rows=\"10\" class=\"wpcf7-form-control wpcf7-textarea\" aria-invalid=\"false\" placeholder=\"Mesaj\u0131n\u0131z\"><\/textarea><\/span> <\/label>\n<\/div>\n<p><input type=\"submit\" value=\"G\u00f6nder\" class=\"wpcf7-form-control has-spinner wpcf7-submit iletisim2-btn-form\" \/><\/p>\n<div class=\"wpcf7-response-output\" aria-hidden=\"true\"><\/div><\/form><\/div><\/div><\/div><\/div><\/div><\/div><\/div><\/div><\/div><\/div><div class=\"wpb_column vc_column_container vc_col-sm-6\"><div class=\"vc_column-inner\"><div class=\"wpb_wrapper\">\n\t<div class=\"wpb_text_column wpb_content_element\" >\n\t\t<div class=\"wpb_wrapper\">\n\t\t\t<p><iframe loading=\"lazy\" style=\"border: 0;\" src=\"https:\/\/www.google.com\/maps\/embed?pb=!1m18!1m12!1m3!1d3010.626136680972!2d29.033924551438844!3d41.01155547919877!2m3!1f0!2f0!3f0!3m2!1i1024!2i768!4f13.1!3m3!1m2!1s0x14cab94ce8c78389%3A0xcb83c5ad5d7c9186!2sInolyzer%20Bilgi%20Teknolojileri%20A.%C5%9E.!5e0!3m2!1str!2str!4v1632125191468!5m2!1str!2str\" width=\"100%\" height=\"450\" allowfullscreen=\"allowfullscreen\"><\/iframe><\/p>\n\n\t\t<\/div>\n\t<\/div>\n<\/div><\/div><\/div><\/div><div class=\"vc_row wpb_row vc_row-fluid\"><div class=\"wpb_column vc_column_container vc_col-sm-12\"><div class=\"vc_column-inner\"><div class=\"wpb_wrapper\"><div class=\"vc_empty_space\"   style=\"height: 60px\"><span class=\"vc_empty_space_inner\"><\/span><\/div><\/div><\/div><\/div><\/div><\/section><div class=\"vc_row-full-width vc_clearfix\"><\/div>\n","protected":false},"excerpt":{"rendered":"Bize Ula\u015f\u0131n T\u00fcm istek, \u00f6neri ve \u015fikayetleriniz i\u00e7in bizimle ileti\u015fime ge\u00e7ebilirsiniz. AdresKatip Salih Sokak, No : 9 Ko\u015fuyolu Mahallesi Kad\u0131k\u00f6y","protected":false},"author":1,"featured_media":0,"parent":0,"menu_order":0,"comment_status":"closed","ping_status":"closed","template":"","meta":{"footnotes":""},"class_list":["post-1260","page","type-page","status-publish","hentry"],"_links":{"self":[{"href":"https:\/\/doktorsiteleri.com\/doktorsiteleridemolari\/wp-json\/wp\/v2\/pages\/1260","targetHints":{"allow":["GET"]}}],"collection":[{"href":"https:\/\/doktorsiteleri.com\/doktorsiteleridemolari\/wp-json\/wp\/v2\/pages"}],"about":[{"href":"https:\/\/doktorsiteleri.com\/doktorsiteleridemolari\/wp-json\/wp\/v2\/types\/page"}],"author":[{"embeddable":true,"href":"https:\/\/doktorsiteleri.com\/doktorsiteleridemolari\/wp-json\/wp\/v2\/users\/1"}],"replies":[{"embeddable":true,"href":"https:\/\/doktorsiteleri.com\/doktorsiteleridemolari\/wp-json\/wp\/v2\/comments?post=1260"}],"version-history":[{"count":0,"href":"https:\/\/doktorsiteleri.com\/doktorsiteleridemolari\/wp-json\/wp\/v2\/pages\/1260\/revisions"}],"wp:attachment":[{"href":"https:\/\/doktorsiteleri.com\/doktorsiteleridemolari\/wp-json\/wp\/v2\/media?parent=1260"}],"curies":[{"name":"wp","href":"https:\/\/api.w.org\/{rel}","templated":true}]}}