{"id":1284,"date":"2021-09-20T11:52:53","date_gmt":"2021-09-20T08:52:53","guid":{"rendered":"http:\/\/doktorsiteleri.com\/doktorsiteleridemolari\/?page_id=1284"},"modified":"2021-09-21T11:51:34","modified_gmt":"2021-09-21T08:51:34","slug":"iletisim-4-in-dr-4","status":"publish","type":"page","link":"https:\/\/doktorsiteleri.com\/doktorsiteleridemolari\/iletisim-4-in-dr-4\/","title":{"rendered":"\u0130leti\u015fim 4 &#8211; IN-DR-4"},"content":{"rendered":"<section data-vc-full-width=\"true\" data-vc-full-width-init=\"false\" class=\"vc_section\"><div class=\"vc_row wpb_row vc_row-fluid\"><div class=\"wpb_column vc_column_container vc_col-sm-6\"><div class=\"vc_column-inner\"><div class=\"wpb_wrapper\"><div class=\"vc_row wpb_row vc_inner vc_row-fluid\"><div class=\"wpb_column vc_column_container vc_col-sm-12\"><div class=\"vc_column-inner\"><div class=\"wpb_wrapper\">\n\t<div class=\"wpb_text_column wpb_content_element\" >\n\t\t<div class=\"wpb_wrapper\">\n\t\t\t<h3 style=\"text-align: center;\">Bize Ula\u015f\u0131n<\/h3>\n\n\t\t<\/div>\n\t<\/div>\n<div role=\"form\" class=\"wpcf7\" id=\"wpcf7-f1254-o1\" lang=\"tr-TR\" dir=\"ltr\">\n<div class=\"screen-reader-response\"><p role=\"status\" aria-live=\"polite\" aria-atomic=\"true\"><\/p> <ul><\/ul><\/div>\n<form action=\"\/doktorsiteleridemolari\/wp-json\/wp\/v2\/pages\/1284#wpcf7-f1254-o1\" method=\"post\" class=\"wpcf7-form init\" novalidate=\"novalidate\" data-status=\"init\">\n<div style=\"display: none;\">\n<input type=\"hidden\" name=\"_wpcf7\" value=\"1254\" \/>\n<input type=\"hidden\" name=\"_wpcf7_version\" value=\"5.5.6\" \/>\n<input type=\"hidden\" name=\"_wpcf7_locale\" value=\"tr_TR\" \/>\n<input type=\"hidden\" name=\"_wpcf7_unit_tag\" value=\"wpcf7-f1254-o1\" \/>\n<input type=\"hidden\" name=\"_wpcf7_container_post\" value=\"0\" \/>\n<input type=\"hidden\" name=\"_wpcf7_posted_data_hash\" value=\"\" \/>\n<\/div>\n<div class=\"iletisim2-iletisimform\"><label><br \/>\n    <span class=\"wpcf7-form-control-wrap your-name\"><input type=\"text\" name=\"your-name\" value=\"\" size=\"40\" class=\"wpcf7-form-control wpcf7-text wpcf7-validates-as-required\" aria-required=\"true\" aria-invalid=\"false\" placeholder=\"Ad - Soyad\" \/><\/span> <\/label><\/div>\n<div class=\"iletisim2-iletisimform\"><label><br \/>\n    <span class=\"wpcf7-form-control-wrap your-email\"><input type=\"email\" name=\"your-email\" value=\"\" size=\"40\" class=\"wpcf7-form-control wpcf7-text wpcf7-email wpcf7-validates-as-required wpcf7-validates-as-email\" aria-required=\"true\" aria-invalid=\"false\" placeholder=\"E-Mail\" \/><\/span> <\/label><\/div>\n<div class=\"iletisim2-iletisimform\"><label><br \/>\n    <span class=\"wpcf7-form-control-wrap konu\"><select name=\"konu\" class=\"wpcf7-form-control wpcf7-select\" aria-invalid=\"false\"><option value=\"\u0130stek\">\u0130stek<\/option><option value=\"\u00d6neri\">\u00d6neri<\/option><option value=\"\u015eikayet\">\u015eikayet<\/option><\/select><\/span><\/label><\/div>\n<div class=\"iletisim2-iletisimform\"><label><br \/>\n    <span class=\"wpcf7-form-control-wrap your-message\"><textarea name=\"your-message\" cols=\"40\" rows=\"10\" class=\"wpcf7-form-control wpcf7-textarea\" aria-invalid=\"false\" placeholder=\"Mesaj\u0131n\u0131z\"><\/textarea><\/span> <\/label>\n<\/div>\n<p><input type=\"submit\" value=\"G\u00f6nder\" class=\"wpcf7-form-control has-spinner wpcf7-submit iletisim2-btn-form\" \/><\/p>\n<div class=\"wpcf7-response-output\" aria-hidden=\"true\"><\/div><\/form><\/div><\/div><\/div><\/div><\/div><\/div><\/div><\/div><div class=\"wpb_column vc_column_container vc_col-sm-6\"><div class=\"vc_column-inner\"><div class=\"wpb_wrapper\"><div class=\"vc_row wpb_row vc_inner vc_row-fluid\"><div class=\"wpb_column vc_column_container vc_col-sm-12\"><div class=\"vc_column-inner\"><div class=\"wpb_wrapper\">\n\t<div class=\"wpb_text_column wpb_content_element color-scheme-light\" >\n\t\t<div class=\"wpb_wrapper\">\n\t\t\t<h3 class=\"iletisim4-baslik\" style=\"text-align: center;\">\u0130leti\u015fim Bilgileri<\/h3>\n\n\t\t<\/div>\n\t<\/div>\n<\/div><\/div><\/div><\/div>\n\t<div class=\"wpb_text_column wpb_content_element\" >\n\t\t<div class=\"wpb_wrapper\">\n\t\t\t<p><iframe loading=\"lazy\" style=\"border: 0;\" src=\"https:\/\/www.google.com\/maps\/embed?pb=!1m18!1m12!1m3!1d3010.625951706529!2d29.033929915662092!3d41.01155952717139!2m3!1f0!2f0!3f0!3m2!1i1024!2i768!4f13.1!3m3!1m2!1s0x14cab803661bdeef%3A0xa34c435313056962!2zS2_Fn3V5b2x1LCBLYXRpcCBTYWxpaCBTay4gTm86OSwgMzQ3MTggS2FkxLFrw7Z5L8Swc3RhbmJ1bA!5e0!3m2!1str!2str!4v1631616734422!5m2!1str!2str\" width=\"1500\" height=\"416\" allowfullscreen=\"allowfullscreen\"><\/iframe><\/p>\n\n\t\t<\/div>\n\t<\/div>\n<\/div><\/div><\/div><\/div><div data-vc-full-width=\"true\" data-vc-full-width-init=\"false\" class=\"vc_row wpb_row vc_row-fluid iletisim4-contact-info vc_custom_1632211338690 vc_row-has-fill\"><div class=\"wpb_column vc_column_container vc_col-sm-4\"><div class=\"vc_column-inner\"><div class=\"wpb_wrapper\"><div class=\"vc_row wpb_row vc_inner vc_row-fluid\"><div class=\"wpb_column iletisim4-icon1 vc_column_container vc_col-sm-12\"><div class=\"vc_column-inner\"><div class=\"wpb_wrapper\"><div id=\"ts-vcsc-box-icon-6538481\" class=\"ts-vcsc-box-icon .iletisim4-icon boxed-style ts-box-icon \"  style=\"margin-bottom:0px; margin-top:0px;\"><div class=\"ts-css-shadow  \" style=\"background-color: ; \"><div class=\"ts-icon-box-boxed  top \" style=\"    background-color: ;\"><i style=\"padding: 5px 5px; background-color:; width: 36px; height: 36px; font-size: 36px; line-height: 36px;  top:-29px; margin-left:-24px; color: #d0021b;\" class=\"ts-box-icon-title-icon fas fa-map-marker-alt ts-main-ico ts-font-icon   \"><\/i><div class=\"ts-icon-box-inner \" style=\"\"><div class=\"ts-box-icon-title\" style=\"color:#ffffff; font-size:24px; font-weight:inherit; margin-top:0px; margin-bottom: 10px; text-align:center; \"><\/div><div class=\"ts-icon-box-content\" style=\"margin-top: 10px; font-size: 20px; line-height: 20px; \"><div class=\"iletisim4-icon-icerik\" style=\"text-align: center;\">Katip Salih Sokak, No : 9 Ko\u015fuyolu Mahallesi Kad\u0131k\u00f6y \/ \u0130stanbul<\/div>\n<\/div><\/div><\/div><div class=\"clearboth\"><\/div><\/div><\/div><\/div><\/div><\/div><\/div><\/div><\/div><\/div><div class=\"wpb_column vc_column_container vc_col-sm-4\"><div class=\"vc_column-inner\"><div class=\"wpb_wrapper\"><div class=\"vc_row wpb_row vc_inner vc_row-fluid\"><div class=\"wpb_column iletisim4-icon2 vc_column_container vc_col-sm-12\"><div class=\"vc_column-inner\"><div class=\"wpb_wrapper\"><div id=\"ts-vcsc-box-icon-6484876\" class=\"ts-vcsc-box-icon .iletisim4-icon boxed-style ts-box-icon \"  style=\"margin-bottom:0px; margin-top:0px;\"><div class=\"ts-css-shadow  \" style=\"background-color: ; \"><div class=\"ts-icon-box-boxed  top \" style=\"    background-color: ;\"><i style=\"padding: 5px 5px; background-color:; width: 36px; height: 36px; font-size: 36px; line-height: 36px;  top:-29px; margin-left:-24px; color: #d0021b;\" class=\"ts-box-icon-title-icon fas fa-phone-alt ts-main-ico ts-font-icon   \"><\/i><div class=\"ts-icon-box-inner \" style=\"\"><div class=\"ts-box-icon-title\" style=\"color:#ffffff; font-size:24px; font-weight:inherit; margin-top:0px; margin-bottom: 10px; text-align:center; \"><\/div><div class=\"ts-icon-box-content\" style=\"margin-top: 10px; font-size: 20px; line-height: 20px; \"><div><\/div>\n<div class=\"iletisim4-icon-icerik\" style=\"text-align: center;\">+90 000 000 00 00<\/div>\n<\/div><\/div><\/div><div class=\"clearboth\"><\/div><\/div><\/div><\/div><\/div><\/div><\/div><\/div><\/div><\/div><div class=\"wpb_column vc_column_container vc_col-sm-4\"><div class=\"vc_column-inner\"><div class=\"wpb_wrapper\"><div class=\"vc_row wpb_row vc_inner vc_row-fluid\"><div class=\"wpb_column iletisim4-icon3 vc_column_container vc_col-sm-12\"><div class=\"vc_column-inner\"><div class=\"wpb_wrapper\"><div id=\"ts-vcsc-box-icon-3804257\" class=\"ts-vcsc-box-icon .iletisim4-icon boxed-style ts-box-icon \"  style=\"margin-bottom:0px; margin-top:0px;\"><div class=\"ts-css-shadow  \" style=\"background-color: ; \"><div class=\"ts-icon-box-boxed  top \" style=\"    background-color: ;\"><i style=\"padding: 5px 5px; background-color:; width: 36px; height: 36px; font-size: 36px; line-height: 36px;  top:-29px; margin-left:-24px; color: #d0021b;\" class=\"ts-box-icon-title-icon fas fa-paper-plane ts-main-ico ts-font-icon   \"><\/i><div class=\"ts-icon-box-inner \" style=\"\"><div class=\"ts-box-icon-title\" style=\"color:#ffffff; font-size:24px; font-weight:inherit; margin-top:0px; margin-bottom: 10px; text-align:center; \"><\/div><div class=\"ts-icon-box-content\" style=\"margin-top: 10px; font-size: 20px; line-height: 20px; \"><div><\/div>\n<div class=\"iletisim4-icon-icerik\" style=\"text-align: center;\">info@inolyzer.com<\/div>\n<\/div><\/div><\/div><div class=\"clearboth\"><\/div><\/div><\/div><\/div><\/div><\/div><\/div><\/div><\/div><\/div><\/div><div class=\"vc_row-full-width vc_clearfix\"><\/div><\/section><div class=\"vc_row-full-width vc_clearfix\"><\/div>\n","protected":false},"excerpt":{"rendered":"Bize Ula\u015f\u0131n \u0130stek\u00d6neri\u015eikayet \u0130leti\u015fim Bilgileri Katip Salih Sokak, No : 9 Ko\u015fuyolu Mahallesi Kad\u0131k\u00f6y \/ \u0130stanbul +90 000 000 00","protected":false},"author":1,"featured_media":0,"parent":0,"menu_order":0,"comment_status":"closed","ping_status":"closed","template":"","meta":{"footnotes":""},"class_list":["post-1284","page","type-page","status-publish","hentry"],"_links":{"self":[{"href":"https:\/\/doktorsiteleri.com\/doktorsiteleridemolari\/wp-json\/wp\/v2\/pages\/1284","targetHints":{"allow":["GET"]}}],"collection":[{"href":"https:\/\/doktorsiteleri.com\/doktorsiteleridemolari\/wp-json\/wp\/v2\/pages"}],"about":[{"href":"https:\/\/doktorsiteleri.com\/doktorsiteleridemolari\/wp-json\/wp\/v2\/types\/page"}],"author":[{"embeddable":true,"href":"https:\/\/doktorsiteleri.com\/doktorsiteleridemolari\/wp-json\/wp\/v2\/users\/1"}],"replies":[{"embeddable":true,"href":"https:\/\/doktorsiteleri.com\/doktorsiteleridemolari\/wp-json\/wp\/v2\/comments?post=1284"}],"version-history":[{"count":0,"href":"https:\/\/doktorsiteleri.com\/doktorsiteleridemolari\/wp-json\/wp\/v2\/pages\/1284\/revisions"}],"wp:attachment":[{"href":"https:\/\/doktorsiteleri.com\/doktorsiteleridemolari\/wp-json\/wp\/v2\/media?parent=1284"}],"curies":[{"name":"wp","href":"https:\/\/api.w.org\/{rel}","templated":true}]}}