{"id":1314,"date":"2021-09-21T09:16:22","date_gmt":"2021-09-21T06:16:22","guid":{"rendered":"http:\/\/doktorsiteleri.com\/doktorsiteleridemolari\/?page_id=1314"},"modified":"2021-09-21T10:19:52","modified_gmt":"2021-09-21T07:19:52","slug":"iletisim-5-in-dr-5","status":"publish","type":"page","link":"https:\/\/doktorsiteleri.com\/doktorsiteleridemolari\/iletisim-5-in-dr-5\/","title":{"rendered":"\u0130leti\u015fim 5 \u2013 IN-DR-5"},"content":{"rendered":"<section data-vc-full-width=\"true\" data-vc-full-width-init=\"false\" data-vc-stretch-content=\"true\" class=\"vc_section iletisim5-harita-alani\"><div class=\"vc_row wpb_row vc_row-fluid\"><div class=\"wpb_column vc_column_container vc_col-sm-12\"><div class=\"vc_column-inner\"><div class=\"wpb_wrapper\">\n\t<div class=\"wpb_text_column wpb_content_element\" >\n\t\t<div class=\"wpb_wrapper\">\n\t\t\t<p><iframe loading=\"lazy\" style=\"border: 0;\" src=\"https:\/\/www.google.com\/maps\/embed?pb=!1m18!1m12!1m3!1d3010.6259517111857!2d29.03392455140398!3d41.01155952706934!2m3!1f0!2f0!3f0!3m2!1i1024!2i768!4f13.1!3m3!1m2!1s0x14cab94ce8c78389%3A0xcb83c5ad5d7c9186!2sInolyzer%20Bilgi%20Teknolojileri%20A.%C5%9E.!5e0!3m2!1str!2str!4v1632205376626!5m2!1str!2str\" width=\"100%\" height=\"450\" allowfullscreen=\"allowfullscreen\"><\/iframe><\/p>\n\n\t\t<\/div>\n\t<\/div>\n<\/div><\/div><\/div><\/div><\/section><div class=\"vc_row-full-width vc_clearfix\"><\/div><section class=\"vc_section iletisim5-bilgilendirme\"><div class=\"vc_row wpb_row vc_row-fluid iletisim5-row-1200\"><div class=\"wpb_column iletisim5-form-alani vc_column_container vc_col-sm-8\"><div class=\"vc_column-inner\"><div class=\"wpb_wrapper\">\n\t<div class=\"wpb_text_column wpb_content_element\" >\n\t\t<div class=\"wpb_wrapper\">\n\t\t\t<h2 class=\"iletisim5-bize-ulasin\">Bize Ula\u015f\u0131n<\/h2>\n<p>T\u00fcm istek, \u00f6neri ve \u015fikayetleriniz i\u00e7in bizimle ileti\u015fime ge\u00e7ebilirsiniz.<\/p>\n<hr class=\"iletisim5-ciziktir\" \/>\n\n\t\t<\/div>\n\t<\/div>\n<div role=\"form\" class=\"wpcf7\" id=\"wpcf7-f1330-o1\" lang=\"tr-TR\" dir=\"ltr\">\n<div class=\"screen-reader-response\"><p role=\"status\" aria-live=\"polite\" aria-atomic=\"true\"><\/p> <ul><\/ul><\/div>\n<form action=\"\/doktorsiteleridemolari\/wp-json\/wp\/v2\/pages\/1314#wpcf7-f1330-o1\" method=\"post\" class=\"wpcf7-form init\" novalidate=\"novalidate\" data-status=\"init\">\n<div style=\"display: none;\">\n<input type=\"hidden\" name=\"_wpcf7\" value=\"1330\" \/>\n<input type=\"hidden\" name=\"_wpcf7_version\" value=\"5.5.6\" \/>\n<input type=\"hidden\" name=\"_wpcf7_locale\" value=\"tr_TR\" \/>\n<input type=\"hidden\" name=\"_wpcf7_unit_tag\" value=\"wpcf7-f1330-o1\" \/>\n<input type=\"hidden\" name=\"_wpcf7_container_post\" value=\"0\" \/>\n<input type=\"hidden\" name=\"_wpcf7_posted_data_hash\" value=\"\" \/>\n<\/div>\n<div class=\"iletisim5-formdiv\">\n<label> Ad - Soyad <span class=\"wpcf7-form-control-wrap your-name\"><input type=\"text\" name=\"your-name\" value=\"\" size=\"40\" class=\"wpcf7-form-control wpcf7-text wpcf7-validates-as-required\" aria-required=\"true\" aria-invalid=\"false\" \/><\/span> <\/label>\n<\/div>\n<div class=\"iletisim5-formdiv\">\n<label> Telefon<span class=\"wpcf7-form-control-wrap telefon\"><input type=\"tel\" name=\"telefon\" value=\"\" size=\"40\" class=\"wpcf7-form-control wpcf7-text wpcf7-tel wpcf7-validates-as-required wpcf7-validates-as-tel\" aria-required=\"true\" aria-invalid=\"false\" \/><\/span><\/label>\n<\/div>\n<div class=\"iletisim5-form-mesaj\">\n<label> Mesaj\u0131n\u0131z <span class=\"wpcf7-form-control-wrap your-message\"><textarea name=\"your-message\" cols=\"40\" rows=\"10\" class=\"wpcf7-form-control wpcf7-textarea\" aria-invalid=\"false\"><\/textarea><\/span> <\/label>\n<\/div>\n<p><input type=\"submit\" value=\"G\u00f6nder\" class=\"wpcf7-form-control has-spinner wpcf7-submit iletisim5-btn-gnder\" \/><\/p>\n<div class=\"wpcf7-response-output\" aria-hidden=\"true\"><\/div><\/form><\/div><\/div><\/div><\/div><div class=\"wpb_column iletisim5-info-sutun vc_column_container vc_col-sm-4\"><div class=\"vc_column-inner\"><div class=\"wpb_wrapper\">\n\t<div class=\"wpb_text_column wpb_content_element color-scheme-light\" >\n\t\t<div class=\"wpb_wrapper\">\n\t\t\t<h2 class=\"iletisim5-bize-ulasin-beyaz\">\u0130leti\u015fim<\/h2>\n<p>Prof. Dr. Umut BAL<\/p>\n<hr class=\"iletisim5-ciziktir\" \/>\n\n\t\t<\/div>\n\t<\/div>\n<div class=\"vc_row wpb_row vc_inner vc_row-fluid iletisim5-info-yukardan-kaydir\"><div class=\"wpb_column vc_column_container vc_col-sm-12\"><div class=\"vc_column-inner\"><div class=\"wpb_wrapper\"><a class=\"ts-box-icon-link\" style=\"color:#ffffff;\" href=\"#\" target=\"_parent\"><div id=\"ts-vcsc-box-icon-1091753\" class=\"ts-vcsc-box-icon boxed-style ts-box-icon \"  style=\"margin-bottom:0px; margin-top:0px;\"><div class=\"ts-css-shadow  \" style=\"background-color: ; margin-left: 10px; \"><div class=\"ts-icon-box-boxed  left \" style=\"   margin-left: 0px; padding: 0 0 0 40px; background-color: ;\"><div class=\"ts-icon-box-separator\" style=\"border-left: 1px solid #000000; padding-left: 21px; \"><i style=\"padding: 5px 5px; background-color:; width: 20px; height: 20px; font-size: 20px; line-height: 20px;  left:-21px; margin-top:-16px; color: #ffffff;\" class=\"ts-box-icon-title-icon fas fa-map-marker-alt ts-main-ico ts-font-icon   \"><\/i><div class=\"ts-icon-box-inner \" style=\"\"><div class=\"ts-box-icon-title\" style=\"color:#ffffff; font-size:24px; font-weight:inherit; margin-top:0px; margin-bottom: 10px; text-align:center; \"><\/div><div class=\"ts-icon-box-content\" style=\"margin-top: 10px; font-size: 17px; line-height: 18px; \"><p class=\"iletisim5-info-beyaz\">Katip Salih Sokak, No : 9 Ko\u015fuyolu Mahallesi, Kad\u0131k\u00f6y \/ \u0130stanbul<\/p>\n<\/div><\/div><\/div><\/div><div class=\"clearboth\"><\/div><\/div><\/div><\/a><a class=\"ts-box-icon-link\" style=\"color:#ffffff;\" href=\"#\" target=\"_parent\"><div id=\"ts-vcsc-box-icon-7425081\" class=\"ts-vcsc-box-icon boxed-style ts-box-icon \"  style=\"margin-bottom:0px; margin-top:0px;\"><div class=\"ts-css-shadow  \" style=\"background-color: ; margin-left: 10px; \"><div class=\"ts-icon-box-boxed  left \" style=\"   margin-left: 0px; padding: 0 0 0 40px; background-color: ;\"><div class=\"ts-icon-box-separator\" style=\"border-left: 1px solid #000000; padding-left: 21px; \"><i style=\"padding: 5px 5px; background-color:; width: 20px; height: 20px; font-size: 20px; line-height: 20px;  left:-21px; margin-top:-16px; color: #ffffff;\" class=\"ts-box-icon-title-icon fas fa-phone-alt ts-main-ico ts-font-icon   \"><\/i><div class=\"ts-icon-box-inner \" style=\"\"><div class=\"ts-box-icon-title\" style=\"color:#ffffff; font-size:24px; font-weight:inherit; margin-top:0px; margin-bottom: 10px; text-align:center; \"><\/div><div class=\"ts-icon-box-content\" style=\"margin-top: 10px; font-size: 17px; line-height: 18px; \"><p class=\"iletisim5-info-beyaz\">+90 000 000 00 00<\/p>\n<\/div><\/div><\/div><\/div><div class=\"clearboth\"><\/div><\/div><\/div><\/a><a class=\"ts-box-icon-link\" style=\"color:#ffffff;\" href=\"#\" target=\"_parent\"><div id=\"ts-vcsc-box-icon-9642945\" class=\"ts-vcsc-box-icon boxed-style ts-box-icon \"  style=\"margin-bottom:0px; margin-top:0px;\"><div class=\"ts-css-shadow  \" style=\"background-color: ; margin-left: 10px; \"><div class=\"ts-icon-box-boxed  left \" style=\"   margin-left: 0px; padding: 0 0 0 40px; background-color: ;\"><div class=\"ts-icon-box-separator\" style=\"border-left: 1px solid #000000; padding-left: 21px; \"><i style=\"padding: 5px 5px; background-color:; width: 20px; height: 20px; font-size: 20px; line-height: 20px;  left:-21px; margin-top:-16px; color: #ffffff;\" class=\"ts-box-icon-title-icon far fa-envelope ts-main-ico ts-font-icon   \"><\/i><div class=\"ts-icon-box-inner \" style=\"\"><div class=\"ts-box-icon-title\" style=\"color:#ffffff; font-size:24px; font-weight:inherit; margin-top:0px; margin-bottom: 10px; text-align:center; \"><\/div><div class=\"ts-icon-box-content\" style=\"margin-top: 10px; font-size: 17px; line-height: 18px; \"><p class=\"iletisim5-info-beyaz\">info@inolyzer.com<\/p>\n<\/div><\/div><\/div><\/div><div class=\"clearboth\"><\/div><\/div><\/div><\/a>\n\t<div class=\"wpb_text_column wpb_content_element\" >\n\t\t<div class=\"wpb_wrapper\">\n\t\t\t<hr \/>\n\n\t\t<\/div>\n\t<\/div>\n<\/div><\/div><\/div><\/div><div class=\"vc_row wpb_row vc_inner vc_row-fluid iletisim5-bizi-takip-edin\"><div class=\"wpb_column vc_column_container vc_col-sm-12\"><div class=\"vc_column-inner\"><div class=\"wpb_wrapper\">\n\t<div class=\"wpb_text_column wpb_content_element color-scheme-light\" >\n\t\t<div class=\"wpb_wrapper\">\n\t\t\t<p style=\"text-align: center;\"><strong>Bizi Takip Edin<\/strong><\/p>\n\n\t\t<\/div>\n\t<\/div>\n\t\t\t<link rel=\"stylesheet\" id=\"wd-social-icons-css\" href=\"https:\/\/doktorsiteleri.com\/doktorsiteleridemolari\/wp-content\/themes\/Woodmart\/css\/parts\/el-social-icons.min.css?ver=6.1.4\" type=\"text\/css\" media=\"all\" \/> \t\t\t\n\t\t\t<div class=\"wd-social-icons woodmart-social-icons text-center icons-design-default icons-size-default color-scheme-light social-follow social-form-circle\">\n\t\t\t\t\t\t\t\t\t<a rel=\"noopener noreferrer nofollow\" href=\"#\" target=\"_blank\" class=\" wd-social-icon social-facebook\">\n\t\t\t\t\t\t<span class=\"wd-icon\"><\/span>\n\t\t\t\t\t\t\t\t\t\t\t<\/a>\n\t\t\t\t\n\t\t\t\t\t\t\t\t\t<a rel=\"noopener noreferrer nofollow\" href=\"#\" target=\"_blank\" class=\" wd-social-icon social-twitter\">\n\t\t\t\t\t\t<span class=\"wd-icon\"><\/span>\n\t\t\t\t\t\t\t\t\t\t\t<\/a>\n\t\t\t\t\n\t\t\t\t\n\t\t\t\t\t\t\t\t\t<a rel=\"noopener noreferrer nofollow\" href=\"#\" target=\"_blank\" class=\" wd-social-icon social-instagram\">\n\t\t\t\t\t\t<span class=\"wd-icon\"><\/span>\n\t\t\t\t\t\t\t\t\t\t\t<\/a>\n\t\t\t\t\n\t\t\t\t\t\t\t\t\t<a rel=\"noopener noreferrer nofollow\" href=\"#\" target=\"_blank\" class=\" wd-social-icon social-youtube\">\n\t\t\t\t\t\t<span class=\"wd-icon\"><\/span>\n\t\t\t\t\t\t\t\t\t\t\t<\/a>\n\t\t\t\t\n\t\t\t\t\t\t\t\t\t<a rel=\"noopener noreferrer nofollow\" href=\"#\" target=\"_blank\" class=\" wd-social-icon social-pinterest\">\n\t\t\t\t\t\t<span class=\"wd-icon\"><\/span>\n\t\t\t\t\t\t\t\t\t\t\t<\/a>\n\t\t\t\t\n\t\t\t\t\n\t\t\t\t\n\t\t\t\t\n\t\t\t\t\n\t\t\t\t\n\t\t\t\t\n\t\t\t\t\n\t\t\t\t\n\t\t\t\t\n\t\t\t\t\n\t\t\t\t\n\t\t\t\t\t\t\t\t\n\t\t\t\t\t\t\t\t\n\t\t\t\t\n\t\t\t\t\t\t\t\t\n\t\t\t\t\n\t\t\t<\/div>\n\n\t\t<\/div><\/div><\/div><\/div><\/div><\/div><\/div><\/div><\/section><section class=\"vc_section\"><div class=\"vc_row wpb_row vc_row-fluid\"><div class=\"wpb_column vc_column_container vc_col-sm-12 vc_hidden-sm vc_hidden-xs\"><div class=\"vc_column-inner\"><div class=\"wpb_wrapper\"><div class=\"vc_empty_space iletisim5-bosluk-space\"   style=\"height: 432px\"><span class=\"vc_empty_space_inner\"><\/span><\/div><\/div><\/div><\/div><\/div><\/section>\n","protected":false},"excerpt":{"rendered":"Bize Ula\u015f\u0131n T\u00fcm istek, \u00f6neri ve \u015fikayetleriniz i\u00e7in bizimle ileti\u015fime ge\u00e7ebilirsiniz. Ad - Soyad Telefon Mesaj\u0131n\u0131z \u0130leti\u015fim Prof. Dr. Umut","protected":false},"author":1,"featured_media":0,"parent":0,"menu_order":0,"comment_status":"closed","ping_status":"closed","template":"","meta":{"footnotes":""},"class_list":["post-1314","page","type-page","status-publish","hentry"],"_links":{"self":[{"href":"https:\/\/doktorsiteleri.com\/doktorsiteleridemolari\/wp-json\/wp\/v2\/pages\/1314","targetHints":{"allow":["GET"]}}],"collection":[{"href":"https:\/\/doktorsiteleri.com\/doktorsiteleridemolari\/wp-json\/wp\/v2\/pages"}],"about":[{"href":"https:\/\/doktorsiteleri.com\/doktorsiteleridemolari\/wp-json\/wp\/v2\/types\/page"}],"author":[{"embeddable":true,"href":"https:\/\/doktorsiteleri.com\/doktorsiteleridemolari\/wp-json\/wp\/v2\/users\/1"}],"replies":[{"embeddable":true,"href":"https:\/\/doktorsiteleri.com\/doktorsiteleridemolari\/wp-json\/wp\/v2\/comments?post=1314"}],"version-history":[{"count":0,"href":"https:\/\/doktorsiteleri.com\/doktorsiteleridemolari\/wp-json\/wp\/v2\/pages\/1314\/revisions"}],"wp:attachment":[{"href":"https:\/\/doktorsiteleri.com\/doktorsiteleridemolari\/wp-json\/wp\/v2\/media?parent=1314"}],"curies":[{"name":"wp","href":"https:\/\/api.w.org\/{rel}","templated":true}]}}