{"id":2134,"date":"2021-10-19T13:33:15","date_gmt":"2021-10-19T10:33:15","guid":{"rendered":"https:\/\/doktorsiteleri.com\/doktorsiteleridemolari\/?page_id=2134"},"modified":"2021-10-20T17:17:42","modified_gmt":"2021-10-20T14:17:42","slug":"iletisim-6-in-dr-6","status":"publish","type":"page","link":"https:\/\/doktorsiteleri.com\/doktorsiteleridemolari\/iletisim-6-in-dr-6\/","title":{"rendered":"\u0130leti\u015fim 6 \u2013 IN-DR-6"},"content":{"rendered":"<div data-vc-full-width=\"true\" data-vc-full-width-init=\"false\" data-vc-stretch-content=\"true\" class=\"vc_row wpb_row vc_row-fluid vc_row-no-padding\"><div class=\"wpb_column vc_column_container vc_col-sm-12\"><div class=\"vc_column-inner\"><div class=\"wpb_wrapper\">\n\t<div class=\"wpb_text_column wpb_content_element\" >\n\t\t<div class=\"wpb_wrapper\">\n\t\t\t<p><iframe loading=\"lazy\" style=\"border: 0;\" src=\"https:\/\/www.google.com\/maps\/embed?pb=!1m14!1m8!1m3!1d12042.495080306948!2d29.03600237155905!3d41.01160726983759!3m2!1i1024!2i768!4f13.1!3m3!1m2!1s0x0%3A0xcb83c5ad5d7c9186!2sInolyzer%20Bilgi%20Teknolojileri%20A.%C5%9E.!5e0!3m2!1str!2str!4v1634713180153!5m2!1str!2str\" width=\"1920\" height=\"400\" allowfullscreen=\"allowfullscreen\"><\/iframe><\/p>\n\n\t\t<\/div>\n\t<\/div>\n<\/div><\/div><\/div><\/div><div class=\"vc_row-full-width vc_clearfix\"><\/div><div data-vc-full-width=\"true\" data-vc-full-width-init=\"false\" class=\"vc_row wpb_row vc_row-fluid vc_row-o-full-height vc_row-o-columns-top vc_row-o-equal-height vc_row-flex\"><div class=\"wpb_column iletisim6-div vc_column_container vc_col-sm-12\"><div class=\"vc_column-inner\"><div class=\"wpb_wrapper\"><div class=\"vc_row wpb_row vc_inner vc_row-fluid\"><div class=\"wpb_column vc_column_container vc_col-sm-12\"><div class=\"vc_column-inner\"><div class=\"wpb_wrapper\"><h1 style=\"font-size: 50px;text-align: center\" class=\"vc_custom_heading\" >Bize Ula\u015f\u0131n<\/h1>\n\t<div class=\"wpb_text_column wpb_content_element\" >\n\t\t<div class=\"wpb_wrapper\">\n\t\t\t<p style=\"text-align: center;\">I am text block. Click edit button to change this text. Lorem ipsum dolor sit amet, consectetur adipiscing elit.<\/p>\n\n\t\t<\/div>\n\t<\/div>\n<\/div><\/div><\/div><\/div><div class=\"vc_row wpb_row vc_inner vc_row-fluid\"><div class=\"wpb_column iletisim6-form vc_column_container vc_col-sm-6\"><div class=\"vc_column-inner\"><div class=\"wpb_wrapper\"><div role=\"form\" class=\"wpcf7\" id=\"wpcf7-f2138-o1\" lang=\"tr-TR\" dir=\"ltr\">\n<div class=\"screen-reader-response\"><p role=\"status\" aria-live=\"polite\" aria-atomic=\"true\"><\/p> <ul><\/ul><\/div>\n<form action=\"\/doktorsiteleridemolari\/wp-json\/wp\/v2\/pages\/2134#wpcf7-f2138-o1\" method=\"post\" class=\"wpcf7-form init\" novalidate=\"novalidate\" data-status=\"init\">\n<div style=\"display: none;\">\n<input type=\"hidden\" name=\"_wpcf7\" value=\"2138\" \/>\n<input type=\"hidden\" name=\"_wpcf7_version\" value=\"5.5.6\" \/>\n<input type=\"hidden\" name=\"_wpcf7_locale\" value=\"tr_TR\" \/>\n<input type=\"hidden\" name=\"_wpcf7_unit_tag\" value=\"wpcf7-f2138-o1\" \/>\n<input type=\"hidden\" name=\"_wpcf7_container_post\" value=\"0\" \/>\n<input type=\"hidden\" name=\"_wpcf7_posted_data_hash\" value=\"\" \/>\n<\/div>\n<p><label> Ad\u0131n\u0131z<br \/>\n    <span class=\"wpcf7-form-control-wrap your-name\"><input type=\"text\" name=\"your-name\" value=\"\" size=\"40\" class=\"wpcf7-form-control wpcf7-text wpcf7-validates-as-required\" aria-required=\"true\" aria-invalid=\"false\" \/><\/span> <\/label><\/p>\n<p><label> E-posta adresiniz<br \/>\n    <span class=\"wpcf7-form-control-wrap your-email\"><input type=\"email\" name=\"your-email\" value=\"\" size=\"40\" class=\"wpcf7-form-control wpcf7-text wpcf7-email wpcf7-validates-as-required wpcf7-validates-as-email\" aria-required=\"true\" aria-invalid=\"false\" \/><\/span> <\/label><\/p>\n<p><label> Konu<br \/>\n    <span class=\"wpcf7-form-control-wrap your-subject\"><input type=\"text\" name=\"your-subject\" value=\"\" size=\"40\" class=\"wpcf7-form-control wpcf7-text wpcf7-validates-as-required\" aria-required=\"true\" aria-invalid=\"false\" \/><\/span> <\/label><\/p>\n<p><label> \u0130letiniz (tercihe ba\u011fl\u0131)<br \/>\n    <span class=\"wpcf7-form-control-wrap your-message\"><textarea name=\"your-message\" cols=\"40\" rows=\"10\" class=\"wpcf7-form-control wpcf7-textarea\" aria-invalid=\"false\"><\/textarea><\/span> <\/label><\/p>\n<p><input type=\"submit\" value=\"G\u00f6nder\" class=\"wpcf7-form-control has-spinner wpcf7-submit\" \/><\/p>\n<div class=\"wpcf7-response-output\" aria-hidden=\"true\"><\/div><\/form><\/div><\/div><\/div><\/div><div class=\"wpb_column iletisim6-img vc_column_container vc_col-sm-6\"><div class=\"vc_column-inner\"><div class=\"wpb_wrapper\">\n\t<div  class=\"wpb_single_image wpb_content_element vc_align_left\">\n\t\t\n\t\t<figure class=\"wpb_wrapper vc_figure\">\n\t\t\t<div class=\"vc_single_image-wrapper   vc_box_border_grey\"><img loading=\"lazy\" decoding=\"async\" class=\"vc_single_image-img \" src=\"https:\/\/doktorsiteleri.com\/doktorsiteleridemolari\/wp-content\/uploads\/2021\/09\/pexels-photo-4167541-581x670.jpeg\" width=\"581\" height=\"670\" alt=\"pexels-photo-4167541\" title=\"pexels-photo-4167541\" \/><\/div>\n\t\t<\/figure>\n\t<\/div>\n<\/div><\/div><\/div><\/div><\/div><\/div><\/div><\/div><div class=\"vc_row-full-width vc_clearfix\"><\/div><div class=\"vc_row wpb_row vc_row-fluid iletisim6-contact\"><div class=\"wpb_column vc_column_container vc_col-sm-3\"><div class=\"vc_column-inner\"><div class=\"wpb_wrapper\"><div id=\"ts-icon-wall-container-8310351\" class=\"ts-icon-wall-container  ts-icon-wall-container-ltr\" data-random=\"8310351\" data-tooltips=\"true\" data-rtl=\"false\" data-initial=\"0\" data-current=\"0\" data-centerlast=\"false\" data-overlap=\"false\" data-shuffle=\"false\" data-offsetx=\"0\" data-offsety=\"0\" data-spacing=\"5\" data-fluid=\"true\" data-large=\"1024\" data-medium=\"768\" data-small=\"480\" data-autoplay=\"false\" data-delay=\"5000\" data-pause=\"false\" data-hover=\"true\" data-progressbar=\"true\" data-tooltipster-position=\"top\" data-tooltipster-theme=\"tooltipster-black\" data-tooltipster-animation=\"fade\" data-tooltipster-offsetx=\"0\" data-tooltipster-offsety=\"0\" style=\"width: 100%; margin-top: 0px; margin-bottom: 0px;\"><div class=\"ts-icon-wall-items-icons\" style=\"\"><div id=\"ts-icon-wall-items-icon-single-8310351-0\" class=\" ts-icon-wall-items-icon-single  ts-icon-wall-items-icon-shadow ts-icon-wall-items-icon-tooltip\" data-tooltipset=\"false\" data-tooltipster-text=\"Telefon\" data-tooltipster-offsetx=\"0\" data-tooltipster-offsety=\"0\" data-index=\"0\" style=\"\"><i class=\"ts-icon-wall-icon fas fa-phone-alt \"><\/i><\/div><\/div><div class=\"ts-icon-wall-items-contents\" style=\"\"><div id=\"\" class=\"ts-icon-wall-items-content-single \" data-index=\"\" style=\"display: none;\">\n<div class=\"ts-icon-wall-items-content-title\">Telefon<\/div>\n<div class=\"ts-icon-wall-items-content-message\">\n<p style=\"text-align: center;\">(+9)000 000 00 00<\/p>\n<\/div>\n<\/div>\n<\/div><\/div><\/div><\/div><\/div><div class=\"wpb_column vc_column_container vc_col-sm-3\"><div class=\"vc_column-inner\"><div class=\"wpb_wrapper\"><div id=\"ts-icon-wall-container-1431602\" class=\"ts-icon-wall-container  ts-icon-wall-container-ltr\" data-random=\"1431602\" data-tooltips=\"true\" data-rtl=\"false\" data-initial=\"0\" data-current=\"0\" data-centerlast=\"true\" data-overlap=\"false\" data-shuffle=\"false\" data-offsetx=\"0\" data-offsety=\"0\" data-spacing=\"5\" data-fluid=\"true\" data-large=\"1024\" data-medium=\"768\" data-small=\"480\" data-autoplay=\"false\" data-delay=\"5000\" data-pause=\"false\" data-hover=\"true\" data-progressbar=\"true\" data-tooltipster-position=\"top\" data-tooltipster-theme=\"tooltipster-black\" data-tooltipster-animation=\"fade\" data-tooltipster-offsetx=\"0\" data-tooltipster-offsety=\"0\" style=\"width: 100%; margin-top: 0px; margin-bottom: 0px;\"><div class=\"ts-icon-wall-items-icons\" style=\"\"><div id=\"ts-icon-wall-items-icon-single-1431602-0\" class=\" ts-icon-wall-items-icon-single  ts-icon-wall-items-icon-shadow ts-icon-wall-items-icon-tooltip\" data-tooltipset=\"false\" data-tooltipster-text=\"Adres\" data-tooltipster-offsetx=\"0\" data-tooltipster-offsety=\"0\" data-index=\"0\" style=\"\"><i class=\"ts-icon-wall-icon fas fa-map-marked-alt \"><\/i><\/div><\/div><div class=\"ts-icon-wall-items-contents\" style=\"\"><div id=\"\" class=\"ts-icon-wall-items-content-single \" data-index=\"\" style=\"display: none;\">\n<div class=\"ts-icon-wall-items-content-title\">Adres<\/div>\n<div class=\"ts-icon-wall-items-content-message\">\nKatip Salih Sokak, No : 9 Ko\u015fuyolu Mahallesi<br \/>\nKad\u0131k\u00f6y \/ \u0130stanbul<\/p>\n<\/div>\n<\/div>\n<\/div><\/div><\/div><\/div><\/div><div class=\"wpb_column vc_column_container vc_col-sm-3\"><div class=\"vc_column-inner\"><div class=\"wpb_wrapper\"><div id=\"ts-icon-wall-container-6755680\" class=\"ts-icon-wall-container  ts-icon-wall-container-ltr\" data-random=\"6755680\" data-tooltips=\"true\" data-rtl=\"false\" data-initial=\"0\" data-current=\"0\" data-centerlast=\"false\" data-overlap=\"false\" data-shuffle=\"false\" data-offsetx=\"0\" data-offsety=\"0\" data-spacing=\"5\" data-fluid=\"true\" data-large=\"1024\" data-medium=\"768\" data-small=\"480\" data-autoplay=\"false\" data-delay=\"5000\" data-pause=\"false\" data-hover=\"true\" data-progressbar=\"true\" data-tooltipster-position=\"top\" data-tooltipster-theme=\"tooltipster-black\" data-tooltipster-animation=\"fade\" data-tooltipster-offsetx=\"0\" data-tooltipster-offsety=\"0\" style=\"width: 100%; margin-top: 0px; margin-bottom: 0px;\"><div class=\"ts-icon-wall-items-icons\" style=\"\"><div id=\"ts-icon-wall-items-icon-single-6755680-0\" class=\" ts-icon-wall-items-icon-single  ts-icon-wall-items-icon-shadow ts-icon-wall-items-icon-tooltip\" data-tooltipset=\"false\" data-tooltipster-text=\"Mail\" data-tooltipster-offsetx=\"0\" data-tooltipster-offsety=\"0\" data-index=\"0\" style=\"\"><i class=\"ts-icon-wall-icon fas fa-envelope \"><\/i><\/div><\/div><div class=\"ts-icon-wall-items-contents\" style=\"\"><div id=\"\" class=\"ts-icon-wall-items-content-single \" data-index=\"\" style=\"display: none;\">\n<div class=\"ts-icon-wall-items-content-title\">Mail<\/div>\n<div class=\"ts-icon-wall-items-content-message\">\n<p style=\"text-align: center;\">info@inolyzer.com<\/p>\n<\/div>\n<\/div>\n<\/div><\/div><\/div><\/div><\/div><div class=\"wpb_column vc_column_container vc_col-sm-3\"><div class=\"vc_column-inner\"><div class=\"wpb_wrapper\"><div id=\"ts-icon-wall-container-4351421\" class=\"ts-icon-wall-container  ts-icon-wall-container-ltr\" data-random=\"4351421\" data-tooltips=\"true\" data-rtl=\"false\" data-initial=\"0\" data-current=\"0\" data-centerlast=\"true\" data-overlap=\"false\" data-shuffle=\"false\" data-offsetx=\"0\" data-offsety=\"0\" data-spacing=\"5\" data-fluid=\"true\" data-large=\"1024\" data-medium=\"768\" data-small=\"480\" data-autoplay=\"false\" data-delay=\"5000\" data-pause=\"false\" data-hover=\"true\" data-progressbar=\"true\" data-tooltipster-position=\"top\" data-tooltipster-theme=\"tooltipster-black\" data-tooltipster-animation=\"fade\" data-tooltipster-offsetx=\"0\" data-tooltipster-offsety=\"0\" style=\"width: 100%; margin-top: 0px; margin-bottom: 0px;\"><div class=\"ts-icon-wall-items-icons\" style=\"\"><div id=\"ts-icon-wall-items-icon-single-4351421-0\" class=\" ts-icon-wall-items-icon-single  ts-icon-wall-items-icon-shadow ts-icon-wall-items-icon-tooltip\" data-tooltipset=\"false\" data-tooltipster-text=\"Fax\" data-tooltipster-offsetx=\"0\" data-tooltipster-offsety=\"0\" data-index=\"0\" style=\"\"><i class=\"ts-icon-wall-icon fas fa-fax \"><\/i><\/div><\/div><div class=\"ts-icon-wall-items-contents\" style=\"\"><div id=\"\" class=\"ts-icon-wall-items-content-single \" data-index=\"\" style=\"display: none;\">\n<div class=\"ts-icon-wall-items-content-title\">Fax<\/div>\n<div class=\"ts-icon-wall-items-content-message\">\n<p style=\"text-align: center;\">0000 000 00 00<\/p>\n<\/div>\n<\/div>\n<\/div><\/div><\/div><\/div><\/div><\/div>\n","protected":false},"excerpt":{"rendered":"Bize Ula\u015f\u0131n I am text block. Click edit button to change this text. Lorem ipsum dolor sit amet, consectetur adipiscing","protected":false},"author":1,"featured_media":0,"parent":0,"menu_order":0,"comment_status":"closed","ping_status":"closed","template":"","meta":{"footnotes":""},"class_list":["post-2134","page","type-page","status-publish","hentry"],"_links":{"self":[{"href":"https:\/\/doktorsiteleri.com\/doktorsiteleridemolari\/wp-json\/wp\/v2\/pages\/2134","targetHints":{"allow":["GET"]}}],"collection":[{"href":"https:\/\/doktorsiteleri.com\/doktorsiteleridemolari\/wp-json\/wp\/v2\/pages"}],"about":[{"href":"https:\/\/doktorsiteleri.com\/doktorsiteleridemolari\/wp-json\/wp\/v2\/types\/page"}],"author":[{"embeddable":true,"href":"https:\/\/doktorsiteleri.com\/doktorsiteleridemolari\/wp-json\/wp\/v2\/users\/1"}],"replies":[{"embeddable":true,"href":"https:\/\/doktorsiteleri.com\/doktorsiteleridemolari\/wp-json\/wp\/v2\/comments?post=2134"}],"version-history":[{"count":0,"href":"https:\/\/doktorsiteleri.com\/doktorsiteleridemolari\/wp-json\/wp\/v2\/pages\/2134\/revisions"}],"wp:attachment":[{"href":"https:\/\/doktorsiteleri.com\/doktorsiteleridemolari\/wp-json\/wp\/v2\/media?parent=2134"}],"curies":[{"name":"wp","href":"https:\/\/api.w.org\/{rel}","templated":true}]}}