{"id":2139,"date":"2021-10-20T17:25:37","date_gmt":"2021-10-20T14:25:37","guid":{"rendered":"https:\/\/doktorsiteleri.com\/doktorsiteleridemolari\/?page_id=2139"},"modified":"2021-10-22T12:38:03","modified_gmt":"2021-10-22T09:38:03","slug":"iletisim-7-in-dr-7","status":"publish","type":"page","link":"https:\/\/doktorsiteleri.com\/doktorsiteleridemolari\/iletisim-7-in-dr-7\/","title":{"rendered":"\u0130leti\u015fim 7 \u2013 IN-DR-7"},"content":{"rendered":"<div data-vc-full-width=\"true\" data-vc-full-width-init=\"false\" class=\"vc_row wpb_row vc_row-fluid\"><div class=\"wpb_column vc_column_container vc_col-sm-12\"><div class=\"vc_column-inner\"><div class=\"wpb_wrapper\"><div class=\"vc_row wpb_row vc_inner vc_row-fluid\"><div class=\"wpb_column vc_column_container vc_col-sm-12\"><div class=\"vc_column-inner\"><div class=\"wpb_wrapper\">\n\t<div class=\"wpb_text_column wpb_content_element\" >\n\t\t<div class=\"wpb_wrapper\">\n\t\t\t<p><iframe loading=\"lazy\" style=\"border: 0;\" src=\"https:\/\/www.google.com\/maps\/embed?pb=!1m18!1m12!1m3!1d3010.62613667633!2d29.033929915414134!3d41.011555479300355!2m3!1f0!2f0!3f0!3m2!1i1024!2i768!4f13.1!3m3!1m2!1s0x14cab94ce8c78389%3A0xcb83c5ad5d7c9186!2sInolyzer%20Bilgi%20Teknolojileri%20A.%C5%9E.!5e0!3m2!1str!2str!4v1634740586596!5m2!1str!2str\" width=\"1920\" height=\"450\" allowfullscreen=\"allowfullscreen\"><\/iframe><\/p>\n\n\t\t<\/div>\n\t<\/div>\n<\/div><\/div><\/div><\/div><div class=\"vc_row wpb_row vc_inner vc_row-fluid\"><div class=\"wpb_column vc_column_container vc_col-sm-12\"><div class=\"vc_column-inner\"><div class=\"wpb_wrapper\"><h2 style=\"font-size: 50px;color: #000000;text-align: center\" class=\"vc_custom_heading\" >Bize Ula\u015f\u0131n<\/h2><\/div><\/div><\/div><\/div><\/div><\/div><\/div><\/div><div class=\"vc_row-full-width vc_clearfix\"><\/div><section class=\"vc_section\"><div class=\"vc_row wpb_row vc_row-fluid\"><div class=\"wpb_column vc_column_container vc_col-sm-6\"><div class=\"vc_column-inner\"><div class=\"wpb_wrapper\"><div class=\"vc_row wpb_row vc_inner vc_row-fluid\"><div class=\"wpb_column iletisim7-form vc_column_container vc_col-sm-12\"><div class=\"vc_column-inner\"><div class=\"wpb_wrapper\"><div role=\"form\" class=\"wpcf7\" id=\"wpcf7-f2138-o1\" lang=\"tr-TR\" dir=\"ltr\">\n<div class=\"screen-reader-response\"><p role=\"status\" aria-live=\"polite\" aria-atomic=\"true\"><\/p> <ul><\/ul><\/div>\n<form action=\"\/doktorsiteleridemolari\/wp-json\/wp\/v2\/pages\/2139#wpcf7-f2138-o1\" method=\"post\" class=\"wpcf7-form init\" novalidate=\"novalidate\" data-status=\"init\">\n<div style=\"display: none;\">\n<input type=\"hidden\" name=\"_wpcf7\" value=\"2138\" \/>\n<input type=\"hidden\" name=\"_wpcf7_version\" value=\"5.5.6\" \/>\n<input type=\"hidden\" name=\"_wpcf7_locale\" value=\"tr_TR\" \/>\n<input type=\"hidden\" name=\"_wpcf7_unit_tag\" value=\"wpcf7-f2138-o1\" \/>\n<input type=\"hidden\" name=\"_wpcf7_container_post\" value=\"0\" \/>\n<input type=\"hidden\" name=\"_wpcf7_posted_data_hash\" value=\"\" \/>\n<\/div>\n<p><label> Ad\u0131n\u0131z<br \/>\n    <span class=\"wpcf7-form-control-wrap your-name\"><input type=\"text\" name=\"your-name\" value=\"\" size=\"40\" class=\"wpcf7-form-control wpcf7-text wpcf7-validates-as-required\" aria-required=\"true\" aria-invalid=\"false\" \/><\/span> <\/label><\/p>\n<p><label> E-posta adresiniz<br \/>\n    <span class=\"wpcf7-form-control-wrap your-email\"><input type=\"email\" name=\"your-email\" value=\"\" size=\"40\" class=\"wpcf7-form-control wpcf7-text wpcf7-email wpcf7-validates-as-required wpcf7-validates-as-email\" aria-required=\"true\" aria-invalid=\"false\" \/><\/span> <\/label><\/p>\n<p><label> Konu<br \/>\n    <span class=\"wpcf7-form-control-wrap your-subject\"><input type=\"text\" name=\"your-subject\" value=\"\" size=\"40\" class=\"wpcf7-form-control wpcf7-text wpcf7-validates-as-required\" aria-required=\"true\" aria-invalid=\"false\" \/><\/span> <\/label><\/p>\n<p><label> \u0130letiniz (tercihe ba\u011fl\u0131)<br \/>\n    <span class=\"wpcf7-form-control-wrap your-message\"><textarea name=\"your-message\" cols=\"40\" rows=\"10\" class=\"wpcf7-form-control wpcf7-textarea\" aria-invalid=\"false\"><\/textarea><\/span> <\/label><\/p>\n<p><input type=\"submit\" value=\"G\u00f6nder\" class=\"wpcf7-form-control has-spinner wpcf7-submit\" \/><\/p>\n<div class=\"wpcf7-response-output\" aria-hidden=\"true\"><\/div><\/form><\/div><\/div><\/div><\/div><\/div><\/div><\/div><\/div><div class=\"wpb_column vc_column_container vc_col-sm-6\"><div class=\"vc_column-inner\"><div class=\"wpb_wrapper\"><div class=\"vc_row wpb_row vc_inner vc_row-fluid\"><div class=\"wpb_column vc_column_container vc_col-sm-12\"><div class=\"vc_column-inner\"><div class=\"wpb_wrapper\"><div class=\"vc_empty_space\"   style=\"height: 50px\"><span class=\"vc_empty_space_inner\"><\/span><\/div><\/div><\/div><\/div><\/div><div class=\"vc_row wpb_row vc_inner vc_row-fluid\"><div class=\"wpb_column iletisim7-bilgiler vc_column_container vc_col-sm-6\"><div class=\"vc_column-inner\"><div class=\"wpb_wrapper\"><div id=\"ts-vcsc-box-icon-7229405\" class=\"ts-vcsc-box-icon box ts-radius-medium icon_top-style ts-box-icon \"  style=\"margin-bottom:0px; margin-top:0px;\"><div class=\"ts-css-shadow  ts-radius-medium\" style=\"background-color: #fd725f;\"><div class=\"ts-icon-box-inner top-side  ts-radius-medium ts-icon-box-fixheight\" style=\"border: 3px solid #fd725f; padding: 15px 15px 15px 15px; height: 200px;\"><i style=\"margin: 0 auto 10px auto; float: none;; color:#ffffff;padding: 5px 5px; background-color:; width: 36px; height: 36px; font-size: 36px; line-height: 36px; \" class=\"ts-box-icon-title-icon fas fa-phone-alt ts-main-ico ts-font-icon  \"><\/i><div class=\"box-detail-wrapper\" style=\"clear: both;\"><div class=\"ts-box-icon-title\" style=\"width: auto !important; color:#ffffff; font-size:24px; font-weight:inherit; margin-bottom: 10px; text-align:center; \">Telefon<\/div><div class=\"ts-icon-box-content\" style=\"margin-top: 10px; font-size: 14px; line-height: 14px; \"><p style=\"text-align: center; color: white;\">+90 000 000 00 00<\/p>\n<\/div><\/div><\/div><div class=\"clearboth\"><\/div><\/div><\/div><div class=\"vc_empty_space\"   style=\"height: 16px\"><span class=\"vc_empty_space_inner\"><\/span><\/div><\/div><\/div><\/div><div class=\"wpb_column iletisim7-bilgiler vc_column_container vc_col-sm-6\"><div class=\"vc_column-inner\"><div class=\"wpb_wrapper\"><div id=\"ts-vcsc-box-icon-3606094\" class=\"ts-vcsc-box-icon box ts-radius-medium icon_top-style ts-box-icon \"  style=\"margin-bottom:0px; margin-top:0px;\"><div class=\"ts-css-shadow  ts-radius-medium\" style=\"background-color: #fd725f;\"><div class=\"ts-icon-box-inner top-side  ts-radius-medium ts-icon-box-fixheight\" style=\"border: 3px solid #fd725f; padding: 10px 10px 0px 10px; height: 200px;\"><i style=\"margin: 0 auto 10px auto; float: none;; color:#ffffff;padding: 5px 5px; background-color:; width: 36px; height: 36px; font-size: 36px; line-height: 36px; \" class=\"ts-box-icon-title-icon fas fa-map-marked-alt ts-main-ico ts-font-icon  \"><\/i><div class=\"box-detail-wrapper\" style=\"clear: both;\"><div class=\"ts-box-icon-title\" style=\"width: auto !important; color:#ffffff; font-size:24px; font-weight:inherit; margin-bottom: 10px; text-align:center; \">Adres<\/div><div class=\"ts-icon-box-content\" style=\"margin-top: 10px; font-size: 14px; line-height: 14px; \"><p style=\"text-align: center; color: white;\">Katip Salih Sokak, No : 9 Ko\u015fuyolu Mahallesi<br \/>\nKad\u0131k\u00f6y \/ \u0130stanbul<\/p>\n<\/div><\/div><\/div><div class=\"clearboth\"><\/div><\/div><\/div><div class=\"vc_empty_space\"   style=\"height: 16px\"><span class=\"vc_empty_space_inner\"><\/span><\/div><\/div><\/div><\/div><\/div><div class=\"vc_row wpb_row vc_inner vc_row-fluid\"><div class=\"wpb_column iletisim7-bilgiler vc_column_container vc_col-sm-6\"><div class=\"vc_column-inner\"><div class=\"wpb_wrapper\"><div class=\"vc_empty_space\"   style=\"height: 16px\"><span class=\"vc_empty_space_inner\"><\/span><\/div><div id=\"ts-vcsc-box-icon-8464989\" class=\"ts-vcsc-box-icon box ts-radius-medium icon_top-style ts-box-icon \"  style=\"margin-bottom:0px; margin-top:0px;\"><div class=\"ts-css-shadow  ts-radius-medium\" style=\"background-color: #fd725f;\"><div class=\"ts-icon-box-inner top-side  ts-radius-medium \" style=\"border: 3px solid #fd725f; padding: 15px 15px 15px 15px; \"><i style=\"margin: 0 auto 10px auto; float: none;; color:#ffffff;padding: 5px 5px; background-color:; width: 36px; height: 36px; font-size: 36px; line-height: 36px; \" class=\"ts-box-icon-title-icon fas fa-envelope ts-main-ico ts-font-icon  \"><\/i><div class=\"box-detail-wrapper\" style=\"clear: both;\"><div class=\"ts-box-icon-title\" style=\"width: auto !important; color:#ffffff; font-size:24px; font-weight:inherit; margin-bottom: 10px; text-align:center; \">Mail<\/div><div class=\"ts-icon-box-content\" style=\"margin-top: 10px; font-size: 14px; line-height: 14px; \"><p style=\"text-align: center; color: white;\">info@inolyzer.com<\/p>\n<\/div><\/div><\/div><div class=\"clearboth\"><\/div><\/div><\/div><\/div><\/div><\/div><div class=\"wpb_column iletisim7-bilgiler vc_column_container vc_col-sm-6\"><div class=\"vc_column-inner\"><div class=\"wpb_wrapper\"><div class=\"vc_empty_space\"   style=\"height: 16px\"><span class=\"vc_empty_space_inner\"><\/span><\/div><div id=\"ts-vcsc-box-icon-5575996\" class=\"ts-vcsc-box-icon box ts-radius-medium icon_top-style ts-box-icon \"  style=\"margin-bottom:0px; margin-top:0px;\"><div class=\"ts-css-shadow  ts-radius-medium\" style=\"background-color: #fd725f;\"><div class=\"ts-icon-box-inner top-side  ts-radius-medium \" style=\"border: 3px solid #fd725f; padding: 15px 15px 15px 15px; \"><i style=\"margin: 0 auto 10px auto; float: none;; color:#ffffff;padding: 5px 5px; background-color:; width: 36px; height: 36px; font-size: 36px; line-height: 36px; \" class=\"ts-box-icon-title-icon fas fa-fax ts-main-ico ts-font-icon  \"><\/i><div class=\"box-detail-wrapper\" style=\"clear: both;\"><div class=\"ts-box-icon-title\" style=\"width: auto !important; color:#ffffff; font-size:24px; font-weight:inherit; margin-bottom: 10px; text-align:center; \">Fax<\/div><div class=\"ts-icon-box-content\" style=\"margin-top: 10px; font-size: 14px; line-height: 14px; \"><p style=\"text-align: center; color: white;\">0000 000 00 00<\/p>\n<\/div><\/div><\/div><div class=\"clearboth\"><\/div><\/div><\/div><\/div><\/div><\/div><\/div><div class=\"vc_empty_space\"   style=\"height: 16px\"><span class=\"vc_empty_space_inner\"><\/span><\/div><\/div><\/div><\/div><\/div><\/section><section data-vc-full-width=\"true\" data-vc-full-width-init=\"false\" class=\"vc_section vc_custom_1634894775206 vc_section-has-fill\"><div class=\"vc_row wpb_row vc_row-fluid\"><div class=\"wpb_column vc_column_container vc_col-sm-12\"><div class=\"vc_column-inner\"><div class=\"wpb_wrapper\"><h2 style=\"font-size: 45px;color: #ffffff;text-align: center\" class=\"vc_custom_heading\" >\u00c7al\u0131\u015fma Saatleri<\/h2><div class=\"vc_row wpb_row vc_inner vc_row-fluid\"><div class=\"wpb_column vc_column_container vc_col-sm-3\"><div class=\"vc_column-inner\"><div class=\"wpb_wrapper\">\t<div class=\"wpb_gallery wpb_content_element vc_clearfix\">\n\t\t<div class=\"wpb_wrapper\">\n\t\t\t\t\t\t<div class=\"wpb_gallery_slides wpb_flexslider flexslider_fade flexslider\" data-interval=\"3\" data-flex_fx=\"fade\">\n\t\t\t\t<ul class=\"slides\"><li><a class=\"prettyphoto\" href=\"https:\/\/doktorsiteleri.com\/doktorsiteleridemolari\/wp-content\/uploads\/2021\/10\/clock-1.jpg\" rel=\"prettyPhoto[rel-1483452050]\"><img loading=\"lazy\" decoding=\"async\" width=\"500\" height=\"333\" src=\"https:\/\/doktorsiteleri.com\/doktorsiteleridemolari\/wp-content\/uploads\/2021\/10\/clock-1.jpg\" class=\"attachment-full\" alt=\"\" srcset=\"https:\/\/doktorsiteleri.com\/doktorsiteleridemolari\/wp-content\/uploads\/2021\/10\/clock-1.jpg 500w, https:\/\/doktorsiteleri.com\/doktorsiteleridemolari\/wp-content\/uploads\/2021\/10\/clock-1-300x200.jpg 300w\" sizes=\"auto, (max-width: 500px) 100vw, 500px\" \/><\/a><\/li><\/ul>\t\t\t<\/div>\n\t\t<\/div>\n\t<\/div>\n<\/div><\/div><\/div><div class=\"wpb_column iletisim7-table vc_column_container vc_col-sm-9\"><div class=\"vc_column-inner\"><div class=\"wpb_wrapper\">\n\t<div class=\"wpb_text_column wpb_content_element\" >\n\t\t<div class=\"wpb_wrapper\">\n\t\t\t<div class=\"iletisim7-calisma-dis\">\n<table>\n<tbody>\n<tr>\n<th>Pazartesi: 09:00 \u2013 18:00<\/th>\n<th>Per\u015fembe: 09:00 \u2013 18:00<\/th>\n<\/tr>\n<tr>\n<th>Sal\u0131: 09:00 \u2013 18:00<\/th>\n<th>Cuma: 09:00 \u2013 18:00<\/th>\n<\/tr>\n<tr>\n<th>\u00c7ar\u015famba: 09:00 \u2013 18:00<\/th>\n<th>Cumartesi: 09:00 \u2013 18:00<\/th>\n<\/tr>\n<\/tbody>\n<\/table>\n<\/div>\n\n\t\t<\/div>\n\t<\/div>\n<\/div><\/div><\/div><\/div><div class=\"vc_empty_space\"   style=\"height: 32px\"><span class=\"vc_empty_space_inner\"><\/span><\/div><\/div><\/div><\/div><\/div><\/section><div class=\"vc_row-full-width vc_clearfix\"><\/div>\n","protected":false},"excerpt":{"rendered":"Bize Ula\u015f\u0131n Ad\u0131n\u0131z E-posta adresiniz Konu \u0130letiniz (tercihe ba\u011fl\u0131) Telefon+90 000 000 00 00 AdresKatip Salih Sokak, No : 9","protected":false},"author":1,"featured_media":0,"parent":0,"menu_order":0,"comment_status":"closed","ping_status":"closed","template":"","meta":{"footnotes":""},"class_list":["post-2139","page","type-page","status-publish","hentry"],"_links":{"self":[{"href":"https:\/\/doktorsiteleri.com\/doktorsiteleridemolari\/wp-json\/wp\/v2\/pages\/2139","targetHints":{"allow":["GET"]}}],"collection":[{"href":"https:\/\/doktorsiteleri.com\/doktorsiteleridemolari\/wp-json\/wp\/v2\/pages"}],"about":[{"href":"https:\/\/doktorsiteleri.com\/doktorsiteleridemolari\/wp-json\/wp\/v2\/types\/page"}],"author":[{"embeddable":true,"href":"https:\/\/doktorsiteleri.com\/doktorsiteleridemolari\/wp-json\/wp\/v2\/users\/1"}],"replies":[{"embeddable":true,"href":"https:\/\/doktorsiteleri.com\/doktorsiteleridemolari\/wp-json\/wp\/v2\/comments?post=2139"}],"version-history":[{"count":0,"href":"https:\/\/doktorsiteleri.com\/doktorsiteleridemolari\/wp-json\/wp\/v2\/pages\/2139\/revisions"}],"wp:attachment":[{"href":"https:\/\/doktorsiteleri.com\/doktorsiteleridemolari\/wp-json\/wp\/v2\/media?parent=2139"}],"curies":[{"name":"wp","href":"https:\/\/api.w.org\/{rel}","templated":true}]}}