{"id":2145,"date":"2021-10-21T16:33:59","date_gmt":"2021-10-21T13:33:59","guid":{"rendered":"https:\/\/doktorsiteleri.com\/doktorsiteleridemolari\/?page_id=2145"},"modified":"2022-03-07T16:50:30","modified_gmt":"2022-03-07T13:50:30","slug":"hakkimizda-7","status":"publish","type":"page","link":"https:\/\/doktorsiteleri.com\/doktorsiteleridemolari\/hakkimizda-7\/","title":{"rendered":"Hakk\u0131m\u0131zda 7 \u2013 IN-DR-7"},"content":{"rendered":"<section data-vc-full-width=\"true\" data-vc-full-width-init=\"false\" class=\"vc_section vc_custom_1634824311927 vc_section-has-fill\"><div class=\"vc_row wpb_row vc_row-fluid\"><div class=\"wpb_column vc_column_container vc_col-sm-6\"><div class=\"vc_column-inner\"><div class=\"wpb_wrapper\">\n\t<div  class=\"wpb_single_image wpb_content_element vc_align_left hakkimizda7-img\">\n\t\t\n\t\t<figure class=\"wpb_wrapper vc_figure\">\n\t\t\t<div class=\"vc_single_image-wrapper   vc_box_border_grey\"><img loading=\"lazy\" decoding=\"async\" width=\"2400\" height=\"1600\" src=\"https:\/\/doktorsiteleri.com\/doktorsiteleridemolari\/wp-content\/uploads\/2021\/09\/blog-2.jpg\" class=\"vc_single_image-img attachment-full\" alt=\"\" srcset=\"https:\/\/doktorsiteleri.com\/doktorsiteleridemolari\/wp-content\/uploads\/2021\/09\/blog-2.jpg 2400w, https:\/\/doktorsiteleri.com\/doktorsiteleridemolari\/wp-content\/uploads\/2021\/09\/blog-2-300x200.jpg 300w, https:\/\/doktorsiteleri.com\/doktorsiteleridemolari\/wp-content\/uploads\/2021\/09\/blog-2-1024x683.jpg 1024w, https:\/\/doktorsiteleri.com\/doktorsiteleridemolari\/wp-content\/uploads\/2021\/09\/blog-2-768x512.jpg 768w, https:\/\/doktorsiteleri.com\/doktorsiteleridemolari\/wp-content\/uploads\/2021\/09\/blog-2-1536x1024.jpg 1536w, https:\/\/doktorsiteleri.com\/doktorsiteleridemolari\/wp-content\/uploads\/2021\/09\/blog-2-2048x1365.jpg 2048w\" sizes=\"auto, (max-width: 2400px) 100vw, 2400px\" \/><\/div>\n\t\t<\/figure>\n\t<\/div>\n\n\t<div class=\"wpb_text_column wpb_content_element\" >\n\t\t<div class=\"wpb_wrapper\">\n\t\t\t<div class=\"hakkimizda7-arkaplan\" style=\"text-align: right;\"><\/div>\n\n\t\t<\/div>\n\t<\/div>\n<\/div><\/div><\/div><div class=\"wpb_column vc_column_container vc_col-sm-6\"><div class=\"vc_column-inner\"><div class=\"wpb_wrapper\">\n\t<div class=\"wpb_text_column wpb_content_element\" >\n\t\t<div class=\"wpb_wrapper\">\n\t\t\t<p class=\"hakkimizda7header\">&#8220;Lorem Donec sollicitudin molestie malesuada. Mauris blandit aliquet elit, eget tincidunt nibh pulvinar a. &#8221;<\/p>\n\n\t\t<\/div>\n\t<\/div>\n<\/div><\/div><\/div><\/div><\/section><div class=\"vc_row-full-width vc_clearfix\"><\/div><div class=\"vc_row wpb_row vc_row-fluid\"><div class=\"wpb_column vc_column_container vc_col-sm-12 vc_hidden-sm vc_hidden-xs\"><div class=\"vc_column-inner\"><div class=\"wpb_wrapper\"><div class=\"vc_empty_space\"   style=\"height: 150px\"><span class=\"vc_empty_space_inner\"><\/span><\/div><\/div><\/div><\/div><\/div><div class=\"vc_row wpb_row vc_row-fluid\"><div class=\"wpb_column vc_column_container vc_col-sm-6\"><div class=\"vc_column-inner\"><div class=\"wpb_wrapper\"><div class=\"vc_empty_space\"   style=\"height: 75px\"><span class=\"vc_empty_space_inner\"><\/span><\/div><div class=\"vc_separator wpb_content_element vc_separator_align_left vc_sep_width_100 vc_sep_pos_align_center vc_sep_color_grey hakkimizda7-title vc_separator-has-text\" ><span class=\"vc_sep_holder vc_sep_holder_l\"><span  class=\"vc_sep_line\"><\/span><\/span><h4>Hakk\u0131m\u0131zda<\/h4><span class=\"vc_sep_holder vc_sep_holder_r\"><span  class=\"vc_sep_line\"><\/span><\/span>\n<\/div>\n\t<div class=\"wpb_text_column wpb_content_element\" >\n\t\t<div class=\"wpb_wrapper\">\n\t\t\t<p>I am text block. Click edit button to change this text. Lorem ipsum dolor sit amet, consectetur adipiscing elit. Ut elit tellus, luctus nec ullamcorper mattis, pulvinar dapibus leo.Vivamus magna justo, lacinia eget consectetur sed, convallis at tellus. Curabitur arcu erat, accumsan id imperdiet et, porttitor at sem. Vivamus suscipit tortor eget felis porttitor volutpat.<\/p>\n\n\t\t<\/div>\n\t<\/div>\n<\/div><\/div><\/div><div class=\"wpb_column hakkimizda7-text-img vc_column_container vc_col-sm-6\"><div class=\"vc_column-inner\"><div class=\"wpb_wrapper\">\n\t<div  class=\"wpb_single_image wpb_content_element vc_align_center\">\n\t\t\n\t\t<figure class=\"wpb_wrapper vc_figure\">\n\t\t\t<div class=\"vc_single_image-wrapper   vc_box_border_grey\"><img loading=\"lazy\" decoding=\"async\" width=\"300\" height=\"300\" src=\"https:\/\/doktorsiteleri.com\/doktorsiteleridemolari\/wp-content\/uploads\/2021\/09\/deneme.jpg\" class=\"vc_single_image-img attachment-full\" alt=\"\" srcset=\"https:\/\/doktorsiteleri.com\/doktorsiteleridemolari\/wp-content\/uploads\/2021\/09\/deneme.jpg 300w, https:\/\/doktorsiteleri.com\/doktorsiteleridemolari\/wp-content\/uploads\/2021\/09\/deneme-150x150.jpg 150w\" sizes=\"auto, (max-width: 300px) 100vw, 300px\" \/><\/div>\n\t\t<\/figure>\n\t<\/div>\n\n\t<div class=\"wpb_text_column wpb_content_element\" >\n\t\t<div class=\"wpb_wrapper\">\n\t\t\t<div class=\"hakkimizda7-arkaplan1\" style=\"text-align: right;\"><\/div>\n\n\t\t<\/div>\n\t<\/div>\n<\/div><\/div><\/div><\/div><div data-vc-full-width=\"true\" data-vc-full-width-init=\"false\" data-vc-stretch-content=\"true\" class=\"vc_row wpb_row vc_row-fluid vc_row-no-padding\"><div class=\"wpb_column vc_column_container vc_col-sm-12\"><div class=\"vc_column-inner\"><div class=\"wpb_wrapper\"><div class=\"vc_empty_space\"   style=\"height: 75px\"><span class=\"vc_empty_space_inner\"><\/span><\/div>\t\t\t<link rel=\"stylesheet\" id=\"wd-dividers-css\" href=\"https:\/\/doktorsiteleri.com\/doktorsiteleridemolari\/wp-content\/themes\/Woodmart\/css\/parts\/el-row-divider.min.css?ver=6.1.4\" type=\"text\/css\" media=\"all\" \/> \t\t\t\t\t\t<div id=\"wd-617259870a770\" class=\"wd-row-divider wd-617259870a770 dvr-position-bottom dvr-style-half-circle woodmart-row-divider\">\n\t\t\t\t<svg xmlns=\"http:\/\/www.w3.org\/2000\/svg\" version=\"1.1\" width=\"100%\" height=\"50px\" viewBox=\"0 347 612 100\" preserveAspectRatio=\"none\">\n\t<path d=\"M0,447V347c244.8,100,367.2,100,612,0v100H0z\"\/>\n<\/svg>\n\t\t\t\t\t\t\t<\/div>\n\t\t<\/div><\/div><\/div><\/div><div class=\"vc_row-full-width vc_clearfix\"><\/div><div data-vc-full-width=\"true\" data-vc-full-width-init=\"false\" class=\"vc_row wpb_row vc_row-fluid vc_custom_1634884028951 vc_row-has-fill\"><div class=\"wpb_column vc_column_container vc_col-sm-12\"><div class=\"vc_column-inner\"><div class=\"wpb_wrapper\"><div class=\"vc_empty_space\"   style=\"height: 75px\"><span class=\"vc_empty_space_inner\"><\/span><\/div><h2 style=\"font-size: 45px;color: #ffffff;text-align: center\" class=\"vc_custom_heading\" >\u00c7al\u0131\u015fma Saatleri<\/h2><div class=\"vc_empty_space\"   style=\"height: 35px\"><span class=\"vc_empty_space_inner\"><\/span><\/div>\n\t<div class=\"wpb_text_column wpb_content_element\" >\n\t\t<div class=\"wpb_wrapper\">\n\t\t\t<div class=\"hakkimizda7-calisma-dis\">\n<table>\n<tbody>\n<tr>\n<th>Pazartesi: 09:00 \u2013 18:00<\/th>\n<th>Per\u015fembe: 09:00 \u2013 18:00<\/th>\n<\/tr>\n<tr>\n<th>Sal\u0131: 09:00 \u2013 18:00<\/th>\n<th>Cuma: 09:00 \u2013 18:00<\/th>\n<\/tr>\n<tr>\n<th>\u00c7ar\u015famba: 09:00 \u2013 18:00<\/th>\n<th>Cumartesi: 09:00 \u2013 18:00<\/th>\n<\/tr>\n<\/tbody>\n<\/table>\n<\/div>\n\n\t\t<\/div>\n\t<\/div>\n<div class=\"vc_empty_space\"   style=\"height: 35px\"><span class=\"vc_empty_space_inner\"><\/span><\/div>\t\t\t<link rel=\"stylesheet\" id=\"wd-mfp-popup-css\" href=\"https:\/\/doktorsiteleri.com\/doktorsiteleridemolari\/wp-content\/themes\/Woodmart\/css\/parts\/lib-magnific-popup.min.css?ver=6.1.4\" type=\"text\/css\" media=\"all\" \/> \t\t\t<div id=\"wd-61725c82ea241\" class=\"wd-button-wrapper woodmart-button-wrapper text-center\"><a href=\"#my_popup\" title=\"\" class=\"btn btn-color-white btn-style-bordered btn-shape-semi-round btn-size-extra-large wd-open-popup  btn-icon-pos-right\">Randevu Al<span class=\"wd-btn-icon\"><span class=\"wd-icon fas fa-calendar-check\"><\/span><\/span><\/a><\/div><div id=\"my_popup\" class=\"mfp-with-anim wd-popup mfp-hide woodmart-content-popup\" style=\"max-width:800px;\"><div class=\"wd-popup-inner\"><div role=\"form\" class=\"wpcf7\" id=\"wpcf7-f2147-o1\" lang=\"tr-TR\" dir=\"ltr\">\n<div class=\"screen-reader-response\"><p role=\"status\" aria-live=\"polite\" aria-atomic=\"true\"><\/p> <ul><\/ul><\/div>\n<form action=\"\/doktorsiteleridemolari\/wp-json\/wp\/v2\/pages\/2145#wpcf7-f2147-o1\" method=\"post\" class=\"wpcf7-form init\" novalidate=\"novalidate\" data-status=\"init\">\n<div style=\"display: none;\">\n<input type=\"hidden\" name=\"_wpcf7\" value=\"2147\" \/>\n<input type=\"hidden\" name=\"_wpcf7_version\" value=\"5.5.6\" \/>\n<input type=\"hidden\" name=\"_wpcf7_locale\" value=\"tr_TR\" \/>\n<input type=\"hidden\" name=\"_wpcf7_unit_tag\" value=\"wpcf7-f2147-o1\" \/>\n<input type=\"hidden\" name=\"_wpcf7_container_post\" value=\"0\" \/>\n<input type=\"hidden\" name=\"_wpcf7_posted_data_hash\" value=\"\" \/>\n<\/div>\n<p><label> Ad-Soyad<br \/>\n    <span class=\"wpcf7-form-control-wrap your-name\"><input type=\"text\" name=\"your-name\" value=\"\" size=\"40\" class=\"wpcf7-form-control wpcf7-text wpcf7-validates-as-required\" aria-required=\"true\" aria-invalid=\"false\" \/><\/span> <\/label><\/p>\n<p><label> E-posta<br \/>\n    <span class=\"wpcf7-form-control-wrap your-email\"><input type=\"email\" name=\"your-email\" value=\"\" size=\"40\" class=\"wpcf7-form-control wpcf7-text wpcf7-email wpcf7-validates-as-required wpcf7-validates-as-email\" aria-required=\"true\" aria-invalid=\"false\" \/><\/span> <\/label><\/p>\n<p><label> Randevu Tarihi<br \/>\n    <span class=\"wpcf7-form-control-wrap date-398\"><input type=\"date\" name=\"date-398\" value=\"\" class=\"wpcf7-form-control wpcf7-date wpcf7-validates-as-required wpcf7-validates-as-date\" aria-required=\"true\" aria-invalid=\"false\" \/><\/span> <\/label><\/p>\n<p><label>Doktor tercihi <span class=\"wpcf7-form-control-wrap doktorlar\"><select name=\"doktorlar\" class=\"wpcf7-form-control wpcf7-select hakkimizda7-form\" aria-invalid=\"false\"><option value=\"Dr. Ali Bal\">Dr. Ali Bal<\/option><option value=\"Dr. Melis Tun\u00e7\">Dr. Melis Tun\u00e7<\/option><option value=\"Dr. Ahmet Demir\">Dr. Ahmet Demir<\/option><\/select><\/span><\/label><\/p>\n<p><label> Mesaj\u0131n\u0131z<br \/>\n    <span class=\"wpcf7-form-control-wrap your-message\"><textarea name=\"your-message\" cols=\"40\" rows=\"10\" class=\"wpcf7-form-control wpcf7-textarea\" aria-invalid=\"false\"><\/textarea><\/span> <\/label><\/p>\n<p><input type=\"submit\" value=\"Randevu talep et\" class=\"wpcf7-form-control has-spinner wpcf7-submit hakkimizda7-button\" \/><\/p>\n<div class=\"wpcf7-response-output\" aria-hidden=\"true\"><\/div><\/form><\/div><\/div><\/div><div class=\"vc_empty_space\"   style=\"height: 75px\"><span class=\"vc_empty_space_inner\"><\/span><\/div><\/div><\/div><\/div><\/div><div class=\"vc_row-full-width vc_clearfix\"><\/div><div data-vc-full-width=\"true\" data-vc-full-width-init=\"false\" data-vc-stretch-content=\"true\" class=\"vc_row wpb_row vc_row-fluid hakkimizda7-section vc_row-no-padding\"><div class=\"wpb_column vc_column_container vc_col-sm-12\"><div class=\"vc_column-inner\"><div class=\"wpb_wrapper\">\t\t\t<div id=\"wd-6172598c1996d\" class=\"wd-row-divider wd-6172598c1996d dvr-position-top dvr-style-half-circle woodmart-row-divider\">\n\t\t\t\t<svg xmlns=\"http:\/\/www.w3.org\/2000\/svg\" version=\"1.1\" width=\"100%\" height=\"50px\" viewBox=\"0 347 612 100\" preserveAspectRatio=\"none\">\n\t<path d=\"M0,347v100c244.8-100,367.2-100,612,0V347H0z\"\/>\n<\/svg>\n\t\t\t\t\t\t\t<\/div>\n\t\t<\/div><\/div><\/div><\/div><div class=\"vc_row-full-width vc_clearfix\"><\/div><div class=\"vc_row wpb_row vc_row-fluid\"><div class=\"wpb_column vc_column_container vc_col-sm-6\"><div class=\"vc_column-inner\"><div class=\"wpb_wrapper\"><div class=\"vc_empty_space\"   style=\"height: 35px\"><span class=\"vc_empty_space_inner\"><\/span><\/div><div class=\"vc_separator wpb_content_element vc_separator_align_left vc_sep_width_70 vc_sep_pos_align_center vc_sep_color_grey hakkimizda7-title vc_separator-has-text\" ><span class=\"vc_sep_holder vc_sep_holder_l\"><span  class=\"vc_sep_line\"><\/span><\/span><h4>Ekip<\/h4><span class=\"vc_sep_holder vc_sep_holder_r\"><span  class=\"vc_sep_line\"><\/span><\/span>\n<\/div><div class=\"vc_empty_space\"   style=\"height: 35px\"><span class=\"vc_empty_space_inner\"><\/span><\/div><\/div><\/div><\/div><div class=\"wpb_column vc_column_container vc_col-sm-6\"><div class=\"vc_column-inner\"><div class=\"wpb_wrapper\"><\/div><\/div><\/div><\/div><div class=\"vc_row wpb_row vc_row-fluid hakkimizda7-ekip\"><div class=\"wpb_column vc_column_container vc_col-sm-4\"><div class=\"vc_column-inner\"><div class=\"wpb_wrapper\">\t\t\t<link rel=\"stylesheet\" id=\"wd-info-box-css\" href=\"https:\/\/doktorsiteleri.com\/doktorsiteleridemolari\/wp-content\/themes\/Woodmart\/css\/parts\/el-info-box.min.css?ver=6.1.4\" type=\"text\/css\" media=\"all\" \/> \t\t\t\t\t\t<div class=\"info-box-wrapper \">\n\t\t\t\t<div id=\"wd-618a25d7746e0\" class=\" wd-info-box woodmart-info-box wd-wpb text-left box-icon-align-top box-style-bg-hover color-scheme- wd-bg-none color-scheme-hover-light box-title-default with-btn box-btn-hover \"  >\n\t\t\t\t\t\t\t\t\t\t\t<div class=\"box-icon-wrapper  box-with-icon box-icon-simple\">\n\t\t\t\t\t\t\t<div class=\"info-box-icon\">\n\n\t\t\t\t\t\t\t\n\t\t\t\t\t\t\t\t\t\t\t\t\t\t\t\t\t<img loading=\"lazy\" decoding=\"async\" class=\"info-icon image-1 \" src=\"https:\/\/doktorsiteleri.com\/doktorsiteleridemolari\/wp-content\/uploads\/2021\/09\/pexels-anthony-shkraba-5214995-scaled-250x250.jpg\" width=\"250\" height=\"250\" alt=\"pexels-anthony-shkraba-5214995\" title=\"pexels-anthony-shkraba-5214995\" \/>\t\t\t\t\t\t\t\t\t\t\t\t\t\t\t\n\t\t\t\t\t\t\t<\/div>\n\t\t\t\t\t\t<\/div>\n\t\t\t\t\t\t\t\t\t\t<div class=\"info-box-content\">\n\t\t\t\t\t\t<h4 class=\"info-box-title title wd-font-weight- box-title-style-underlined font-primary wd-fontsize-m\">Dr. Melis Tun\u00e7<\/h4>\t\t\t\t\t\t<div class=\"info-box-inner set-cont-mb-s reset-last-child\">\n\t\t\t\t\t\t\t<p>Donec sollicitudin molestie malesuada. Proin eget tortor risus. Vivamus magna justo, lacinia eget consectetur sed, convallis at tellus.<\/p>\n\t\t\t\t\t\t<\/div>\n\n\t\t\t\t\t\t<div class=\"info-btn-wrapper\"><div id=\"wd-69e4dab047d41\" class=\"wd-button-wrapper woodmart-button-wrapper text-left\"><a  class=\"btn btn-color-white btn-style-3d btn-shape-semi-round btn-size-large\">\u0130leti\u015fim<\/a><\/div><\/div>\n\t\t\t\t\t<\/div>\n\n\t\t\t\t\t<style>#wd-618a25d7746e0:after {background-image:-webkit-linear-gradient(left , rgb(48, 143, 182) , rgba(53, 155, 196, 0.88) 33% , rgb(57, 179, 229) 66% , rgb(255, 255, 255) 100%);background-image:-moz-linear-gradient(left , rgb(48, 143, 182) , rgba(53, 155, 196, 0.88) 33% , rgb(57, 179, 229) 66% , rgb(255, 255, 255) 100%);background-image:-o-linear-gradient(left , rgb(48, 143, 182) , rgba(53, 155, 196, 0.88) 33% , rgb(57, 179, 229) 66% , rgb(255, 255, 255) 100%);background-image:linear-gradient(left , rgb(48, 143, 182) , rgba(53, 155, 196, 0.88) 33% , rgb(57, 179, 229) 66% , rgb(255, 255, 255) 100%);background-image:-ms-linear-gradient(left , rgb(48, 143, 182) , rgba(53, 155, 196, 0.88) 33% , rgb(57, 179, 229) 66% , rgb(255, 255, 255) 100%); !important;}<\/style>\t\t\t\t<\/div>\n\t\t\t<\/div>\n\t\t<\/div><\/div><\/div><div class=\"wpb_column vc_column_container vc_col-sm-4\"><div class=\"vc_column-inner\"><div class=\"wpb_wrapper\">\t\t\t<div class=\"info-box-wrapper \">\n\t\t\t\t<div id=\"wd-618a260c842d5\" class=\" wd-info-box woodmart-info-box wd-wpb text-left box-icon-align-top box-style-bg-hover color-scheme- wd-bg-none color-scheme-hover-light box-title-default with-btn box-btn-hover \"  >\n\t\t\t\t\t\t\t\t\t\t\t<div class=\"box-icon-wrapper  box-with-icon box-icon-simple\">\n\t\t\t\t\t\t\t<div class=\"info-box-icon\">\n\n\t\t\t\t\t\t\t\n\t\t\t\t\t\t\t\t\t\t\t\t\t\t\t\t\t<img loading=\"lazy\" decoding=\"async\" class=\"info-icon image-1 \" src=\"https:\/\/doktorsiteleri.com\/doktorsiteleridemolari\/wp-content\/uploads\/2021\/09\/ekip1-250x250.jpg\" width=\"250\" height=\"250\" alt=\"ekip1\" title=\"ekip1\" \/>\t\t\t\t\t\t\t\t\t\t\t\t\t\t\t\n\t\t\t\t\t\t\t<\/div>\n\t\t\t\t\t\t<\/div>\n\t\t\t\t\t\t\t\t\t\t<div class=\"info-box-content\">\n\t\t\t\t\t\t<h4 class=\"info-box-title title wd-font-weight- box-title-style-underlined font-primary wd-fontsize-m\">Prof. Dr. Ali Bal<\/h4>\t\t\t\t\t\t<div class=\"info-box-inner set-cont-mb-s reset-last-child\">\n\t\t\t\t\t\t\t<p>Donec sollicitudin molestie malesuada. Proin eget tortor risus. Vivamus magna justo, lacinia eget consectetur sed, convallis at tellus.<\/p>\n\t\t\t\t\t\t<\/div>\n\n\t\t\t\t\t\t<div class=\"info-btn-wrapper\"><div id=\"wd-69e4dab049309\" class=\"wd-button-wrapper woodmart-button-wrapper text-left\"><a  class=\"btn btn-color-white btn-style-3d btn-shape-semi-round btn-size-large\">\u0130leti\u015fim<\/a><\/div><\/div>\n\t\t\t\t\t<\/div>\n\n\t\t\t\t\t<style>#wd-618a260c842d5:after {background-image:-webkit-linear-gradient(left , rgb(48, 143, 182) , rgba(53, 155, 196, 0.88) 33% , rgb(57, 179, 229) 66% , rgb(255, 255, 255) 100%);background-image:-moz-linear-gradient(left , rgb(48, 143, 182) , rgba(53, 155, 196, 0.88) 33% , rgb(57, 179, 229) 66% , rgb(255, 255, 255) 100%);background-image:-o-linear-gradient(left , rgb(48, 143, 182) , rgba(53, 155, 196, 0.88) 33% , rgb(57, 179, 229) 66% , rgb(255, 255, 255) 100%);background-image:linear-gradient(left , rgb(48, 143, 182) , rgba(53, 155, 196, 0.88) 33% , rgb(57, 179, 229) 66% , rgb(255, 255, 255) 100%);background-image:-ms-linear-gradient(left , rgb(48, 143, 182) , rgba(53, 155, 196, 0.88) 33% , rgb(57, 179, 229) 66% , rgb(255, 255, 255) 100%); !important;}<\/style>\t\t\t\t<\/div>\n\t\t\t<\/div>\n\t\t<\/div><\/div><\/div><div class=\"wpb_column vc_column_container vc_col-sm-4\"><div class=\"vc_column-inner\"><div class=\"wpb_wrapper\">\t\t\t<div class=\"info-box-wrapper \">\n\t\t\t\t<div id=\"wd-618a26143c2d9\" class=\" wd-info-box woodmart-info-box wd-wpb text-left box-icon-align-top box-style-bg-hover color-scheme- wd-bg-none color-scheme-hover-light box-title-default with-btn box-btn-hover \"  >\n\t\t\t\t\t\t\t\t\t\t\t<div class=\"box-icon-wrapper  box-with-icon box-icon-simple\">\n\t\t\t\t\t\t\t<div class=\"info-box-icon\">\n\n\t\t\t\t\t\t\t\n\t\t\t\t\t\t\t\t\t\t\t\t\t\t\t\t\t<img loading=\"lazy\" decoding=\"async\" class=\"info-icon image-1 \" src=\"https:\/\/doktorsiteleri.com\/doktorsiteleridemolari\/wp-content\/uploads\/2021\/09\/ekip4-250x250.jpg\" width=\"250\" height=\"250\" alt=\"ekip4\" title=\"ekip4\" \/>\t\t\t\t\t\t\t\t\t\t\t\t\t\t\t\n\t\t\t\t\t\t\t<\/div>\n\t\t\t\t\t\t<\/div>\n\t\t\t\t\t\t\t\t\t\t<div class=\"info-box-content\">\n\t\t\t\t\t\t<h4 class=\"info-box-title title wd-font-weight- box-title-style-underlined font-primary wd-fontsize-m\">Dr. Ahmet Demir<\/h4>\t\t\t\t\t\t<div class=\"info-box-inner set-cont-mb-s reset-last-child\">\n\t\t\t\t\t\t\t<p>Donec sollicitudin molestie malesuada. Proin eget tortor risus. Vivamus magna justo, lacinia eget consectetur sed, convallis at tellus.<\/p>\n\t\t\t\t\t\t<\/div>\n\n\t\t\t\t\t\t<div class=\"info-btn-wrapper\"><div id=\"wd-69e4dab04a85c\" class=\"wd-button-wrapper woodmart-button-wrapper text-left\"><a  class=\"btn btn-color-white btn-style-3d btn-shape-semi-round btn-size-large\">\u0130leti\u015fim<\/a><\/div><\/div>\n\t\t\t\t\t<\/div>\n\n\t\t\t\t\t<style>#wd-618a26143c2d9:after {background-image:-webkit-linear-gradient(left , rgb(48, 143, 182) , rgba(53, 155, 196, 0.88) 33% , rgb(57, 179, 229) 66% , rgb(255, 255, 255) 100%);background-image:-moz-linear-gradient(left , rgb(48, 143, 182) , rgba(53, 155, 196, 0.88) 33% , rgb(57, 179, 229) 66% , rgb(255, 255, 255) 100%);background-image:-o-linear-gradient(left , rgb(48, 143, 182) , rgba(53, 155, 196, 0.88) 33% , rgb(57, 179, 229) 66% , rgb(255, 255, 255) 100%);background-image:linear-gradient(left , rgb(48, 143, 182) , rgba(53, 155, 196, 0.88) 33% , rgb(57, 179, 229) 66% , rgb(255, 255, 255) 100%);background-image:-ms-linear-gradient(left , rgb(48, 143, 182) , rgba(53, 155, 196, 0.88) 33% , rgb(57, 179, 229) 66% , rgb(255, 255, 255) 100%); !important;}<\/style>\t\t\t\t<\/div>\n\t\t\t<\/div>\n\t\t<\/div><\/div><\/div><\/div>\n","protected":false},"excerpt":{"rendered":"\"Lorem Donec sollicitudin molestie malesuada. Mauris blandit aliquet elit, eget tincidunt nibh pulvinar a. '' Hakk\u0131m\u0131zda I am text block.","protected":false},"author":1,"featured_media":0,"parent":0,"menu_order":0,"comment_status":"closed","ping_status":"closed","template":"","meta":{"footnotes":""},"class_list":["post-2145","page","type-page","status-publish","hentry"],"_links":{"self":[{"href":"https:\/\/doktorsiteleri.com\/doktorsiteleridemolari\/wp-json\/wp\/v2\/pages\/2145","targetHints":{"allow":["GET"]}}],"collection":[{"href":"https:\/\/doktorsiteleri.com\/doktorsiteleridemolari\/wp-json\/wp\/v2\/pages"}],"about":[{"href":"https:\/\/doktorsiteleri.com\/doktorsiteleridemolari\/wp-json\/wp\/v2\/types\/page"}],"author":[{"embeddable":true,"href":"https:\/\/doktorsiteleri.com\/doktorsiteleridemolari\/wp-json\/wp\/v2\/users\/1"}],"replies":[{"embeddable":true,"href":"https:\/\/doktorsiteleri.com\/doktorsiteleridemolari\/wp-json\/wp\/v2\/comments?post=2145"}],"version-history":[{"count":0,"href":"https:\/\/doktorsiteleri.com\/doktorsiteleridemolari\/wp-json\/wp\/v2\/pages\/2145\/revisions"}],"wp:attachment":[{"href":"https:\/\/doktorsiteleri.com\/doktorsiteleridemolari\/wp-json\/wp\/v2\/media?parent=2145"}],"curies":[{"name":"wp","href":"https:\/\/api.w.org\/{rel}","templated":true}]}}