{"id":2241,"date":"2022-04-01T11:23:39","date_gmt":"2022-04-01T08:23:39","guid":{"rendered":"https:\/\/doktorsiteleri.com\/doktorsiteleridemolari\/?page_id=2241"},"modified":"2022-04-01T15:20:12","modified_gmt":"2022-04-01T12:20:12","slug":"hakkimizda-14-in-dr-14","status":"publish","type":"page","link":"https:\/\/doktorsiteleri.com\/doktorsiteleridemolari\/hakkimizda-14-in-dr-14\/","title":{"rendered":"Hakk\u0131m\u0131zda 14 \u2013 IN-DR-14"},"content":{"rendered":"<div data-vc-full-width=\"true\" data-vc-full-width-init=\"false\" class=\"vc_row wpb_row vc_row-fluid vc_custom_1648814932926 vc_row-has-fill wd-bg-right-center mobile-bg-img-hidden\"><div class=\"wpb_column banner-hak14 vc_column_container vc_col-sm-6\"><div class=\"vc_column-inner vc_custom_1648815121506\"><div class=\"wpb_wrapper\">\n\t<div class=\"wpb_text_column wpb_content_element\" >\n\t\t<div class=\"wpb_wrapper\">\n\t\t\t<div class=\"hak-14-banner\">White Klinik<\/div>\n\n\t\t<\/div>\n\t<\/div>\n\n\t<div class=\"wpb_text_column wpb_content_element\" >\n\t\t<div class=\"wpb_wrapper\">\n\t\t\t<p>I am text block. Click edit button to change this text. Lorem ipsum dolor sit amet, consectetur adipiscing elit. Ut elit tellus, luctus nec ullamcorper mattis, pulvinar dapibus leo.I am text block. Click edit button to change this text. Lorem ipsum dolor sit amet, consectetur adipiscing elit. Ut elit tellus, luctus nec ullamcorper mattis, pulvinar dapibus leo.<\/p>\n\n\t\t<\/div>\n\t<\/div>\n<div class=\"vc_row wpb_row vc_inner vc_row-fluid\"><div class=\"wpb_column hak14-buttons vc_column_container vc_col-sm-6\"><div class=\"vc_column-inner\"><div class=\"wpb_wrapper\"><div id=\"wd-6246e29380ae5\" class=\"wd-button-wrapper woodmart-button-wrapper wd-smooth-scroll text-center inline-element\" data-smooth-time=\"100\" data-smooth-offset=\"100\"><a  class=\"btn btn-color-primary btn-style-3d btn-shape-semi-round btn-size-default btn-icon-pos-left\">\u0130leti\u015fim<span class=\"wd-btn-icon\"><span class=\"wd-icon fas fa-phone-alt\"><\/span><\/span><\/a><\/div><div id=\"wd-6246e26a47678\" class=\"wd-button-wrapper woodmart-button-wrapper wd-smooth-scroll text-center inline-element\" data-smooth-time=\"100\" data-smooth-offset=\"100\"><a  class=\"btn btn-color-alt btn-style-3d btn-shape-semi-round btn-size-default btn-icon-pos-left\">Randevu Al<span class=\"wd-btn-icon\"><span class=\"wd-icon fas fa-calendar-alt\"><\/span><\/span><\/a><\/div><\/div><\/div><\/div><div class=\"wpb_column vc_column_container vc_col-sm-6\"><div class=\"vc_column-inner\"><div class=\"wpb_wrapper\"><\/div><\/div><\/div><\/div><\/div><\/div><\/div><div class=\"wpb_column vc_column_container vc_col-sm-6 vc_hidden-sm vc_hidden-xs wd-bg-right-center\"><div class=\"vc_column-inner vc_custom_1648814964117\"><div class=\"wpb_wrapper\"><\/div><\/div><\/div><\/div><div class=\"vc_row-full-width vc_clearfix\"><\/div><section data-vc-full-width=\"true\" data-vc-full-width-init=\"false\" class=\"vc_section vc_custom_1629210149163 vc_section-has-fill\"><div data-vc-full-width=\"true\" data-vc-full-width-init=\"false\" data-vc-stretch-content=\"true\" class=\"vc_row wpb_row vc_row-fluid vc_row-no-padding\"><div class=\"wpb_column vc_column_container vc_col-sm-12\"><div class=\"vc_column-inner vc_custom_1629210156898\"><div class=\"wpb_wrapper\">\t\t\t<link rel=\"stylesheet\" id=\"wd-dividers-css\" href=\"https:\/\/doktorsiteleri.com\/doktorsiteleridemolari\/wp-content\/themes\/Woodmart\/css\/parts\/el-row-divider.min.css?ver=6.1.4\" type=\"text\/css\" media=\"all\" \/> \t\t\t\t\t\t<div id=\"wd-61b0e38292371\" class=\"wd-row-divider wd-61b0e38292371 dvr-position-top dvr-style-sweet-wave woodmart-row-divider\">\n\t\t\t\t<svg width=\"100%\" height=\"50px\" viewBox=\"0 0 1920 80\" xmlns=\"http:\/\/www.w3.org\/2000\/svg\" preserveAspectRatio=\"none\">\n<path class=\"elementor-shape-fill\" d=\"M1920,60s-169.5,20-510,20S850.5,20,510,20,0,60,0,60V0H1920Z\" \/>\n<\/svg>\n\t\t\t\t\t\t\t<\/div>\n\t\t<\/div><\/div><\/div><\/div><div class=\"vc_row-full-width vc_clearfix\"><\/div><div data-vc-full-width=\"true\" data-vc-full-width-init=\"false\" class=\"vc_row wpb_row vc_row-fluid vc_custom_1629210335179 vc_row-has-fill vc_row-o-content-middle vc_row-flex wd-bg-right-bottom mobile-bg-img-hidden\"><div class=\"wpb_column vc_column_container vc_col-sm-12 vc_col-lg-6 vc_col-md-6\"><div class=\"vc_column-inner vc_custom_1629210162618\"><div class=\"wpb_wrapper\"><div class=\"vc_icon_element vc_icon_element-outer vc_custom_1648813245047 vc_icon_element-align-left vc_icon_element-have-style\"><div class=\"vc_icon_element-inner vc_icon_element-color-white vc_icon_element-have-style-inner vc_icon_element-size-lg vc_icon_element-style-boxed vc_icon_element-background vc_icon_element-background-color-custom\"  style=\"background-color:#27abb7\"><span class=\"vc_icon_element-icon far fa-building\" ><\/span><\/div><\/div>\n\t<div  class=\"wpb_single_image wpb_content_element vc_align_left hak-14-img\">\n\t\t\n\t\t<figure class=\"wpb_wrapper vc_figure\">\n\t\t\t<div class=\"vc_single_image-wrapper   vc_box_border_grey\"><img loading=\"lazy\" decoding=\"async\" width=\"590\" height=\"420\" src=\"https:\/\/doktorsiteleri.com\/doktorsiteleridemolari\/wp-content\/uploads\/2022\/04\/medical-img-1.png\" class=\"vc_single_image-img attachment-full\" alt=\"\" srcset=\"https:\/\/doktorsiteleri.com\/doktorsiteleridemolari\/wp-content\/uploads\/2022\/04\/medical-img-1.png 590w, https:\/\/doktorsiteleri.com\/doktorsiteleridemolari\/wp-content\/uploads\/2022\/04\/medical-img-1-300x214.png 300w\" sizes=\"auto, (max-width: 590px) 100vw, 590px\" \/><\/div>\n\t\t<\/figure>\n\t<\/div>\n<\/div><\/div><\/div><div class=\"wpb_column vc_column_container vc_col-sm-10 vc_col-lg-offset-0 vc_col-lg-6 vc_col-md-6 vc_col-xs-12 wd-bg-right-bottom\"><div class=\"vc_column-inner vc_custom_1629210323858\"><div class=\"wpb_wrapper\">\t\t\t<link rel=\"stylesheet\" id=\"wd-section-title-css\" href=\"https:\/\/doktorsiteleri.com\/doktorsiteleridemolari\/wp-content\/themes\/Woodmart\/css\/parts\/el-section-title.min.css?ver=6.1.4\" type=\"text\/css\" media=\"all\" \/> \t\t\t\t\t\n\t\t<div id=\"wd-6246bd5738285\" class=\"title-wrapper wd-wpb set-mb-s reset-last-child  wd-title-color-primary wd-title-style-default wd-width-80 text-left vc_custom_1648803164250\">\n\t\t\t\t\t\t\t<div class=\"title-subtitle  subtitle-color-primary font-default subtitle-style-default wd-font-weight- wd-fontsize-xs\">Sizin i\u00e7in en iyisi White Klinik<\/div>\n\t\t\t\n\t\t\t<div class=\"liner-continer\">\n\t\t\t\t<h4 class=\"woodmart-title-container title  wd-font-weight- wd-fontsize-xxl\" >Neden White Klinik<\/h4>\n\t\t\t\t\t\t\t<\/div>\n\t\t\t\n\t\t\t\t\t\t\t<div class=\"title-after_title  set-cont-mb-s reset-last-child  wd-fontsize-s\">A client that's unhappy for a reason is a problem, a client that's unhappy though he or her can't quite put a finger on it is worse there's dummy copy to the rescue.<\/div>\n\t\t\t\n\t\t\t\t\t<\/div>\n\t\t\n\t\t<div class=\"vc_progress_bar wpb_content_element vc_custom_1648813256236\" ><div class=\"vc_general vc_single_bar\"><small class=\"vc_label\" style=\"color:#ffffff;\">Olumlu Geri D\u00f6n\u00fc\u015fler<\/small><span class=\"vc_bar \" data-percentage-value=\"67\" data-value=\"67\" style=\"background-color:#27abb7;\"><\/span><\/div><div class=\"vc_general vc_single_bar\"><small class=\"vc_label\" style=\"color:#ffffff;\">Ba\u015far\u0131l\u0131 Operasyonlar\u0131m\u0131z<\/small><span class=\"vc_bar \" data-percentage-value=\"89\" data-value=\"89\" style=\"background-color:#27abb7;\"><\/span><\/div><div class=\"vc_general vc_single_bar\"><small class=\"vc_label\" style=\"color:#ffffff;\">Hizmet Alanlar\u0131m\u0131z<\/small><span class=\"vc_bar \" data-percentage-value=\"75\" data-value=\"75\" style=\"background-color:#27abb7;\"><\/span><\/div><\/div><\/div><\/div><\/div><\/div><div class=\"vc_row-full-width vc_clearfix\"><\/div><div data-vc-full-width=\"true\" data-vc-full-width-init=\"false\" data-vc-stretch-content=\"true\" class=\"vc_row wpb_row vc_row-fluid vc_row-no-padding\"><div class=\"wpb_column vc_column_container vc_col-sm-12\"><div class=\"vc_column-inner vc_custom_1564497848562\"><div class=\"wpb_wrapper\">\t\t\t<div id=\"wd-61b0e38b70a22\" class=\"wd-row-divider wd-61b0e38b70a22 dvr-position-bottom dvr-style-sweet-wave woodmart-row-divider\">\n\t\t\t\t<svg width=\"100%\" height=\"50px\" viewBox=\"0 0 1920 80\" xmlns=\"http:\/\/www.w3.org\/2000\/svg\" preserveAspectRatio=\"none\">\n<path d=\"M0 20C0 20 169.5 0 510 0C850.5 0 1069.5 60 1410 60C1750.5 60 1920 20 1920 20V80H0V20Z\" \/>\n<\/svg>\n\t\t\t\t\t\t\t<\/div>\n\t\t<\/div><\/div><\/div><\/div><div class=\"vc_row-full-width vc_clearfix\"><\/div><\/section><div class=\"vc_row-full-width vc_clearfix\"><\/div><section class=\"vc_section\"><div class=\"vc_row wpb_row vc_row-fluid vc_custom_1636653290933\"><div class=\"wpb_column vc_column_container vc_col-sm-12\"><div class=\"vc_column-inner\"><div class=\"wpb_wrapper\">\t\t\n\t\t<div id=\"wd-6246e934e83ad\" class=\"title-wrapper wd-wpb set-mb-s reset-last-child  wd-title-color-primary wd-title-style-bordered wd-width-100 text-center vc_custom_1648814393218\">\n\t\t\t\t\t\t\t<div class=\"title-subtitle  subtitle-color-primary font-default subtitle-style-default wd-font-weight- wd-fontsize-xs\">White Klinik<\/div>\n\t\t\t\n\t\t\t<div class=\"liner-continer\">\n\t\t\t\t<h4 class=\"woodmart-title-container title  wd-font-weight- wd-fontsize-l\" >White Klinik Doktorlar\u0131 Kimdir ?<\/h4>\n\t\t\t\t\t\t\t<\/div>\n\t\t\t\n\t\t\t\n\t\t\t\t\t<\/div>\n\t\t\n\t\t<div class=\"vc_row wpb_row vc_inner vc_row-fluid vc_row-o-content-top vc_row-flex\">\t\t\t<link rel=\"stylesheet\" id=\"wd-social-icons-css\" href=\"https:\/\/doktorsiteleri.com\/doktorsiteleridemolari\/wp-content\/themes\/Woodmart\/css\/parts\/el-social-icons.min.css?ver=6.1.4\" type=\"text\/css\" media=\"all\" \/> \t\t\t\t\t\t<link rel=\"stylesheet\" id=\"wd-team-member-css\" href=\"https:\/\/doktorsiteleri.com\/doktorsiteleridemolari\/wp-content\/themes\/Woodmart\/css\/parts\/el-team-member.min.css?ver=6.1.4\" type=\"text\/css\" media=\"all\" \/> \t\t\t<div class=\"wpb_column vc_column_container vc_col-sm-3\"><div class=\"vc_column-inner\"><div class=\"wpb_wrapper\"><div class=\"team-member wd-wpb text-center  member-layout-default color-scheme-dark\"><div class=\"member-image-wrapper\"><div class=\"member-image\"><img loading=\"lazy\" decoding=\"async\" width=\"206\" height=\"206\" src=\"https:\/\/doktorsiteleri.com\/doktorsiteleridemolari\/wp-content\/uploads\/2022\/04\/team-member-elements-image-13.jpg\" class=\"team-member-avatar-image attachment-full\" alt=\"\" srcset=\"https:\/\/doktorsiteleri.com\/doktorsiteleridemolari\/wp-content\/uploads\/2022\/04\/team-member-elements-image-13.jpg 206w, https:\/\/doktorsiteleri.com\/doktorsiteleridemolari\/wp-content\/uploads\/2022\/04\/team-member-elements-image-13-150x150.jpg 150w\" sizes=\"auto, (max-width: 206px) 100vw, 206px\" \/><\/div><\/div><div class=\"member-details\"><h4 class=\"member-name\">ERD\u0130 ERTU\u011eRUL<\/h4><span class=\"member-position\">Prof. Doktor<\/span><div class=\"member-bio\">At elementum leo a porttitor aliquam amet scelerisque ut condimentum vestibulum parturient scelerisque.<\/div><div class=\"member-social\"><div class=\"wd-social-icons woodmart-social-icons icons-design-colored icons-size-small social-form-circle\"><a rel=\"noopener noreferrer nofollow\" class=\"wd-social-icon social-facebook\" href=\"#\"><span class=\"wd-icon\"><\/span><\/a><a rel=\"noopener noreferrer nofollow\" class=\"wd-social-icon social-twitter\" href=\"#\"><span class=\"wd-icon\"><\/span><\/a><a rel=\"noopener noreferrer nofollow\" class=\"wd-social-icon social-linkedin\" href=\"#\"><span class=\"wd-icon\"><\/span><\/a><a rel=\"noopener noreferrer nofollow\" class=\"wd-social-icon social-skype\" href=\"#\"><span class=\"wd-icon\"><\/span><\/a><\/div><\/div><\/div><\/div><\/div><\/div><\/div><div class=\"wpb_column vc_column_container vc_col-sm-3\"><div class=\"vc_column-inner\"><div class=\"wpb_wrapper\"><div class=\"team-member wd-wpb text-center  member-layout-default color-scheme-dark\"><div class=\"member-image-wrapper\"><div class=\"member-image\"><img loading=\"lazy\" decoding=\"async\" width=\"206\" height=\"206\" src=\"https:\/\/doktorsiteleri.com\/doktorsiteleridemolari\/wp-content\/uploads\/2022\/04\/team-member-elements-image-14.jpg\" class=\"team-member-avatar-image attachment-full\" alt=\"\" srcset=\"https:\/\/doktorsiteleri.com\/doktorsiteleridemolari\/wp-content\/uploads\/2022\/04\/team-member-elements-image-14.jpg 206w, https:\/\/doktorsiteleri.com\/doktorsiteleridemolari\/wp-content\/uploads\/2022\/04\/team-member-elements-image-14-150x150.jpg 150w\" sizes=\"auto, (max-width: 206px) 100vw, 206px\" \/><\/div><\/div><div class=\"member-details\"><h4 class=\"member-name\">G\u00dcLNAZ \u015e\u0130R\u0130N<\/h4><span class=\"member-position\">Prof. Doktor<\/span><div class=\"member-bio\">At elementum leo a porttitor aliquam amet scelerisque ut condimentum vestibulum parturient scelerisque.<\/div><div class=\"member-social\"><div class=\"wd-social-icons woodmart-social-icons icons-design-colored icons-size-small social-form-circle\"><a rel=\"noopener noreferrer nofollow\" class=\"wd-social-icon social-facebook\" href=\"#\"><span class=\"wd-icon\"><\/span><\/a><a rel=\"noopener noreferrer nofollow\" class=\"wd-social-icon social-twitter\" href=\"#\"><span class=\"wd-icon\"><\/span><\/a><a rel=\"noopener noreferrer nofollow\" class=\"wd-social-icon social-linkedin\" href=\"#\"><span class=\"wd-icon\"><\/span><\/a><a rel=\"noopener noreferrer nofollow\" class=\"wd-social-icon social-skype\" href=\"#\"><span class=\"wd-icon\"><\/span><\/a><\/div><\/div><\/div><\/div><\/div><\/div><\/div><div class=\"wpb_column vc_column_container vc_col-sm-3\"><div class=\"vc_column-inner\"><div class=\"wpb_wrapper\"><div class=\"team-member wd-wpb text-center  member-layout-default color-scheme-dark\"><div class=\"member-image-wrapper\"><div class=\"member-image\"><img loading=\"lazy\" decoding=\"async\" width=\"206\" height=\"206\" src=\"https:\/\/doktorsiteleri.com\/doktorsiteleridemolari\/wp-content\/uploads\/2022\/04\/team-member-elements-image-15.jpg\" class=\"team-member-avatar-image attachment-full\" alt=\"\" srcset=\"https:\/\/doktorsiteleri.com\/doktorsiteleridemolari\/wp-content\/uploads\/2022\/04\/team-member-elements-image-15.jpg 206w, https:\/\/doktorsiteleri.com\/doktorsiteleridemolari\/wp-content\/uploads\/2022\/04\/team-member-elements-image-15-150x150.jpg 150w\" sizes=\"auto, (max-width: 206px) 100vw, 206px\" \/><\/div><\/div><div class=\"member-details\"><h4 class=\"member-name\">UMUT BAL<\/h4><span class=\"member-position\">Prof. Doktor<\/span><div class=\"member-bio\">At elementum leo a porttitor aliquam amet scelerisque ut condimentum vestibulum parturient scelerisque.<\/div><div class=\"member-social\"><div class=\"wd-social-icons woodmart-social-icons icons-design-colored icons-size-small social-form-circle\"><a rel=\"noopener noreferrer nofollow\" class=\"wd-social-icon social-facebook\" href=\"#\"><span class=\"wd-icon\"><\/span><\/a><a rel=\"noopener noreferrer nofollow\" class=\"wd-social-icon social-twitter\" href=\"#\"><span class=\"wd-icon\"><\/span><\/a><a rel=\"noopener noreferrer nofollow\" class=\"wd-social-icon social-linkedin\" href=\"#\"><span class=\"wd-icon\"><\/span><\/a><a rel=\"noopener noreferrer nofollow\" class=\"wd-social-icon social-skype\" href=\"#\"><span class=\"wd-icon\"><\/span><\/a><\/div><\/div><\/div><\/div><\/div><\/div><\/div><div class=\"wpb_column vc_column_container vc_col-sm-3\"><div class=\"vc_column-inner\"><div class=\"wpb_wrapper\"><div class=\"team-member wd-wpb text-center  member-layout-default color-scheme-dark\"><div class=\"member-image-wrapper\"><div class=\"member-image\"><img loading=\"lazy\" decoding=\"async\" width=\"206\" height=\"206\" src=\"https:\/\/doktorsiteleri.com\/doktorsiteleridemolari\/wp-content\/uploads\/2022\/04\/team-member-elements-image-16.jpg\" class=\"team-member-avatar-image attachment-full\" alt=\"\" srcset=\"https:\/\/doktorsiteleri.com\/doktorsiteleridemolari\/wp-content\/uploads\/2022\/04\/team-member-elements-image-16.jpg 206w, https:\/\/doktorsiteleri.com\/doktorsiteleridemolari\/wp-content\/uploads\/2022\/04\/team-member-elements-image-16-150x150.jpg 150w\" sizes=\"auto, (max-width: 206px) 100vw, 206px\" \/><\/div><\/div><div class=\"member-details\"><h4 class=\"member-name\">ASENA SARIG\u00dcL<\/h4><span class=\"member-position\">Prof. Doktor<\/span><div class=\"member-bio\">At elementum leo a porttitor aliquam amet scelerisque ut condimentum vestibulum parturient scelerisque.<\/div><div class=\"member-social\"><div class=\"wd-social-icons woodmart-social-icons icons-design-colored icons-size-small social-form-circle\"><a rel=\"noopener noreferrer nofollow\" class=\"wd-social-icon social-facebook\" href=\"#\"><span class=\"wd-icon\"><\/span><\/a><a rel=\"noopener noreferrer nofollow\" class=\"wd-social-icon social-twitter\" href=\"#\"><span class=\"wd-icon\"><\/span><\/a><a rel=\"noopener noreferrer nofollow\" class=\"wd-social-icon social-linkedin\" href=\"#\"><span class=\"wd-icon\"><\/span><\/a><a rel=\"noopener noreferrer nofollow\" class=\"wd-social-icon social-skype\" href=\"#\"><span class=\"wd-icon\"><\/span><\/a><\/div><\/div><\/div><\/div><\/div><\/div><\/div><\/div><\/div><\/div><\/div><\/div><\/section>\n","protected":false},"excerpt":{"rendered":"White Klinik I am text block. Click edit button to change this text. Lorem ipsum dolor sit amet, consectetur adipiscing","protected":false},"author":1,"featured_media":0,"parent":0,"menu_order":0,"comment_status":"closed","ping_status":"closed","template":"","meta":{"footnotes":""},"class_list":["post-2241","page","type-page","status-publish","hentry"],"_links":{"self":[{"href":"https:\/\/doktorsiteleri.com\/doktorsiteleridemolari\/wp-json\/wp\/v2\/pages\/2241","targetHints":{"allow":["GET"]}}],"collection":[{"href":"https:\/\/doktorsiteleri.com\/doktorsiteleridemolari\/wp-json\/wp\/v2\/pages"}],"about":[{"href":"https:\/\/doktorsiteleri.com\/doktorsiteleridemolari\/wp-json\/wp\/v2\/types\/page"}],"author":[{"embeddable":true,"href":"https:\/\/doktorsiteleri.com\/doktorsiteleridemolari\/wp-json\/wp\/v2\/users\/1"}],"replies":[{"embeddable":true,"href":"https:\/\/doktorsiteleri.com\/doktorsiteleridemolari\/wp-json\/wp\/v2\/comments?post=2241"}],"version-history":[{"count":0,"href":"https:\/\/doktorsiteleri.com\/doktorsiteleridemolari\/wp-json\/wp\/v2\/pages\/2241\/revisions"}],"wp:attachment":[{"href":"https:\/\/doktorsiteleri.com\/doktorsiteleridemolari\/wp-json\/wp\/v2\/media?parent=2241"}],"curies":[{"name":"wp","href":"https:\/\/api.w.org\/{rel}","templated":true}]}}