{"id":2269,"date":"2022-04-01T17:23:15","date_gmt":"2022-04-01T14:23:15","guid":{"rendered":"https:\/\/doktorsiteleri.com\/doktorsiteleridemolari\/?page_id=2269"},"modified":"2022-04-01T17:23:15","modified_gmt":"2022-04-01T14:23:15","slug":"iletisim-13-in-dr-13","status":"publish","type":"page","link":"https:\/\/doktorsiteleri.com\/doktorsiteleridemolari\/iletisim-13-in-dr-13\/","title":{"rendered":"\u0130leti\u015fim 13 \u2013 IN-DR-13"},"content":{"rendered":"<div class=\"vc_row wpb_row vc_row-fluid vc_custom_1629882751518\"><div class=\"wpb_column vc_column_container vc_col-sm-12 vc_col-lg-offset-3 vc_col-lg-6 vc_col-md-offset-3 vc_col-md-6\"><div class=\"vc_column-inner\"><div class=\"wpb_wrapper\">\t\t\t<link rel=\"stylesheet\" id=\"wd-section-title-css\" href=\"https:\/\/doktorsiteleri.com\/doktorsiteleridemolari\/wp-content\/themes\/Woodmart\/css\/parts\/el-section-title.min.css?ver=6.1.4\" type=\"text\/css\" media=\"all\" \/> \t\t\t\t\t\n\t\t<div id=\"wd-62470acdcd634\" class=\"title-wrapper wd-wpb set-mb-s reset-last-child  wd-title-color-default wd-title-style-default wd-width-NaN text-center vc_custom_1648822993905\">\n\t\t\t\n\t\t\t<div class=\"liner-continer\">\n\t\t\t\t<h4 class=\"woodmart-title-container title  wd-font-weight- wd-fontsize-xxl\" >Bize Ula\u015f\u0131n<\/h4>\n\t\t\t\t\t\t\t<\/div>\n\t\t\t\n\t\t\t\t\t\t\t<div class=\"title-after_title  set-cont-mb-s reset-last-child  wd-fontsize-s\">Lorem Ipsum is simply dummy text of the printing and typesetting industry. <\/div>\n\t\t\t\n\t\t\t\t\t<\/div>\n\t\t\n\t\t<\/div><\/div><\/div><\/div><div class=\"vc_row wpb_row vc_row-fluid vc_custom_1629883523790\"><div class=\"wpb_column vc_column_container vc_col-sm-6 vc_col-lg-3 vc_col-md-3\"><div class=\"vc_column-inner vc_custom_1496929082665\"><div class=\"wpb_wrapper\">\t\t\t<link rel=\"stylesheet\" id=\"wd-info-box-css\" href=\"https:\/\/doktorsiteleri.com\/doktorsiteleridemolari\/wp-content\/themes\/Woodmart\/css\/parts\/el-info-box.min.css?ver=6.1.4\" type=\"text\/css\" media=\"all\" \/> \t\t\t\t\t\t<div class=\"info-box-wrapper \">\n\t\t\t\t<div id=\"wd-62470a9e4627a\" class=\" wd-info-box woodmart-info-box wd-wpb text-left box-icon-align-top box-style- color-scheme- wd-bg-none box-title-default vc_custom_1648822959689\"  >\n\t\t\t\t\t\t\t\t\t\t<div class=\"info-box-content\">\n\t\t\t\t\t\t<h4 class=\"info-box-title title wd-font-weight- box-title-style-underlined wd-fontsize-m\">ADRES<\/h4>\t\t\t\t\t\t<div class=\"info-box-inner set-cont-mb-s reset-last-child\">\n\t\t\t\t\t\t\t<p>Katip Salih Sokak, No : 9 Ko\u015fuyolu MahallesiKad\u0131k\u00f6y \/ \u0130stanbul<\/p>\n\t\t\t\t\t\t<\/div>\n\n\t\t\t\t\t\t\n\t\t\t\t\t<\/div>\n\n\t\t\t\t\t\t\t\t\t<\/div>\n\t\t\t<\/div>\n\t\t<\/div><\/div><\/div><div class=\"wpb_column vc_column_container vc_col-sm-6 vc_col-lg-3 vc_col-md-3\"><div class=\"vc_column-inner vc_custom_1496929092528\"><div class=\"wpb_wrapper\">\t\t\t<div class=\"info-box-wrapper \">\n\t\t\t\t<div id=\"wd-62470a6268ceb\" class=\" wd-info-box woodmart-info-box wd-wpb text-left box-icon-align-top box-style- color-scheme- wd-bg-none box-title-default vc_custom_1648822894527\"  >\n\t\t\t\t\t\t\t\t\t\t<div class=\"info-box-content\">\n\t\t\t\t\t\t<h4 class=\"info-box-title title wd-font-weight- box-title-style-underlined wd-fontsize-m\">TELEFON<\/h4>\t\t\t\t\t\t<div class=\"info-box-inner set-cont-mb-s reset-last-child\">\n\t\t\t\t\t\t\t<p>+90 000 000 00 00<\/p>\n\t\t\t\t\t\t<\/div>\n\n\t\t\t\t\t\t\n\t\t\t\t\t<\/div>\n\n\t\t\t\t\t\t\t\t\t<\/div>\n\t\t\t<\/div>\n\t\t<\/div><\/div><\/div><div class=\"wpb_column vc_column_container vc_col-sm-6 vc_col-lg-3 vc_col-md-3\"><div class=\"vc_column-inner vc_custom_1496929103695\"><div class=\"wpb_wrapper\">\t\t\t<div class=\"info-box-wrapper \">\n\t\t\t\t<div id=\"wd-62470a7000616\" class=\" wd-info-box woodmart-info-box wd-wpb text-left box-icon-align-top box-style- color-scheme- wd-bg-none box-title-default vc_custom_1648822913136\"  >\n\t\t\t\t\t\t\t\t\t\t<div class=\"info-box-content\">\n\t\t\t\t\t\t<h4 class=\"info-box-title title wd-font-weight- box-title-style-underlined wd-fontsize-m\">MAIL<\/h4>\t\t\t\t\t\t<div class=\"info-box-inner set-cont-mb-s reset-last-child\">\n\t\t\t\t\t\t\t<p>info@doktorsiteleri.com<\/p>\n\t\t\t\t\t\t<\/div>\n\n\t\t\t\t\t\t\n\t\t\t\t\t<\/div>\n\n\t\t\t\t\t\t\t\t\t<\/div>\n\t\t\t<\/div>\n\t\t<\/div><\/div><\/div><div class=\"wpb_column vc_column_container vc_col-sm-6 vc_col-lg-3 vc_col-md-3\"><div class=\"vc_column-inner vc_custom_1496929120737\"><div class=\"wpb_wrapper\">\t\t\t<div class=\"info-box-wrapper \">\n\t\t\t\t<div id=\"wd-62470a83018fc\" class=\" wd-info-box woodmart-info-box wd-wpb text-left box-icon-align-top box-style- color-scheme- wd-bg-none box-title-default vc_custom_1648822941191\"  >\n\t\t\t\t\t\t\t\t\t\t<div class=\"info-box-content\">\n\t\t\t\t\t\t<h4 class=\"info-box-title title wd-font-weight- box-title-style-underlined wd-fontsize-m\">WEB SITE<\/h4>\t\t\t\t\t\t<div class=\"info-box-inner set-cont-mb-s reset-last-child\">\n\t\t\t\t\t\t\t<p>alanad\u0131n\u0131z.com<\/p>\n\t\t\t\t\t\t<\/div>\n\n\t\t\t\t\t\t\n\t\t\t\t\t<\/div>\n\n\t\t\t\t\t\t\t\t\t<\/div>\n\t\t\t<\/div>\n\t\t<\/div><\/div><\/div><\/div><div data-vc-full-width=\"true\" data-vc-full-width-init=\"false\" data-vc-stretch-content=\"true\" class=\"vc_row wpb_row vc_row-fluid vc_custom_1629883533975 vc_row-no-padding\"><div class=\"wpb_column vc_column_container vc_col-sm-12\"><div class=\"vc_column-inner\"><div class=\"wpb_wrapper\"><div class=\"wpb_gmaps_widget wpb_content_element\"><div class=\"wpb_wrapper\"><div class=\"wpb_map_wraper\"><iframe src=\"https:\/\/www.google.com\/maps\/embed?pb=!1m18!1m12!1m3!1d3010.625951706529!2d29.033929915662092!3d41.01155952717139!2m3!1f0!2f0!3f0!3m2!1i1024!2i768!4f13.1!3m3!1m2!1s0x14cab94ce8c78389%3A0xcb83c5ad5d7c9186!2sInolyzer%20Bilgi%20Teknolojileri%20A.%C5%9E.!5e0!3m2!1str!2str!4v1648822736548!5m2!1str!2str\" width=\"1920\" height=\"600\" style=\"border:0;\" allowfullscreen=\"\" loading=\"lazy\" referrerpolicy=\"no-referrer-when-downgrade\"><\/iframe><\/div><\/div><\/div><\/div><\/div><\/div><\/div><div class=\"vc_row-full-width vc_clearfix\"><\/div>\n","protected":false},"excerpt":{"rendered":"Bize Ula\u015f\u0131n Lorem Ipsum is simply dummy text of the printing and typesetting industry. ADRES Katip Salih Sokak, No :","protected":false},"author":1,"featured_media":0,"parent":0,"menu_order":0,"comment_status":"closed","ping_status":"closed","template":"","meta":{"footnotes":""},"class_list":["post-2269","page","type-page","status-publish","hentry"],"_links":{"self":[{"href":"https:\/\/doktorsiteleri.com\/doktorsiteleridemolari\/wp-json\/wp\/v2\/pages\/2269","targetHints":{"allow":["GET"]}}],"collection":[{"href":"https:\/\/doktorsiteleri.com\/doktorsiteleridemolari\/wp-json\/wp\/v2\/pages"}],"about":[{"href":"https:\/\/doktorsiteleri.com\/doktorsiteleridemolari\/wp-json\/wp\/v2\/types\/page"}],"author":[{"embeddable":true,"href":"https:\/\/doktorsiteleri.com\/doktorsiteleridemolari\/wp-json\/wp\/v2\/users\/1"}],"replies":[{"embeddable":true,"href":"https:\/\/doktorsiteleri.com\/doktorsiteleridemolari\/wp-json\/wp\/v2\/comments?post=2269"}],"version-history":[{"count":0,"href":"https:\/\/doktorsiteleri.com\/doktorsiteleridemolari\/wp-json\/wp\/v2\/pages\/2269\/revisions"}],"wp:attachment":[{"href":"https:\/\/doktorsiteleri.com\/doktorsiteleridemolari\/wp-json\/wp\/v2\/media?parent=2269"}],"curies":[{"name":"wp","href":"https:\/\/api.w.org\/{rel}","templated":true}]}}