{"id":2295,"date":"2022-04-07T16:46:21","date_gmt":"2022-04-07T13:46:21","guid":{"rendered":"https:\/\/doktorsiteleri.com\/doktorsiteleridemolari\/?page_id=2295"},"modified":"2022-04-07T17:52:34","modified_gmt":"2022-04-07T14:52:34","slug":"iletisim-15-in-dr-15-2","status":"publish","type":"page","link":"https:\/\/doktorsiteleri.com\/doktorsiteleridemolari\/iletisim-15-in-dr-15-2\/","title":{"rendered":"\u0130leti\u015fim 15 \u2013 IN-DR-15"},"content":{"rendered":"<section data-vc-full-width=\"true\" data-vc-full-width-init=\"false\" class=\"vc_section vc_custom_1649337949081 vc_section-has-fill wd-bg-center-center\"><div class=\"vc_row wpb_row vc_row-fluid ilt15-dis vc_custom_1649343151900 vc_row-has-fill wd-bg-center-center mobile-bg-img-hidden\"><div class=\"wpb_column vc_column_container vc_col-sm-6\"><div class=\"vc_column-inner\"><div class=\"wpb_wrapper\"><div class=\"vc_row wpb_row vc_inner vc_row-fluid\"><div class=\"wpb_column vc_column_container vc_col-sm-12\"><div class=\"vc_column-inner\"><div class=\"wpb_wrapper\">\t\t\t<link rel=\"stylesheet\" id=\"wd-section-title-css\" href=\"https:\/\/doktorsiteleri.com\/doktorsiteleridemolari\/wp-content\/themes\/Woodmart\/css\/parts\/el-section-title.min.css?ver=6.1.4\" type=\"text\/css\" media=\"all\" \/> \t\t\t\t\t\n\t\t<div id=\"wd-624ef073299d5\" class=\"title-wrapper wd-wpb set-mb-s reset-last-child  wd-title-color-default wd-title-style-default wd-width-100 text-center \">\n\t\t\t\n\t\t\t<div class=\"liner-continer\">\n\t\t\t\t<h4 class=\"woodmart-title-container title  wd-font-weight- wd-fontsize-xxxl\" >Formu doldurun<br \/>\n<strong>bize ula\u015f\u0131n.<\/strong><\/h4>\n\t\t\t\t\t\t\t<\/div>\n\t\t\t\n\t\t\t\n\t\t\t\t\t<\/div>\n\t\t\n\t\t<div role=\"form\" class=\"wpcf7\" id=\"wpcf7-f2296-o1\" lang=\"tr-TR\" dir=\"ltr\">\n<div class=\"screen-reader-response\"><p role=\"status\" aria-live=\"polite\" aria-atomic=\"true\"><\/p> <ul><\/ul><\/div>\n<form action=\"\/doktorsiteleridemolari\/wp-json\/wp\/v2\/pages\/2295#wpcf7-f2296-o1\" method=\"post\" class=\"wpcf7-form init\" novalidate=\"novalidate\" data-status=\"init\">\n<div style=\"display: none;\">\n<input type=\"hidden\" name=\"_wpcf7\" value=\"2296\" \/>\n<input type=\"hidden\" name=\"_wpcf7_version\" value=\"5.5.6\" \/>\n<input type=\"hidden\" name=\"_wpcf7_locale\" value=\"tr_TR\" \/>\n<input type=\"hidden\" name=\"_wpcf7_unit_tag\" value=\"wpcf7-f2296-o1\" \/>\n<input type=\"hidden\" name=\"_wpcf7_container_post\" value=\"0\" \/>\n<input type=\"hidden\" name=\"_wpcf7_posted_data_hash\" value=\"\" \/>\n<\/div>\n<div class=\"form15\">\n<label><br \/>\n    <span class=\"wpcf7-form-control-wrap your-name\"><input type=\"text\" name=\"your-name\" value=\"\" size=\"40\" class=\"wpcf7-form-control wpcf7-text wpcf7-validates-as-required\" aria-required=\"true\" aria-invalid=\"false\" placeholder=\"Ad Soyad\" \/><\/span> <\/label><br \/>\n<label><br \/>\n     <span class=\"wpcf7-form-control-wrap your-email\"><input type=\"email\" name=\"your-email\" value=\"\" size=\"40\" class=\"wpcf7-form-control wpcf7-text wpcf7-email wpcf7-validates-as-required wpcf7-validates-as-email\" aria-required=\"true\" aria-invalid=\"false\" placeholder=\"E-mail\" \/><\/span> <\/label><br \/>\n<label><br \/>\n    <span class=\"wpcf7-form-control-wrap your-message\"><textarea name=\"your-message\" cols=\"40\" rows=\"10\" class=\"wpcf7-form-control wpcf7-textarea\" aria-invalid=\"false\" placeholder=\"Mesaj\"><\/textarea><\/span> <\/label><\/p>\n<p><input type=\"submit\" value=\"G\u00f6nder\" class=\"wpcf7-form-control has-spinner wpcf7-submit\" \/>\n<\/p><\/div>\n<div class=\"wpcf7-response-output\" aria-hidden=\"true\"><\/div><\/form><\/div><\/div><\/div><\/div><\/div><\/div><\/div><\/div><div class=\"wpb_column vc_column_container vc_col-sm-6\"><div class=\"vc_column-inner\"><div class=\"wpb_wrapper\"><div class=\"vc_row wpb_row vc_inner vc_row-fluid iletisim5-info-yukardan-kaydir\"><div class=\"wpb_column vc_column_container vc_col-sm-12\"><div class=\"vc_column-inner vc_custom_1649341256095\"><div class=\"wpb_wrapper\">\t\t\n\t\t<div id=\"wd-624ef35673211\" class=\"title-wrapper wd-wpb set-mb-s reset-last-child  wd-title-color-default wd-title-style-default wd-width-100 text-center \">\n\t\t\t\n\t\t\t<div class=\"liner-continer\">\n\t\t\t\t<h4 class=\"woodmart-title-container title  wd-font-weight- wd-fontsize-l\" >\u0130leti\u015fim Bilgileri<\/h4>\n\t\t\t\t\t\t\t<\/div>\n\t\t\t\n\t\t\t\n\t\t\t\t\t<\/div>\n\t\t\n\t\t<a class=\"ts-box-icon-link\" style=\"color:#ffffff;\" href=\"#\" target=\"_parent\"><div id=\"ts-vcsc-box-icon-7606474\" class=\"ts-vcsc-box-icon ust-it15 boxed-style ts-box-icon \"  style=\"margin-bottom:0px; margin-top:0px;\"><div class=\"ts-css-shadow  \" style=\"background-color: ; margin-left: 10px; \"><div class=\"ts-icon-box-boxed  left \" style=\"   margin-left: 0px; padding: 0 0 0 40px; background-color: ;\"><div class=\"ts-icon-box-separator\" style=\"border-left: 1px solid #000000; padding-left: 21px; \"><i style=\"padding: 5px 5px; background-color:; width: 20px; height: 20px; font-size: 20px; line-height: 20px;  left:-21px; margin-top:-16px; color: #2962d1;\" class=\"ts-box-icon-title-icon fas fa-map-marker-alt ts-main-ico ts-font-icon   \"><\/i><div class=\"ts-icon-box-inner \" style=\"\"><div class=\"ts-box-icon-title\" style=\"color:#ffffff; font-size:24px; font-weight:inherit; margin-top:0px; margin-bottom: 10px; text-align:center; \"><\/div><div class=\"ts-icon-box-content\" style=\"margin-top: 10px; font-size: 17px; line-height: 18px; \"><p class=\"iletisim15\">Katip Salih Sokak, No : 9 Ko\u015fuyolu Mahallesi, Kad\u0131k\u00f6y \/ \u0130stanbul<\/p>\n<\/div><\/div><\/div><\/div><div class=\"clearboth\"><\/div><\/div><\/div><\/a><a class=\"ts-box-icon-link\" style=\"color:#ffffff;\" href=\"#\" target=\"_parent\"><div id=\"ts-vcsc-box-icon-6600968\" class=\"ts-vcsc-box-icon boxed-style ts-box-icon \"  style=\"margin-bottom:0px; margin-top:0px;\"><div class=\"ts-css-shadow  \" style=\"background-color: ; margin-left: 10px; \"><div class=\"ts-icon-box-boxed  left \" style=\"   margin-left: 0px; padding: 0 0 0 40px; background-color: ;\"><div class=\"ts-icon-box-separator\" style=\"border-left: 1px solid #000000; padding-left: 21px; \"><i style=\"padding: 5px 5px; background-color:; width: 20px; height: 20px; font-size: 20px; line-height: 20px;  left:-21px; margin-top:-16px; color: #2962d1;\" class=\"ts-box-icon-title-icon fas fa-phone-alt ts-main-ico ts-font-icon   \"><\/i><div class=\"ts-icon-box-inner \" style=\"\"><div class=\"ts-box-icon-title\" style=\"color:#ffffff; font-size:24px; font-weight:inherit; margin-top:0px; margin-bottom: 10px; text-align:center; \"><\/div><div class=\"ts-icon-box-content\" style=\"margin-top: 10px; font-size: 17px; line-height: 18px; \"><p class=\"iletisim15\">+90 000 000 00 00<\/p>\n<\/div><\/div><\/div><\/div><div class=\"clearboth\"><\/div><\/div><\/div><\/a><a class=\"ts-box-icon-link\" style=\"color:#ffffff;\" href=\"#\" target=\"_parent\"><div id=\"ts-vcsc-box-icon-1550415\" class=\"ts-vcsc-box-icon boxed-style ts-box-icon \"  style=\"margin-bottom:0px; margin-top:0px;\"><div class=\"ts-css-shadow  \" style=\"background-color: ; margin-left: 10px; \"><div class=\"ts-icon-box-boxed  left \" style=\"   margin-left: 0px; padding: 0 0 0 40px; background-color: ;\"><div class=\"ts-icon-box-separator\" style=\"border-left: 1px solid #000000; padding-left: 21px; \"><i style=\"padding: 5px 5px; background-color:; width: 20px; height: 20px; font-size: 20px; line-height: 20px;  left:-21px; margin-top:-16px; color: #2962d1;\" class=\"ts-box-icon-title-icon far fa-envelope ts-main-ico ts-font-icon   \"><\/i><div class=\"ts-icon-box-inner \" style=\"\"><div class=\"ts-box-icon-title\" style=\"color:#ffffff; font-size:24px; font-weight:inherit; margin-top:0px; margin-bottom: 10px; text-align:center; \"><\/div><div class=\"ts-icon-box-content\" style=\"margin-top: 10px; font-size: 17px; line-height: 18px; \"><p class=\"iletisim15\">info@inolyzer.com<\/p>\n<\/div><\/div><\/div><\/div><div class=\"clearboth\"><\/div><\/div><\/div><\/a>\n\t<div class=\"wpb_text_column wpb_content_element\" >\n\t\t<div class=\"wpb_wrapper\">\n\t\t\t<hr \/>\n\n\t\t<\/div>\n\t<\/div>\n<\/div><\/div><\/div><\/div><\/div><\/div><\/div><\/div><\/section><div class=\"vc_row-full-width vc_clearfix\"><\/div>\n","protected":false},"excerpt":{"rendered":"Formu doldurun bize ula\u015f\u0131n. \u0130leti\u015fim Bilgileri Katip Salih Sokak, No : 9 Ko\u015fuyolu Mahallesi, Kad\u0131k\u00f6y \/ \u0130stanbul +90 000 000","protected":false},"author":1,"featured_media":0,"parent":0,"menu_order":0,"comment_status":"closed","ping_status":"closed","template":"","meta":{"footnotes":""},"class_list":["post-2295","page","type-page","status-publish","hentry"],"_links":{"self":[{"href":"https:\/\/doktorsiteleri.com\/doktorsiteleridemolari\/wp-json\/wp\/v2\/pages\/2295","targetHints":{"allow":["GET"]}}],"collection":[{"href":"https:\/\/doktorsiteleri.com\/doktorsiteleridemolari\/wp-json\/wp\/v2\/pages"}],"about":[{"href":"https:\/\/doktorsiteleri.com\/doktorsiteleridemolari\/wp-json\/wp\/v2\/types\/page"}],"author":[{"embeddable":true,"href":"https:\/\/doktorsiteleri.com\/doktorsiteleridemolari\/wp-json\/wp\/v2\/users\/1"}],"replies":[{"embeddable":true,"href":"https:\/\/doktorsiteleri.com\/doktorsiteleridemolari\/wp-json\/wp\/v2\/comments?post=2295"}],"version-history":[{"count":0,"href":"https:\/\/doktorsiteleri.com\/doktorsiteleridemolari\/wp-json\/wp\/v2\/pages\/2295\/revisions"}],"wp:attachment":[{"href":"https:\/\/doktorsiteleri.com\/doktorsiteleridemolari\/wp-json\/wp\/v2\/media?parent=2295"}],"curies":[{"name":"wp","href":"https:\/\/api.w.org\/{rel}","templated":true}]}}