{"id":300,"date":"2021-09-07T16:34:11","date_gmt":"2021-09-07T13:34:11","guid":{"rendered":"http:\/\/doktorsiteleri.com\/doktorsiteleridemolari\/?page_id=300"},"modified":"2021-10-27T10:11:42","modified_gmt":"2021-10-27T07:11:42","slug":"anasayfa-3-in-dr-3","status":"publish","type":"page","link":"https:\/\/doktorsiteleri.com\/doktorsiteleridemolari\/anasayfa-3-in-dr-3\/","title":{"rendered":"Anasayfa 3 \u2013 IN-DR-3"},"content":{"rendered":"<section class=\"vc_section Anasayfa-3-Section\"><div class=\"vc_row wpb_row vc_row-fluid sliderA\"><div class=\"wpb_column vc_column_container vc_col-sm-12 vc_hidden-sm vc_hidden-xs\"><div class=\"vc_column-inner\"><div class=\"wpb_wrapper\">\n\t\t\t<!-- START Anasayfa3Slider REVOLUTION SLIDER 6.5.7 --><p class=\"rs-p-wp-fix\"><\/p>\n\t\t\t<rs-module-wrap id=\"rev_slider_3_1_wrapper\" data-source=\"gallery\" style=\"visibility:hidden;background:transparent;padding:0;margin:0px auto;margin-top:0;margin-bottom:0;\">\n\t\t\t\t<rs-module id=\"rev_slider_3_1\" style=\"\" data-version=\"6.5.7\">\n\t\t\t\t\t<rs-slides>\n\t\t\t\t\t\t<rs-slide style=\"position: absolute;\" data-key=\"rs-3\" data-title=\"Slide\" data-in=\"o:0;\" data-out=\"a:false;\">\n\t\t\t\t\t\t\t<img loading=\"lazy\" decoding=\"async\" src=\"\/\/doktorsiteleri.com\/doktorsiteleridemolari\/wp-content\/plugins\/revslider\/public\/assets\/assets\/dummy.png\" title=\"anasayfa3Slider\" width=\"1920\" height=\"640\" class=\"rev-slidebg tp-rs-img rs-lazyload\" data-lazyload=\"\/\/doktorsiteleri.com\/doktorsiteleridemolari\/wp-content\/uploads\/2021\/09\/anasayfa3Slider.png\" data-no-retina>\n<!--\n\t\t\t\t\t\t\t--><rs-layer\n\t\t\t\t\t\t\t\tid=\"slider-3-slide-3-layer-0\" \n\t\t\t\t\t\t\t\tdata-type=\"text\"\n\t\t\t\t\t\t\t\tdata-color=\"#ffffff\"\n\t\t\t\t\t\t\t\tdata-rsp_ch=\"on\"\n\t\t\t\t\t\t\t\tdata-xy=\"x:360px;y:150px;\"\n\t\t\t\t\t\t\t\tdata-text=\"w:normal;\"\n\t\t\t\t\t\t\t\tdata-frame_999=\"o:0;st:w;\"\n\t\t\t\t\t\t\t\tstyle=\"z-index:9;font-family:'Roboto';\"\n\t\t\t\t\t\t\t><h3>Create Your<br><br \/>\n<b>Perfect<\/b> Smile<h3><br \/>\n<p>There are over a thousand different <br>named psychotherapies.<\/p><br \/>\n<a class=\"Anasayfa3SliderBtn\" href=\"\">Contact Us <\/a><br \/>\n \n\t\t\t\t\t\t\t<\/rs-layer><!--\n-->\t\t\t\t\t\t<\/rs-slide>\n\t\t\t\t\t<\/rs-slides>\n\t\t\t\t<\/rs-module>\n\t\t\t\t<script type=\"text\/javascript\">\n\t\t\t\t\tsetREVStartSize({c: 'rev_slider_3_1',rl:[1240,1024,778,480],el:[640],gw:[1920],gh:[640],type:'standard',justify:'',layout:'fullwidth',mh:\"0\"});if (window.RS_MODULES!==undefined && window.RS_MODULES.modules!==undefined && window.RS_MODULES.modules[\"revslider31\"]!==undefined) {window.RS_MODULES.modules[\"revslider31\"].once = false;window.revapi3 = undefined;if (window.RS_MODULES.checkMinimal!==undefined) window.RS_MODULES.checkMinimal()}\n\t\t\t\t<\/script>\n\t\t\t<\/rs-module-wrap>\n\t\t\t<!-- END REVOLUTION SLIDER -->\n<\/div><\/div><\/div><\/div><div class=\"vc_row wpb_row vc_row-fluid sliderA\"><div class=\"wpb_column vc_column_container vc_col-sm-12 vc_hidden-lg vc_hidden-md\"><div class=\"vc_column-inner\"><div class=\"wpb_wrapper\">\n\t\t\t<!-- START Anasayfa3Slider Mobil REVOLUTION SLIDER 6.5.7 --><p class=\"rs-p-wp-fix\"><\/p>\n\t\t\t<rs-module-wrap id=\"rev_slider_9_2_wrapper\" data-source=\"gallery\" style=\"visibility:hidden;background:transparent;padding:0;margin:0px auto;margin-top:0;margin-bottom:0;\">\n\t\t\t\t<rs-module id=\"rev_slider_9_2\" style=\"\" data-version=\"6.5.7\">\n\t\t\t\t\t<rs-slides>\n\t\t\t\t\t\t<rs-slide style=\"position: absolute;\" data-key=\"rs-12\" data-title=\"Slide\" data-in=\"o:0;\" data-out=\"a:false;\">\n\t\t\t\t\t\t\t<img loading=\"lazy\" decoding=\"async\" src=\"\/\/doktorsiteleri.com\/doktorsiteleridemolari\/wp-content\/plugins\/revslider\/public\/assets\/assets\/dummy.png\" title=\"anasayfa3SliderMobil\" width=\"600\" height=\"600\" class=\"rev-slidebg tp-rs-img rs-lazyload\" data-lazyload=\"\/\/doktorsiteleri.com\/doktorsiteleridemolari\/wp-content\/uploads\/2021\/09\/anasayfa3SliderMobil.png\" data-no-retina>\n<!--\n\t\t\t\t\t\t\t--><rs-layer\n\t\t\t\t\t\t\t\tid=\"slider-9-slide-12-layer-0\" \n\t\t\t\t\t\t\t\tdata-type=\"text\"\n\t\t\t\t\t\t\t\tdata-color=\"#ffffff\"\n\t\t\t\t\t\t\t\tdata-rsp_ch=\"on\"\n\t\t\t\t\t\t\t\tdata-xy=\"x:c;xo:1px;y:c;yo:-72px;\"\n\t\t\t\t\t\t\t\tdata-text=\"w:normal;s:32;l:23;a:center;\"\n\t\t\t\t\t\t\t\tdata-dim=\"w:528;\"\n\t\t\t\t\t\t\t\tdata-frame_999=\"o:0;st:w;\"\n\t\t\t\t\t\t\t\tstyle=\"z-index:9;font-family:'Roboto';\"\n\t\t\t\t\t\t\t><h3>Create Your<br><br \/>\n<b>Perfect<\/b> Smile<h3><p>There are over a thousand different named psychotherapies.<\/p><br \/>\n<a class=\"Anasayfa3SliderBtn\" href=\"\">Contact Us <\/a><br \/>\n \n\t\t\t\t\t\t\t<\/rs-layer><!--\n-->\t\t\t\t\t\t<\/rs-slide>\n\t\t\t\t\t<\/rs-slides>\n\t\t\t\t<\/rs-module>\n\t\t\t\t<script type=\"text\/javascript\">\n\t\t\t\t\tsetREVStartSize({c: 'rev_slider_9_2',rl:[1240,1024,778,480],el:[600],gw:[600],gh:[600],type:'standard',justify:'',layout:'fullwidth',mh:\"0\"});if (window.RS_MODULES!==undefined && window.RS_MODULES.modules!==undefined && window.RS_MODULES.modules[\"revslider92\"]!==undefined) {window.RS_MODULES.modules[\"revslider92\"].once = false;window.revapi9 = undefined;if (window.RS_MODULES.checkMinimal!==undefined) window.RS_MODULES.checkMinimal()}\n\t\t\t\t<\/script>\n\t\t\t<\/rs-module-wrap>\n\t\t\t<!-- END REVOLUTION SLIDER -->\n<\/div><\/div><\/div><\/div><div class=\"vc_row wpb_row vc_row-fluid Anasayfa-3-Hizmet vc_row-o-content-top vc_row-flex\"><div class=\"wpb_column Anasayfa-3-hizmetBox vc_column_container vc_col-sm-4\"><div class=\"vc_column-inner vc_custom_1631185274062\"><div class=\"wpb_wrapper\">\n\t<div class=\"wpb_text_column wpb_content_element kutu\" >\n\t\t<div class=\"wpb_wrapper\">\n\t\t\t<p><img decoding=\"async\" class=\"alignnone size-full wp-image-240 aligncenter\" src=\"http:\/\/doktorsiteleri.com\/doktorsiteleridemolari\/wp-content\/uploads\/2021\/09\/dolgu-ikon.png\" alt=\"\" width=\"90\" height=\"auto\" \/><\/p>\n<h4 style=\"text-align: center;\">Di\u015f Hekimli\u011fi<\/h4>\n<p style=\"text-align: center;\">I am text block. Click edit button to change this text. Lorem ipsum dolor sit amet, consectetur adipiscing elit.<\/p>\n\n\t\t<\/div>\n\t<\/div>\n<\/div><\/div><\/div><div class=\"wpb_column Anasayfa-3-hizmetBox vc_column_container vc_col-sm-4\"><div class=\"vc_column-inner\"><div class=\"wpb_wrapper\">\n\t<div class=\"wpb_text_column wpb_content_element kutu\" >\n\t\t<div class=\"wpb_wrapper\">\n\t\t\t<p><img decoding=\"async\" class=\"alignnone size-full wp-image-240 aligncenter\" src=\"http:\/\/doktorsiteleri.com\/doktorsiteleridemolari\/wp-content\/uploads\/2021\/09\/dolgu-ikon.png\" alt=\"\" width=\"90\" height=\"auto\" \/><\/p>\n<h4 style=\"text-align: center;\">Di\u015f Hekimli\u011fi<\/h4>\n<p style=\"text-align: center;\">I am text block. Click edit button to change this text. Lorem ipsum dolor sit amet, consectetur adipiscing elit.<\/p>\n\n\t\t<\/div>\n\t<\/div>\n<\/div><\/div><\/div><div class=\"wpb_column Anasayfa-3-hizmetBox vc_column_container vc_col-sm-4\"><div class=\"vc_column-inner\"><div class=\"wpb_wrapper\">\n\t<div class=\"wpb_text_column wpb_content_element kutu\" >\n\t\t<div class=\"wpb_wrapper\">\n\t\t\t<p><img decoding=\"async\" class=\"alignnone size-full wp-image-240 aligncenter\" src=\"http:\/\/doktorsiteleri.com\/doktorsiteleridemolari\/wp-content\/uploads\/2021\/09\/dolgu-ikon.png\" alt=\"\" width=\"90\" height=\"auto\" \/><\/p>\n<h4 style=\"text-align: center;\">Di\u015f Hekimli\u011fi<\/h4>\n<p style=\"text-align: center;\">I am text block. Click edit button to change this text. Lorem ipsum dolor sit amet, consectetur adipiscing elit.<\/p>\n\n\t\t<\/div>\n\t<\/div>\n<\/div><\/div><\/div><\/div><div class=\"vc_row wpb_row vc_row-fluid vc_row-o-equal-height vc_row-flex\"><div class=\"wpb_column vc_column_container vc_col-sm-6\"><div class=\"vc_column-inner\"><div class=\"wpb_wrapper\">\n\t<div class=\"wpb_text_column wpb_content_element checktText\" >\n\t\t<div class=\"wpb_wrapper\">\n\t\t\t<h3><strong>Prodent Klini\u011fine<br \/>\nHo\u015fgeldiniz<\/strong><\/h3>\n<p><strong>Professional dental clinic ProDent offers the whole range of dentistry services treatment of caries,<\/strong><\/p>\n<p>Gum diseases, tooth whitening<br \/>\n\u0130mplantation<br \/>\nDentures (crowns installation)<br \/>\nSurgery, occlusion correction (braces)<br \/>\nOur dentists will help you solve<\/p>\n<p><a class=\"BtnHakkimizda\" href=\"#\">Bize Ula\u015f\u0131n<\/a><\/p>\n\n\t\t<\/div>\n\t<\/div>\n<\/div><\/div><\/div><div class=\"wpb_column vc_column_container vc_col-sm-6\"><div class=\"vc_column-inner\"><div class=\"wpb_wrapper\">\n\t<div  class=\"wpb_single_image wpb_content_element vc_align_left\">\n\t\t\n\t\t<figure class=\"wpb_wrapper vc_figure\">\n\t\t\t<div class=\"vc_single_image-wrapper   vc_box_border_grey\"><img loading=\"lazy\" decoding=\"async\" width=\"1000\" height=\"800\" src=\"https:\/\/doktorsiteleri.com\/doktorsiteleridemolari\/wp-content\/uploads\/2021\/09\/hakkimizda.gif\" class=\"vc_single_image-img attachment-full\" alt=\"\" \/><\/div>\n\t\t<\/figure>\n\t<\/div>\n<\/div><\/div><\/div><\/div><div class=\"vc_row wpb_row vc_row-fluid vc_custom_1631188156407\"><div class=\"wpb_column vc_column_container vc_col-sm-12\"><div class=\"vc_column-inner vc_custom_1631197693387\"><div class=\"wpb_wrapper\"><div class=\"vc_separator wpb_content_element vc_separator_align_center vc_sep_width_100 vc_sep_double vc_sep_pos_align_center vc_sep_color_grey haberBaslik vc_separator-has-text\" ><span class=\"vc_sep_holder vc_sep_holder_l\"><span  class=\"vc_sep_line\"><\/span><\/span><h4>G\u00fcncel Haberler<\/h4><span class=\"vc_sep_holder vc_sep_holder_r\"><span  class=\"vc_sep_line\"><\/span><\/span>\n<\/div><\/div><\/div><\/div><div class=\"wpb_column vc_column_container vc_col-sm-4\"><div class=\"vc_column-inner\"><div class=\"wpb_wrapper\">\n\t<div class=\"wpb_text_column wpb_content_element haber\" >\n\t\t<div class=\"wpb_wrapper\">\n\t\t\t<p><img loading=\"lazy\" decoding=\"async\" class=\"alignnone wp-image-120 size-medium\" src=\"http:\/\/doktorsiteleri.com\/doktorsiteleridemolari\/wp-content\/uploads\/2021\/09\/blog-2-300x200.jpg\" alt=\"\" width=\"300\" height=\"200\" srcset=\"https:\/\/doktorsiteleri.com\/doktorsiteleridemolari\/wp-content\/uploads\/2021\/09\/blog-2-300x200.jpg 300w, https:\/\/doktorsiteleri.com\/doktorsiteleridemolari\/wp-content\/uploads\/2021\/09\/blog-2-1024x683.jpg 1024w, https:\/\/doktorsiteleri.com\/doktorsiteleridemolari\/wp-content\/uploads\/2021\/09\/blog-2-768x512.jpg 768w, https:\/\/doktorsiteleri.com\/doktorsiteleridemolari\/wp-content\/uploads\/2021\/09\/blog-2-1536x1024.jpg 1536w, https:\/\/doktorsiteleri.com\/doktorsiteleridemolari\/wp-content\/uploads\/2021\/09\/blog-2-2048x1365.jpg 2048w\" sizes=\"auto, (max-width: 300px) 100vw, 300px\" \/><\/p>\n<h3>Psikolog<\/h3>\n<p><strong>Lorem Ipsum<\/strong>, dizgi ve bask\u0131 end\u00fcstrisinde kullan\u0131lan m\u0131g\u0131r metinlerdir. Lorem Ipsum, ad\u0131 bilinmeyen bir matbaac\u0131n\u0131n bir hurufat numune kitab\u0131 kullan\u0131lm\u0131\u015ft\u0131r.<\/p>\n<p><a class=\"BtnHakkimizda\" href=\"#\">Detay Bilgi<\/a><\/p>\n\n\t\t<\/div>\n\t<\/div>\n<\/div><\/div><\/div><div class=\"wpb_column vc_column_container vc_col-sm-4\"><div class=\"vc_column-inner\"><div class=\"wpb_wrapper\">\n\t<div class=\"wpb_text_column wpb_content_element haber\" >\n\t\t<div class=\"wpb_wrapper\">\n\t\t\t<p><img loading=\"lazy\" decoding=\"async\" class=\"alignnone wp-image-120 size-medium\" src=\"http:\/\/doktorsiteleri.com\/doktorsiteleridemolari\/wp-content\/uploads\/2021\/09\/blog-2-300x200.jpg\" alt=\"\" width=\"300\" height=\"200\" srcset=\"https:\/\/doktorsiteleri.com\/doktorsiteleridemolari\/wp-content\/uploads\/2021\/09\/blog-2-300x200.jpg 300w, https:\/\/doktorsiteleri.com\/doktorsiteleridemolari\/wp-content\/uploads\/2021\/09\/blog-2-1024x683.jpg 1024w, https:\/\/doktorsiteleri.com\/doktorsiteleridemolari\/wp-content\/uploads\/2021\/09\/blog-2-768x512.jpg 768w, https:\/\/doktorsiteleri.com\/doktorsiteleridemolari\/wp-content\/uploads\/2021\/09\/blog-2-1536x1024.jpg 1536w, https:\/\/doktorsiteleri.com\/doktorsiteleridemolari\/wp-content\/uploads\/2021\/09\/blog-2-2048x1365.jpg 2048w\" sizes=\"auto, (max-width: 300px) 100vw, 300px\" \/><\/p>\n<h3>Psikolog<\/h3>\n<p><strong>Lorem Ipsum<\/strong>, dizgi ve bask\u0131 end\u00fcstrisinde kullan\u0131lan m\u0131g\u0131r metinlerdir. Lorem Ipsum, ad\u0131 bilinmeyen bir matbaac\u0131n\u0131n bir hurufat numune kitab\u0131 kullan\u0131lm\u0131\u015ft\u0131r.<\/p>\n<p><a class=\"BtnHakkimizda\" href=\"#\">Detay Bilgi<\/a><\/p>\n\n\t\t<\/div>\n\t<\/div>\n<\/div><\/div><\/div><div class=\"wpb_column vc_column_container vc_col-sm-4\"><div class=\"vc_column-inner\"><div class=\"wpb_wrapper\">\n\t<div class=\"wpb_text_column wpb_content_element haber\" >\n\t\t<div class=\"wpb_wrapper\">\n\t\t\t<p><img loading=\"lazy\" decoding=\"async\" class=\"alignnone wp-image-120 size-medium\" src=\"http:\/\/doktorsiteleri.com\/doktorsiteleridemolari\/wp-content\/uploads\/2021\/09\/blog-2-300x200.jpg\" alt=\"\" width=\"300\" height=\"200\" srcset=\"https:\/\/doktorsiteleri.com\/doktorsiteleridemolari\/wp-content\/uploads\/2021\/09\/blog-2-300x200.jpg 300w, https:\/\/doktorsiteleri.com\/doktorsiteleridemolari\/wp-content\/uploads\/2021\/09\/blog-2-1024x683.jpg 1024w, https:\/\/doktorsiteleri.com\/doktorsiteleridemolari\/wp-content\/uploads\/2021\/09\/blog-2-768x512.jpg 768w, https:\/\/doktorsiteleri.com\/doktorsiteleridemolari\/wp-content\/uploads\/2021\/09\/blog-2-1536x1024.jpg 1536w, https:\/\/doktorsiteleri.com\/doktorsiteleridemolari\/wp-content\/uploads\/2021\/09\/blog-2-2048x1365.jpg 2048w\" sizes=\"auto, (max-width: 300px) 100vw, 300px\" \/><\/p>\n<h3>Psikolog<\/h3>\n<p><strong>Lorem Ipsum<\/strong>, dizgi ve bask\u0131 end\u00fcstrisinde kullan\u0131lan m\u0131g\u0131r metinlerdir. Lorem Ipsum, ad\u0131 bilinmeyen bir matbaac\u0131n\u0131n bir hurufat numune kitab\u0131 kullan\u0131lm\u0131\u015ft\u0131r.<\/p>\n<p><a class=\"BtnHakkimizda\" href=\"#\">Detay Bilgi<\/a><\/p>\n\n\t\t<\/div>\n\t<\/div>\n<\/div><\/div><\/div><\/div><div data-vc-full-width=\"true\" data-vc-full-width-init=\"false\" class=\"vc_row wpb_row vc_row-fluid Fbanner vc_custom_1631257811163 vc_row-has-fill vc_row-o-content-middle vc_row-flex wd-bg-center-center\"><div class=\"wpb_column vc_column_container vc_col-sm-12\"><div class=\"vc_column-inner\"><div class=\"wpb_wrapper\">\n\t<div class=\"wpb_text_column wpb_content_element aramaKutusu\" >\n\t\t<div class=\"wpb_wrapper\">\n\t\t\t<p><img loading=\"lazy\" decoding=\"async\" class=\"wp-image-675 size-full aligncenter\" src=\"http:\/\/doktorsiteleri.com\/doktorsiteleridemolari\/wp-content\/uploads\/2021\/09\/iconCal1.png\" alt=\"\" width=\"61\" height=\"61\" \/><\/p>\n<p style=\"text-align: center;\">Detayl\u0131 bilgi ve sorular\u0131n\u0131z i\u00e7in bizimle ileti\u015fime ge\u00e7ebilirsiniz<\/p>\n<p style=\"text-align: center;\"><i class=\"fas fa-phone\"><\/i><strong>(+9) 000 000 00 00<\/strong><\/p>\n\n\t\t<\/div>\n\t<\/div>\n<\/div><\/div><\/div><\/div><div class=\"vc_row-full-width vc_clearfix\"><\/div><\/section>\n","protected":false},"excerpt":{"rendered":"Create Your Perfect Smile There are over a thousand different named psychotherapies. Contact Us Create Your Perfect SmileThere are over","protected":false},"author":1,"featured_media":0,"parent":0,"menu_order":0,"comment_status":"closed","ping_status":"closed","template":"","meta":{"footnotes":""},"class_list":["post-300","page","type-page","status-publish","hentry"],"_links":{"self":[{"href":"https:\/\/doktorsiteleri.com\/doktorsiteleridemolari\/wp-json\/wp\/v2\/pages\/300","targetHints":{"allow":["GET"]}}],"collection":[{"href":"https:\/\/doktorsiteleri.com\/doktorsiteleridemolari\/wp-json\/wp\/v2\/pages"}],"about":[{"href":"https:\/\/doktorsiteleri.com\/doktorsiteleridemolari\/wp-json\/wp\/v2\/types\/page"}],"author":[{"embeddable":true,"href":"https:\/\/doktorsiteleri.com\/doktorsiteleridemolari\/wp-json\/wp\/v2\/users\/1"}],"replies":[{"embeddable":true,"href":"https:\/\/doktorsiteleri.com\/doktorsiteleridemolari\/wp-json\/wp\/v2\/comments?post=300"}],"version-history":[{"count":0,"href":"https:\/\/doktorsiteleri.com\/doktorsiteleridemolari\/wp-json\/wp\/v2\/pages\/300\/revisions"}],"wp:attachment":[{"href":"https:\/\/doktorsiteleri.com\/doktorsiteleridemolari\/wp-json\/wp\/v2\/media?parent=300"}],"curies":[{"name":"wp","href":"https:\/\/api.w.org\/{rel}","templated":true}]}}