{"id":796,"date":"2021-09-10T13:53:37","date_gmt":"2021-09-10T10:53:37","guid":{"rendered":"http:\/\/doktorsiteleri.com\/doktorsiteleridemolari\/?page_id=796"},"modified":"2021-10-14T11:58:30","modified_gmt":"2021-10-14T08:58:30","slug":"anasayfa-4-in-dr-4","status":"publish","type":"page","link":"https:\/\/doktorsiteleri.com\/doktorsiteleridemolari\/anasayfa-4-in-dr-4\/","title":{"rendered":"Anasayfa 4 \u2013 IN-DR-4"},"content":{"rendered":"<section class=\"vc_section anasayfa4\"><div class=\"vc_row wpb_row vc_row-fluid\"><div class=\"wpb_column vc_column_container vc_col-sm-12\"><div class=\"vc_column-inner\"><div class=\"wpb_wrapper\">\n\t\t\t<!-- START Anasayfa 4 Slider REVOLUTION SLIDER 6.5.7 --><p class=\"rs-p-wp-fix\"><\/p>\n\t\t\t<rs-module-wrap id=\"rev_slider_10_1_wrapper\" data-source=\"gallery\" style=\"visibility:hidden;background:transparent;padding:0;margin:0px auto;margin-top:0;margin-bottom:0;\">\n\t\t\t\t<rs-module id=\"rev_slider_10_1\" style=\"\" data-version=\"6.5.7\">\n\t\t\t\t\t<rs-slides>\n\t\t\t\t\t\t<rs-slide style=\"position: absolute;\" data-key=\"rs-16\" data-title=\"Slide\" data-in=\"o:0;\" data-out=\"a:false;\">\n\t\t\t\t\t\t\t<img loading=\"lazy\" decoding=\"async\" src=\"\/\/doktorsiteleri.com\/doktorsiteleridemolari\/wp-content\/plugins\/revslider\/public\/assets\/assets\/dummy.png\" alt=\"Slide\" title=\"anasayfa4Slider\" width=\"1920\" height=\"899\" class=\"rev-slidebg tp-rs-img rs-lazyload\" data-lazyload=\"\/\/doktorsiteleri.com\/doktorsiteleridemolari\/wp-content\/plugins\/revslider\/public\/assets\/assets\/transparent.png\" data-no-retina>\n<!--\n\t\t\t\t\t\t\t--><rs-layer\n\t\t\t\t\t\t\t\tid=\"slider-10-slide-16-layer-0\" \n\t\t\t\t\t\t\t\tclass=\"rev-btn\"\n\t\t\t\t\t\t\t\tdata-type=\"button\"\n\t\t\t\t\t\t\t\tdata-bsh=\"c:rgba(255,255,255,0.26);v:5px,5px,5px,0px;b:20px,20px,20px,5px;\"\n\t\t\t\t\t\t\t\tdata-rsp_ch=\"on\"\n\t\t\t\t\t\t\t\tdata-xy=\"xo:300px,300px,300px,93px;y:m;\"\n\t\t\t\t\t\t\t\tdata-text=\"w:normal;s:20,20,20,5;l:60,60,60,18;fw:500;\"\n\t\t\t\t\t\t\t\tdata-dim=\"minh:0px,0px,0px,none;\"\n\t\t\t\t\t\t\t\tdata-vbility=\"t,t,f,f\"\n\t\t\t\t\t\t\t\tdata-padding=\"r:60,60,60,19;l:60,60,60,19;\"\n\t\t\t\t\t\t\t\tdata-border=\"bor:5px,5px,5px,5px;\"\n\t\t\t\t\t\t\t\tdata-frame_999=\"o:0;st:w;\"\n\t\t\t\t\t\t\t\tdata-frame_hover=\"bgc:linear-gradient(181deg, rgba(4,133,147,1) 0%, rgba(4,132,147,1) 6.67%, rgba(5,129,146,1) 13.34%, rgba(6,124,146,1) 20.01%, rgba(8,118,144,1) 26.68%, rgba(10,111,143,1) 33.35%, rgba(12,102,142,1) 40.02%, rgba(14,93,140,1) 46.69%, rgba(16,84,139,1) 53.36%, rgba(18,75,137,1) 60.03%, rgba(21,66,136,1) 66.70%, rgba(22,59,135,1) 73.37%, rgba(24,53,134,1) 80.04%, rgba(25,48,133,1) 86.71%, rgba(26,45,132,1) 93.38%, rgba(26,44,132,1) 100%);bor:5px,5px,5px,5px;e:power1.inOut;bri:120%;\"\n\t\t\t\t\t\t\t\tstyle=\"z-index:9;background:linear-gradient(rgba(24,204,249,1) 0%, rgba(21,1,137,1) 1%, rgba(29,98,240,1) 100%);font-family:'Roboto';\"\n\t\t\t\t\t\t\t>Randevu Al  <i class=\"fa-external-link\"><\/i> \n\t\t\t\t\t\t\t<\/rs-layer><!--\n\n\t\t\t\t\t\t\t--><rs-layer\n\t\t\t\t\t\t\t\tid=\"slider-10-slide-16-layer-1\" \n\t\t\t\t\t\t\t\tdata-type=\"image\"\n\t\t\t\t\t\t\t\tdata-rsp_ch=\"on\"\n\t\t\t\t\t\t\t\tdata-text=\"w:normal;s:20,20,20,5;l:0,0,0,6;\"\n\t\t\t\t\t\t\t\tdata-dim=\"w:1920px,1920px,1920px,600px;h:899px,899px,899px,279px;\"\n\t\t\t\t\t\t\t\tdata-vbility=\"t,t,f,f\"\n\t\t\t\t\t\t\t\tdata-frame_999=\"o:0;st:w;\"\n\t\t\t\t\t\t\t\tstyle=\"z-index:8;\"\n\t\t\t\t\t\t\t><img loading=\"lazy\" decoding=\"async\" src=\"\/\/doktorsiteleri.com\/doktorsiteleridemolari\/wp-content\/plugins\/revslider\/public\/assets\/assets\/dummy.png\" class=\"tp-rs-img rs-lazyload\" width=\"1920\" height=\"899\" data-lazyload=\"\/\/doktorsiteleri.com\/doktorsiteleridemolari\/wp-content\/uploads\/2021\/09\/anasayfa4Slider.png\" data-no-retina> \n\t\t\t\t\t\t\t<\/rs-layer><!--\n\n\t\t\t\t\t\t\t--><rs-layer\n\t\t\t\t\t\t\t\tid=\"slider-10-slide-16-layer-2\" \n\t\t\t\t\t\t\t\tdata-type=\"image\"\n\t\t\t\t\t\t\t\tdata-rsp_ch=\"on\"\n\t\t\t\t\t\t\t\tdata-xy=\"x:c,c,c,l;y:m,m,m,t;\"\n\t\t\t\t\t\t\t\tdata-text=\"w:normal;s:20,20,20,5;l:0,0,0,6;\"\n\t\t\t\t\t\t\t\tdata-dim=\"w:600px,600px,600px,187px;h:600px,600px,600px,187px;maxw:none,none,none,600px;minw:none,none,none,600px;minh:none,none,none,600px;\"\n\t\t\t\t\t\t\t\tdata-vbility=\"f,f,t,t\"\n\t\t\t\t\t\t\t\tdata-frame_999=\"o:0;st:w;\"\n\t\t\t\t\t\t\t\tstyle=\"z-index:10;\"\n\t\t\t\t\t\t\t><img loading=\"lazy\" decoding=\"async\" src=\"\/\/doktorsiteleri.com\/doktorsiteleridemolari\/wp-content\/plugins\/revslider\/public\/assets\/assets\/dummy.png\" class=\"tp-rs-img rs-lazyload\" width=\"600\" height=\"600\" data-lazyload=\"\/\/doktorsiteleri.com\/doktorsiteleridemolari\/wp-content\/uploads\/2021\/09\/anasayfa4SliderMobil.png\" data-no-retina> \n\t\t\t\t\t\t\t<\/rs-layer><!--\n\n\t\t\t\t\t\t\t--><rs-layer\n\t\t\t\t\t\t\t\tid=\"slider-10-slide-16-layer-3\" \n\t\t\t\t\t\t\t\tclass=\"rev-btn\"\n\t\t\t\t\t\t\t\tdata-type=\"button\"\n\t\t\t\t\t\t\t\tdata-bsh=\"c:rgba(255,255,255,0.26);v:5px,5px,5px,0px;b:20px,20px,20px,15px;\"\n\t\t\t\t\t\t\t\tdata-rsp_ch=\"on\"\n\t\t\t\t\t\t\t\tdata-xy=\"x:c;xo:0,0,0,-168px;y:m;yo:0,0,0,224px;\"\n\t\t\t\t\t\t\t\tdata-text=\"w:normal;s:20,20,20,15;l:60,60,60,53;fw:500;\"\n\t\t\t\t\t\t\t\tdata-dim=\"minh:0px,0px,0px,none;\"\n\t\t\t\t\t\t\t\tdata-vbility=\"f,f,t,t\"\n\t\t\t\t\t\t\t\tdata-padding=\"r:60,60,60,56;l:60,60,60,56;\"\n\t\t\t\t\t\t\t\tdata-border=\"bor:5px,5px,5px,5px;\"\n\t\t\t\t\t\t\t\tdata-frame_0=\"x:0,0,0,0px;y:0,0,0,0px;\"\n\t\t\t\t\t\t\t\tdata-frame_1=\"x:0,0,0,0px;y:0,0,0,0px;\"\n\t\t\t\t\t\t\t\tdata-frame_999=\"o:0;st:w;\"\n\t\t\t\t\t\t\t\tdata-frame_hover=\"bgc:linear-gradient(181deg, rgba(4,133,147,1) 0%, rgba(4,132,147,1) 6.67%, rgba(5,129,146,1) 13.34%, rgba(6,124,146,1) 20.01%, rgba(8,118,144,1) 26.68%, rgba(10,111,143,1) 33.35%, rgba(12,102,142,1) 40.02%, rgba(14,93,140,1) 46.69%, rgba(16,84,139,1) 53.36%, rgba(18,75,137,1) 60.03%, rgba(21,66,136,1) 66.70%, rgba(22,59,135,1) 73.37%, rgba(24,53,134,1) 80.04%, rgba(25,48,133,1) 86.71%, rgba(26,45,132,1) 93.38%, rgba(26,44,132,1) 100%);bor:5px,5px,5px,5px;e:power1.inOut;bri:120%;\"\n\t\t\t\t\t\t\t\tstyle=\"z-index:11;background:linear-gradient(rgba(24,204,249,1) 0%, rgba(21,1,137,1) 1%, rgba(29,98,240,1) 100%);font-family:'Roboto';\"\n\t\t\t\t\t\t\t>Randevu Al  <i class=\"fa-external-link\"><\/i> \n\t\t\t\t\t\t\t<\/rs-layer><!--\n-->\t\t\t\t\t\t<\/rs-slide>\n\t\t\t\t\t<\/rs-slides>\n\t\t\t\t<\/rs-module>\n\t\t\t\t<script type=\"text\/javascript\">\n\t\t\t\t\tsetREVStartSize({c: 'rev_slider_10_1',rl:[1240,1240,1240,480],el:[770,770,770,600],gw:[1920,1920,1920,600],gh:[770,770,770,600],type:'standard',justify:'',layout:'fullwidth',mh:\"0\"});if (window.RS_MODULES!==undefined && window.RS_MODULES.modules!==undefined && window.RS_MODULES.modules[\"revslider101\"]!==undefined) {window.RS_MODULES.modules[\"revslider101\"].once = false;window.revapi10 = undefined;if (window.RS_MODULES.checkMinimal!==undefined) window.RS_MODULES.checkMinimal()}\n\t\t\t\t<\/script>\n\t\t\t<\/rs-module-wrap>\n\t\t\t<!-- END REVOLUTION SLIDER -->\n<\/div><\/div><\/div><\/div><div class=\"vc_row wpb_row vc_row-fluid vc_custom_1631279848269\"><div class=\"wpb_column vc_column_container vc_col-sm-12\"><div class=\"vc_column-inner\"><div class=\"wpb_wrapper\"><div class=\"vc_separator wpb_content_element vc_separator_align_center vc_sep_width_100 vc_sep_pos_align_center vc_sep_color_grey anasayfa-hizmetBaslik vc_separator-has-text\" ><span class=\"vc_sep_holder vc_sep_holder_l\"><span  class=\"vc_sep_line\"><\/span><\/span><h4>Hizmetler<\/h4><span class=\"vc_sep_holder vc_sep_holder_r\"><span  class=\"vc_sep_line\"><\/span><\/span>\n<\/div><\/div><\/div><\/div><\/div><div class=\"vc_row wpb_row vc_row-fluid hizmetKutu vc_custom_1631516604469\"><div class=\"wpb_column vc_column_container vc_col-sm-3\"><div class=\"vc_column-inner\"><div class=\"wpb_wrapper\"><div class=\"vc-hoverbox-wrapper  vc-hoverbox-shape--rounded vc-hoverbox-align--center vc-hoverbox-direction--default vc-hoverbox-width--100\"  ontouchstart=\"\">\n  <div class=\"vc-hoverbox\">\n    <div class=\"vc-hoverbox-inner\">\n      <div class=\"vc-hoverbox-block vc-hoverbox-front\" style=\"background-image: url(https:\/\/doktorsiteleri.com\/doktorsiteleridemolari\/wp-content\/uploads\/2021\/09\/iconOrnek1.png);\">\n        <div class=\"vc-hoverbox-block-inner vc-hoverbox-front-inner\">\n            \n        <\/div>\n      <\/div>\n      <div class=\"vc-hoverbox-block vc-hoverbox-back\" style=\"background-color: #eaf4fa;\">\n        <div class=\"vc-hoverbox-block-inner vc-hoverbox-back-inner\">\n            <h2 style=\"text-align:center\">Hizmet Ad\u0131<\/h2>\n            <p>Click edit button to change this text.I am text block, to change this.<\/p>\n\n            \n        <\/div>\n      <\/div>\n    <\/div>\n  <\/div>\n<\/div><\/div><\/div><\/div><div class=\"wpb_column vc_column_container vc_col-sm-3\"><div class=\"vc_column-inner\"><div class=\"wpb_wrapper\"><div class=\"vc-hoverbox-wrapper  vc-hoverbox-shape--rounded vc-hoverbox-align--center vc-hoverbox-direction--default vc-hoverbox-width--100\"  ontouchstart=\"\">\n  <div class=\"vc-hoverbox\">\n    <div class=\"vc-hoverbox-inner\">\n      <div class=\"vc-hoverbox-block vc-hoverbox-front\" style=\"background-image: url(https:\/\/doktorsiteleri.com\/doktorsiteleridemolari\/wp-content\/uploads\/2021\/09\/iconOrnek.png);\">\n        <div class=\"vc-hoverbox-block-inner vc-hoverbox-front-inner\">\n            \n        <\/div>\n      <\/div>\n      <div class=\"vc-hoverbox-block vc-hoverbox-back\" style=\"background-color: #eaf4fa;\">\n        <div class=\"vc-hoverbox-block-inner vc-hoverbox-back-inner\">\n            <h2 style=\"text-align:center\">Hizmet Ad\u0131<\/h2>\n            <p>Click edit button to change this text.I am text block, to change this.<\/p>\n\n            \n        <\/div>\n      <\/div>\n    <\/div>\n  <\/div>\n<\/div><\/div><\/div><\/div><div class=\"wpb_column vc_column_container vc_col-sm-3\"><div class=\"vc_column-inner\"><div class=\"wpb_wrapper\"><div class=\"vc-hoverbox-wrapper  vc-hoverbox-shape--rounded vc-hoverbox-align--center vc-hoverbox-direction--default vc-hoverbox-width--100\"  ontouchstart=\"\">\n  <div class=\"vc-hoverbox\">\n    <div class=\"vc-hoverbox-inner\">\n      <div class=\"vc-hoverbox-block vc-hoverbox-front\" style=\"background-image: url(https:\/\/doktorsiteleri.com\/doktorsiteleridemolari\/wp-content\/uploads\/2021\/09\/iconOrnek1.png);\">\n        <div class=\"vc-hoverbox-block-inner vc-hoverbox-front-inner\">\n            \n        <\/div>\n      <\/div>\n      <div class=\"vc-hoverbox-block vc-hoverbox-back\" style=\"background-color: #eaf4fa;\">\n        <div class=\"vc-hoverbox-block-inner vc-hoverbox-back-inner\">\n            <h2 style=\"text-align:center\">Hizmet Ad\u0131<\/h2>\n            <p>Click edit button to change this text.I am text block, to change this.<\/p>\n\n            \n        <\/div>\n      <\/div>\n    <\/div>\n  <\/div>\n<\/div><\/div><\/div><\/div><div class=\"wpb_column vc_column_container vc_col-sm-3\"><div class=\"vc_column-inner\"><div class=\"wpb_wrapper\"><div class=\"vc-hoverbox-wrapper  vc-hoverbox-shape--rounded vc-hoverbox-align--center vc-hoverbox-direction--default vc-hoverbox-width--100\"  ontouchstart=\"\">\n  <div class=\"vc-hoverbox\">\n    <div class=\"vc-hoverbox-inner\">\n      <div class=\"vc-hoverbox-block vc-hoverbox-front\" style=\"background-image: url(https:\/\/doktorsiteleri.com\/doktorsiteleridemolari\/wp-content\/uploads\/2021\/09\/iconOrnek.png);\">\n        <div class=\"vc-hoverbox-block-inner vc-hoverbox-front-inner\">\n            \n        <\/div>\n      <\/div>\n      <div class=\"vc-hoverbox-block vc-hoverbox-back\" style=\"background-color: #eaf4fa;\">\n        <div class=\"vc-hoverbox-block-inner vc-hoverbox-back-inner\">\n            <h2 style=\"text-align:center\">Hizmet Ad\u0131<\/h2>\n            <p>Click edit button to change this text.I am text block, to change this.<\/p>\n\n            \n        <\/div>\n      <\/div>\n    <\/div>\n  <\/div>\n<\/div><\/div><\/div><\/div><\/div><div class=\"vc_row wpb_row vc_row-fluid doktorText vc_custom_1631517273371\"><div class=\"wpb_column vc_column_container vc_col-sm-6\"><div class=\"vc_column-inner\"><div class=\"wpb_wrapper\"><div class=\"vc_separator wpb_content_element vc_separator_align_left vc_sep_width_100 vc_sep_pos_align_center vc_sep_color_grey vc_separator-has-text\" ><span class=\"vc_sep_holder vc_sep_holder_l\"><span  class=\"vc_sep_line\"><\/span><\/span><h4>Hakk\u0131mda<\/h4><span class=\"vc_sep_holder vc_sep_holder_r\"><span  class=\"vc_sep_line\"><\/span><\/span>\n<\/div>\n\t<div class=\"wpb_text_column wpb_content_element\" >\n\t\t<div class=\"wpb_wrapper\">\n\t\t\t<p>Click edit button to change this text. Lorem ipsum dolor sit amet, consectetur adipiscing elit. Ut elit tellus, luctus nec ullamcorper mattis, pulvinar dapibus leo.I am text block.\u00a0Click edit button to change this text. Lorem ipsum dolor sit amet, consectetur adipiscing elit. Ut elit tellus, luctus nec ullamcorper mattis, pulvinar dapibus leo.I am text block.Click edit button to change this text. Lorem ipsum dolor sit amet, consectetur adipiscing elit.<\/p>\n<p>&nbsp;<\/p>\n<p>Ut elit tellus, luctus nec ullamcorper mattis, pulvinar dapibus leo.I am text block.\u00a0Click edit button to change this text. Lorem ipsum dolor sit amet, consectetur adipiscing elit. Ut elit tellus, luctus nec ullamcorper mattis, pulvinar dapibus leo.I am text block.<\/p>\n\n\t\t<\/div>\n\t<\/div>\n<\/div><\/div><\/div><div class=\"wpb_column vc_column_container vc_col-sm-6\"><div class=\"vc_column-inner\"><div class=\"wpb_wrapper\">\n\t<div  class=\"wpb_single_image wpb_content_element vc_align_center\">\n\t\t\n\t\t<figure class=\"wpb_wrapper vc_figure\">\n\t\t\t<div class=\"vc_single_image-wrapper   vc_box_border_grey\"><img loading=\"lazy\" decoding=\"async\" width=\"1000\" height=\"800\" src=\"https:\/\/doktorsiteleri.com\/doktorsiteleridemolari\/wp-content\/uploads\/2021\/09\/hakkimizda.gif\" class=\"vc_single_image-img attachment-full\" alt=\"\" \/><\/div>\n\t\t<\/figure>\n\t<\/div>\n<\/div><\/div><\/div><\/div><div data-vc-full-width=\"true\" data-vc-full-width-init=\"false\" data-vc-stretch-content=\"true\" class=\"vc_row wpb_row vc_row-fluid arkaplan4\"><div class=\"wpb_column vc_column_container vc_col-sm-12\"><div class=\"vc_column-inner\"><div class=\"wpb_wrapper\">\n\t<div  class=\"wpb_single_image wpb_content_element vc_align_center index1\">\n\t\t\n\t\t<figure class=\"wpb_wrapper vc_figure\">\n\t\t\t<div class=\"vc_single_image-wrapper   vc_box_border_grey\"><img loading=\"lazy\" decoding=\"async\" width=\"2560\" height=\"1133\" src=\"https:\/\/doktorsiteleri.com\/doktorsiteleridemolari\/wp-content\/uploads\/2021\/09\/anasayfa-4-backgorund-scaled.jpg\" class=\"vc_single_image-img attachment-full\" alt=\"\" srcset=\"https:\/\/doktorsiteleri.com\/doktorsiteleridemolari\/wp-content\/uploads\/2021\/09\/anasayfa-4-backgorund-scaled.jpg 2560w, https:\/\/doktorsiteleri.com\/doktorsiteleridemolari\/wp-content\/uploads\/2021\/09\/anasayfa-4-backgorund-300x133.jpg 300w, https:\/\/doktorsiteleri.com\/doktorsiteleridemolari\/wp-content\/uploads\/2021\/09\/anasayfa-4-backgorund-1024x453.jpg 1024w, https:\/\/doktorsiteleri.com\/doktorsiteleridemolari\/wp-content\/uploads\/2021\/09\/anasayfa-4-backgorund-768x340.jpg 768w, https:\/\/doktorsiteleri.com\/doktorsiteleridemolari\/wp-content\/uploads\/2021\/09\/anasayfa-4-backgorund-1536x680.jpg 1536w, https:\/\/doktorsiteleri.com\/doktorsiteleridemolari\/wp-content\/uploads\/2021\/09\/anasayfa-4-backgorund-2048x907.jpg 2048w\" sizes=\"auto, (max-width: 2560px) 100vw, 2560px\" \/><\/div>\n\t\t<\/figure>\n\t<\/div>\n<\/div><\/div><\/div><\/div><div class=\"vc_row-full-width vc_clearfix\"><\/div><\/section><section class=\"vc_section moveUp1 anasayfa4-1\"><div class=\"vc_row wpb_row vc_row-fluid move1\"><div class=\"wpb_column vc_column_container vc_col-sm-12\"><div class=\"vc_column-inner\"><div class=\"wpb_wrapper\"><div class=\"vc_row wpb_row vc_inner vc_row-fluid backMove vc_custom_1631279134748\"><div class=\"wpb_column vc_column_container vc_col-sm-12\"><div class=\"vc_column-inner\"><div class=\"wpb_wrapper\"><div class=\"vc_separator wpb_content_element vc_separator_align_center vc_sep_width_100 vc_sep_pos_align_center vc_sep_color_grey vc_custom_1631279086978 vc_separator-has-text\" ><span class=\"vc_sep_holder vc_sep_holder_l\"><span  class=\"vc_sep_line\"><\/span><\/span><h4>Galeri<\/h4><span class=\"vc_sep_holder vc_sep_holder_r\"><span  class=\"vc_sep_line\"><\/span><\/span>\n<\/div><\/div><\/div><\/div><\/div>\n\t<div class=\"wpb_text_column wpb_content_element vc_custom_1631276049247 backText\" >\n\t\t<div class=\"wpb_wrapper\">\n\t\t\t<h3 style=\"text-align: center;\">I am text block. Click edit button to change this text.<\/h3>\n\n\t\t<\/div>\n\t<\/div>\n<div class=\"vc_row wpb_row vc_inner vc_row-fluid backMove vc_custom_1631279141536\"><div class=\"wpb_column vc_column_container vc_col-sm-3\"><div class=\"vc_column-inner\"><div class=\"wpb_wrapper\">\n\t<div  class=\"wpb_single_image wpb_content_element vc_align_left\">\n\t\t\n\t\t<figure class=\"wpb_wrapper vc_figure\">\n\t\t\t<div class=\"vc_single_image-wrapper   vc_box_border_grey\"><img loading=\"lazy\" decoding=\"async\" width=\"250\" height=\"250\" src=\"https:\/\/doktorsiteleri.com\/doktorsiteleridemolari\/wp-content\/uploads\/2021\/09\/dentist-4.png\" class=\"vc_single_image-img attachment-medium\" alt=\"\" srcset=\"https:\/\/doktorsiteleri.com\/doktorsiteleridemolari\/wp-content\/uploads\/2021\/09\/dentist-4.png 250w, https:\/\/doktorsiteleri.com\/doktorsiteleridemolari\/wp-content\/uploads\/2021\/09\/dentist-4-150x150.png 150w\" sizes=\"auto, (max-width: 250px) 100vw, 250px\" \/><\/div>\n\t\t<\/figure>\n\t<\/div>\n\n\t<div  class=\"wpb_single_image wpb_content_element vc_align_left\">\n\t\t\n\t\t<figure class=\"wpb_wrapper vc_figure\">\n\t\t\t<div class=\"vc_single_image-wrapper   vc_box_border_grey\"><img loading=\"lazy\" decoding=\"async\" width=\"250\" height=\"250\" src=\"https:\/\/doktorsiteleri.com\/doktorsiteleridemolari\/wp-content\/uploads\/2021\/09\/dentist-4.png\" class=\"vc_single_image-img attachment-medium\" alt=\"\" srcset=\"https:\/\/doktorsiteleri.com\/doktorsiteleridemolari\/wp-content\/uploads\/2021\/09\/dentist-4.png 250w, https:\/\/doktorsiteleri.com\/doktorsiteleridemolari\/wp-content\/uploads\/2021\/09\/dentist-4-150x150.png 150w\" sizes=\"auto, (max-width: 250px) 100vw, 250px\" \/><\/div>\n\t\t<\/figure>\n\t<\/div>\n<\/div><\/div><\/div><div class=\"wpb_column vc_column_container vc_col-sm-3\"><div class=\"vc_column-inner\"><div class=\"wpb_wrapper\">\n\t<div  class=\"wpb_single_image wpb_content_element vc_align_left\">\n\t\t\n\t\t<figure class=\"wpb_wrapper vc_figure\">\n\t\t\t<div class=\"vc_single_image-wrapper   vc_box_border_grey\"><img loading=\"lazy\" decoding=\"async\" width=\"250\" height=\"250\" src=\"https:\/\/doktorsiteleri.com\/doktorsiteleridemolari\/wp-content\/uploads\/2021\/09\/dentist-4.png\" class=\"vc_single_image-img attachment-medium\" alt=\"\" srcset=\"https:\/\/doktorsiteleri.com\/doktorsiteleridemolari\/wp-content\/uploads\/2021\/09\/dentist-4.png 250w, https:\/\/doktorsiteleri.com\/doktorsiteleridemolari\/wp-content\/uploads\/2021\/09\/dentist-4-150x150.png 150w\" sizes=\"auto, (max-width: 250px) 100vw, 250px\" \/><\/div>\n\t\t<\/figure>\n\t<\/div>\n\n\t<div  class=\"wpb_single_image wpb_content_element vc_align_left\">\n\t\t\n\t\t<figure class=\"wpb_wrapper vc_figure\">\n\t\t\t<div class=\"vc_single_image-wrapper   vc_box_border_grey\"><img loading=\"lazy\" decoding=\"async\" width=\"250\" height=\"250\" src=\"https:\/\/doktorsiteleri.com\/doktorsiteleridemolari\/wp-content\/uploads\/2021\/09\/dentist-4.png\" class=\"vc_single_image-img attachment-medium\" alt=\"\" srcset=\"https:\/\/doktorsiteleri.com\/doktorsiteleridemolari\/wp-content\/uploads\/2021\/09\/dentist-4.png 250w, https:\/\/doktorsiteleri.com\/doktorsiteleridemolari\/wp-content\/uploads\/2021\/09\/dentist-4-150x150.png 150w\" sizes=\"auto, (max-width: 250px) 100vw, 250px\" \/><\/div>\n\t\t<\/figure>\n\t<\/div>\n<\/div><\/div><\/div><div class=\"wpb_column vc_column_container vc_col-sm-3\"><div class=\"vc_column-inner\"><div class=\"wpb_wrapper\">\n\t<div  class=\"wpb_single_image wpb_content_element vc_align_left\">\n\t\t\n\t\t<figure class=\"wpb_wrapper vc_figure\">\n\t\t\t<div class=\"vc_single_image-wrapper   vc_box_border_grey\"><img loading=\"lazy\" decoding=\"async\" width=\"250\" height=\"250\" src=\"https:\/\/doktorsiteleri.com\/doktorsiteleridemolari\/wp-content\/uploads\/2021\/09\/dentist-4.png\" class=\"vc_single_image-img attachment-medium\" alt=\"\" srcset=\"https:\/\/doktorsiteleri.com\/doktorsiteleridemolari\/wp-content\/uploads\/2021\/09\/dentist-4.png 250w, https:\/\/doktorsiteleri.com\/doktorsiteleridemolari\/wp-content\/uploads\/2021\/09\/dentist-4-150x150.png 150w\" sizes=\"auto, (max-width: 250px) 100vw, 250px\" \/><\/div>\n\t\t<\/figure>\n\t<\/div>\n\n\t<div  class=\"wpb_single_image wpb_content_element vc_align_left\">\n\t\t\n\t\t<figure class=\"wpb_wrapper vc_figure\">\n\t\t\t<div class=\"vc_single_image-wrapper   vc_box_border_grey\"><img loading=\"lazy\" decoding=\"async\" width=\"250\" height=\"250\" src=\"https:\/\/doktorsiteleri.com\/doktorsiteleridemolari\/wp-content\/uploads\/2021\/09\/dentist-4.png\" class=\"vc_single_image-img attachment-medium\" alt=\"\" srcset=\"https:\/\/doktorsiteleri.com\/doktorsiteleridemolari\/wp-content\/uploads\/2021\/09\/dentist-4.png 250w, https:\/\/doktorsiteleri.com\/doktorsiteleridemolari\/wp-content\/uploads\/2021\/09\/dentist-4-150x150.png 150w\" sizes=\"auto, (max-width: 250px) 100vw, 250px\" \/><\/div>\n\t\t<\/figure>\n\t<\/div>\n<\/div><\/div><\/div><div class=\"wpb_column vc_column_container vc_col-sm-3\"><div class=\"vc_column-inner\"><div class=\"wpb_wrapper\">\n\t<div  class=\"wpb_single_image wpb_content_element vc_align_left\">\n\t\t\n\t\t<figure class=\"wpb_wrapper vc_figure\">\n\t\t\t<div class=\"vc_single_image-wrapper   vc_box_border_grey\"><img loading=\"lazy\" decoding=\"async\" width=\"250\" height=\"250\" src=\"https:\/\/doktorsiteleri.com\/doktorsiteleridemolari\/wp-content\/uploads\/2021\/09\/dentist-4.png\" class=\"vc_single_image-img attachment-medium\" alt=\"\" srcset=\"https:\/\/doktorsiteleri.com\/doktorsiteleridemolari\/wp-content\/uploads\/2021\/09\/dentist-4.png 250w, https:\/\/doktorsiteleri.com\/doktorsiteleridemolari\/wp-content\/uploads\/2021\/09\/dentist-4-150x150.png 150w\" sizes=\"auto, (max-width: 250px) 100vw, 250px\" \/><\/div>\n\t\t<\/figure>\n\t<\/div>\n\n\t<div  class=\"wpb_single_image wpb_content_element vc_align_left\">\n\t\t\n\t\t<figure class=\"wpb_wrapper vc_figure\">\n\t\t\t<div class=\"vc_single_image-wrapper   vc_box_border_grey\"><img loading=\"lazy\" decoding=\"async\" width=\"250\" height=\"250\" src=\"https:\/\/doktorsiteleri.com\/doktorsiteleridemolari\/wp-content\/uploads\/2021\/09\/dentist-4.png\" class=\"vc_single_image-img attachment-medium\" alt=\"\" srcset=\"https:\/\/doktorsiteleri.com\/doktorsiteleridemolari\/wp-content\/uploads\/2021\/09\/dentist-4.png 250w, https:\/\/doktorsiteleri.com\/doktorsiteleridemolari\/wp-content\/uploads\/2021\/09\/dentist-4-150x150.png 150w\" sizes=\"auto, (max-width: 250px) 100vw, 250px\" \/><\/div>\n\t\t<\/figure>\n\t<\/div>\n<\/div><\/div><\/div><\/div><div class=\"vc_row wpb_row vc_inner vc_row-fluid vc_row-o-content-middle vc_row-flex\"><div class=\"wpb_column btn-anasayfa4 vc_column_container vc_col-sm-12\"><div class=\"vc_column-inner\"><div class=\"wpb_wrapper\"><div class=\"vc_btn3-container vc_btn3-center\" ><button class=\"vc_general vc_btn3 vc_btn3-size-md vc_btn3-shape-square vc_btn3-style-classic vc_btn3-color-grey\">Daha Dazlas\u0131 \u0130\u00e7in<\/button><\/div><\/div><\/div><\/div><\/div><\/div><\/div><\/div><\/div><\/section>\n","protected":false},"excerpt":{"rendered":"Randevu Al Randevu Al Hizmetler Hizmet Ad\u0131 Click edit button to change this text.I am text block, to change this.","protected":false},"author":1,"featured_media":0,"parent":0,"menu_order":0,"comment_status":"closed","ping_status":"closed","template":"","meta":{"footnotes":""},"class_list":["post-796","page","type-page","status-publish","hentry"],"_links":{"self":[{"href":"https:\/\/doktorsiteleri.com\/doktorsiteleridemolari\/wp-json\/wp\/v2\/pages\/796","targetHints":{"allow":["GET"]}}],"collection":[{"href":"https:\/\/doktorsiteleri.com\/doktorsiteleridemolari\/wp-json\/wp\/v2\/pages"}],"about":[{"href":"https:\/\/doktorsiteleri.com\/doktorsiteleridemolari\/wp-json\/wp\/v2\/types\/page"}],"author":[{"embeddable":true,"href":"https:\/\/doktorsiteleri.com\/doktorsiteleridemolari\/wp-json\/wp\/v2\/users\/1"}],"replies":[{"embeddable":true,"href":"https:\/\/doktorsiteleri.com\/doktorsiteleridemolari\/wp-json\/wp\/v2\/comments?post=796"}],"version-history":[{"count":0,"href":"https:\/\/doktorsiteleri.com\/doktorsiteleridemolari\/wp-json\/wp\/v2\/pages\/796\/revisions"}],"wp:attachment":[{"href":"https:\/\/doktorsiteleri.com\/doktorsiteleridemolari\/wp-json\/wp\/v2\/media?parent=796"}],"curies":[{"name":"wp","href":"https:\/\/api.w.org\/{rel}","templated":true}]}}